{"id":7054,"date":"2023-07-07T20:22:57","date_gmt":"2023-07-07T19:22:57","guid":{"rendered":"https:\/\/arikae.com\/?post_type=product&#038;p=7054"},"modified":"2023-07-07T20:53:56","modified_gmt":"2023-07-07T19:53:56","slug":"vs-dolor-articular-suplemento-60-capletas-1g","status":"publish","type":"product","link":"https:\/\/arikae.com\/index.php\/product\/vs-dolor-articular-suplemento-60-capletas-1g\/","title":{"rendered":"Vs Dolor Articular Suplemento 60 Capletas 1g."},"content":{"rendered":"<h1>Vs Dolor Articular Suplemento 60 Capletas 1g. Anti-Inflamatorio, Dolor Articular, Dolor de Espalda y M\u00fasculos Cansados<\/h1>\n<p>Suplemento Vs Dolor es un producto de r\u00e1pida absorci\u00f3n para evitar las molestias en las articulaciones, cabeza, muscular, dolor leve de artritis, muelas, espalda, el resfriado com\u00fan, etc. Permite prevenir lesiones articulares o el agravamiento de las mismas contribuyendo a la disminuci\u00f3n de los dolores. Lo pueden utilizar personas cuyo desgaste derivado por la edad sea elevado. Esta formulado con las mejores plantas con acci\u00f3n analg\u00e9sica y antiinflamatoria, adem\u00e1s ahora esta reforzada con C\u00farcuma que como ya sabemos esta planta tiene como ingrediente activo la curcumina, que tiene potentes efectos antiinflamatorios y antioxidantes.<\/p>\n<p>La curcumina es el principal ingrediente activo de la c\u00farcuma, y es la responsable de su color amarillo. Se ha utilizado en la medicina tradicional india y china durante siglos.<\/p>\n<h2><strong>Beneficios del Suplemento Vs Dolor:<\/strong><\/h2>\n<ul>\n<li>Permite mantener a las articulaciones sanas y saludables.<\/li>\n<li>Estimula la formaci\u00f3n y reparaci\u00f3n del cart\u00edlago articular.<\/li>\n<li>Proporciona elasticidad al cart\u00edlago.<\/li>\n<li>Previene el desgaste de las articulaciones.<\/li>\n<li>Tiene un efecto antiinflamatorio.<\/li>\n<li>Ayuda al actuar sobre la inflamaci\u00f3n de las venas varicosas en las piernas.<\/li>\n<li>Prevenir lesiones articulares o el agravamiento de las mismas.<\/li>\n<\/ul>\n<h2><strong>Ingredientes:<\/strong><\/h2>\n<ul>\n<li>Glucosamina.<\/li>\n<li>MSM.<\/li>\n<li>Condroitina.<\/li>\n<li>Col\u00e1geno Hidrolizado.<\/li>\n<li>\u00c1cido Hialur\u00f3nico.<\/li>\n<li>C\u00farcuma.<\/li>\n<li>Calcio + Vitamina D.<\/li>\n<li>Minerales.<\/li>\n<li>Ortiga.<\/li>\n<li>Cart\u00edlago de Tibur\u00f3n.<\/li>\n<\/ul>\n<h2>Modo de uso<\/h2>\n<h3>V\u00eda oral:<\/h3>\n<p>Tomar 2 capletas 3 veces al d\u00eda acompa\u00f1ada de los alimentos.<\/p>\n<h2>Precauciones:<\/h2>\n<ul>\n<li>No ingerir este producto en caso de embarazo o lactancia.<\/li>\n<li>Es responsabilidad de quien lo consuma o lo recomienda.<\/li>\n<li>No est\u00e1 aprobado por la FDA.<\/li>\n<li>Los resultados pueden variar.<\/li>\n<\/ul>\n","protected":false},"excerpt":{"rendered":"<p>Vs Dolor Articular Suplemento 60 Capletas 1g. Anti-Inflamatorio, Dolor Articular, Dolor de Espalda y M\u00fasculos Cansados Suplemento Vs Dolor es un producto de r\u00e1pida absorci\u00f3n para evitar las molestias en las articulaciones, cabeza, muscular, dolor leve de artritis, muelas, espalda, el resfriado com\u00fan, etc. Permite prevenir lesiones articulares o el agravamiento de las mismas contribuyendo &hellip; <br \/><a href=\"https:\/\/arikae.com\/index.php\/product\/vs-dolor-articular-suplemento-60-capletas-1g\/\" class=\"more-link\">Continue reading <span class=\"screen-reader-text\">Vs Dolor Articular Suplemento 60 Capletas 1g.<\/span><\/a><\/p>\n","protected":false},"featured_media":7085,"comment_status":"open","ping_status":"closed","template":"","meta":[],"product_cat":[90],"product_tag":[],"_links":{"self":[{"href":"https:\/\/arikae.com\/index.php\/wp-json\/wp\/v2\/product\/7054"}],"collection":[{"href":"https:\/\/arikae.com\/index.php\/wp-json\/wp\/v2\/product"}],"about":[{"href":"https:\/\/arikae.com\/index.php\/wp-json\/wp\/v2\/types\/product"}],"replies":[{"embeddable":true,"href":"https:\/\/arikae.com\/index.php\/wp-json\/wp\/v2\/comments?post=7054"}],"wp:featuredmedia":[{"embeddable":true,"href":"https:\/\/arikae.com\/index.php\/wp-json\/wp\/v2\/media\/7085"}],"wp:attachment":[{"href":"https:\/\/arikae.com\/index.php\/wp-json\/wp\/v2\/media?parent=7054"}],"wp:term":[{"taxonomy":"product_cat","embeddable":true,"href":"https:\/\/arikae.com\/index.php\/wp-json\/wp\/v2\/product_cat?post=7054"},{"taxonomy":"product_tag","embeddable":true,"href":"https:\/\/arikae.com\/index.php\/wp-json\/wp\/v2\/product_tag?post=7054"}],"curies":[{"name":"wp","href":"https:\/\/api.w.org\/{rel}","templated":true}]}}