{"id":7056,"date":"2023-07-07T20:22:58","date_gmt":"2023-07-07T19:22:58","guid":{"rendered":"https:\/\/arikae.com\/?post_type=product&#038;p=7056"},"modified":"2023-07-08T21:14:32","modified_gmt":"2023-07-08T20:14:32","slug":"moringa-extra-forte-60-capletas-1g","status":"publish","type":"product","link":"https:\/\/arikae.com\/index.php\/product\/moringa-extra-forte-60-capletas-1g\/","title":{"rendered":"Moringa Extra Forte 60 Capletas 1g."},"content":{"rendered":"<h1>Moringa Extra Forte 60 Capletas 1g. Capletas de Moringa Olifera para e Sistema Inmunol\u00f3gico, Mejor Sistema Circulatorio<\/h1>\n<p>La Moringa oleifera es un popular superalimento con muchos beneficios para la salud. Tiene un alto contenido en vitaminas y minerales, as\u00ed como potentes propiedades antiinflamatorias y antioxidantes. Es rica en vitamina A, importante para la visi\u00f3n, la salud de la piel y la inmunidad. Tambi\u00e9n contiene altos niveles de vitaminas C y E, que son potentes antioxidantes que pueden ayudar a proteger el cuerpo de los da\u00f1os causados por los radicales libres.<\/p>\n<p>La moringa es una buena fuente de prote\u00ednas y contiene todos los amino\u00e1cidos esenciales que el cuerpo necesita para construir y reparar los tejidos. Tambi\u00e9n es rica en fibra, importante para la salud digestiva. Tambi\u00e9n tiene potentes efectos antiinflamatorios. En un estudio, el extracto de moringa result\u00f3 ser tan eficaz como el antiinflamatorio diclofenaco para reducir la inflamaci\u00f3n y el dolor en ratas. La moringa tambi\u00e9n es rica en antioxidantes, que pueden ayudar a proteger el cuerpo de los da\u00f1os causados por los radicales libres. En un estudio, el extracto de moringa result\u00f3 ser m\u00e1s eficaz que la vitamina C para eliminar los radicales libres. La moringa tiene una amplia gama de beneficios para la salud, y es una gran adici\u00f3n a cualquier dieta. Es especialmente beneficiosa para las personas con riesgo de carencia de vitaminas y minerales, y para las que quieren mejorar su salud en general.<\/p>\n<h2>Beneficios del Suplemento de Moringa Extra Forte:<\/h2>\n<ul>\n<li>Ayuda a incrementar las defensas del cuerpo.<\/li>\n<li>Ayuda a controlar los niveles elevados de colesterol.<\/li>\n<li>Ayuda al buen funcionamiento del h\u00edgado y ri\u00f1\u00f3n.<\/li>\n<li>Ayuda a proporcionar energ\u00eda y aumenta la memoria.<\/li>\n<li>Promueve una correcta digesti\u00f3n.<\/li>\n<li>Ayuda al sistema circulatorio.<\/li>\n<\/ul>\n<h2><strong>Ingredientes:<\/strong><\/h2>\n<ul style=\"list-style-type: square;\">\n<li>Moringa.<\/li>\n<li>Noni.<\/li>\n<li>Granada.<\/li>\n<li>Camu Camu.<\/li>\n<li>Mangosten.<\/li>\n<li>Guan\u00e1bana.<\/li>\n<li>Semilla de uva.<\/li>\n<li>U\u00f1a de gato.<\/li>\n<\/ul>\n<h2>Modo de uso<\/h2>\n<h3>V\u00eda oral:<\/h3>\n<p>Tomar 2 capletas 3 veces al d\u00eda acompa\u00f1ada de los alimentos.<\/p>\n<h2>Precauciones:<\/h2>\n<ul>\n<li>No ingerir este producto en caso de embarazo o lactancia.<\/li>\n<li>Es responsabilidad de quien lo consuma o lo recomienda.<\/li>\n<li>No est\u00e1 aprobado por la FDA.<\/li>\n<li>Los resultados pueden variar.<\/li>\n<\/ul>\n","protected":false},"excerpt":{"rendered":"<p>Moringa Extra Forte 60 Capletas 1g. Capletas de Moringa Olifera para e Sistema Inmunol\u00f3gico, Mejor Sistema Circulatorio La Moringa oleifera es un popular superalimento con muchos beneficios para la salud. Tiene un alto contenido en vitaminas y minerales, as\u00ed como potentes propiedades antiinflamatorias y antioxidantes. Es rica en vitamina A, importante para la visi\u00f3n, la &hellip; <br \/><a href=\"https:\/\/arikae.com\/index.php\/product\/moringa-extra-forte-60-capletas-1g\/\" class=\"more-link\">Continue reading <span class=\"screen-reader-text\">Moringa Extra Forte 60 Capletas 1g.<\/span><\/a><\/p>\n","protected":false},"featured_media":7308,"comment_status":"open","ping_status":"closed","template":"","meta":[],"product_cat":[90],"product_tag":[],"_links":{"self":[{"href":"https:\/\/arikae.com\/index.php\/wp-json\/wp\/v2\/product\/7056"}],"collection":[{"href":"https:\/\/arikae.com\/index.php\/wp-json\/wp\/v2\/product"}],"about":[{"href":"https:\/\/arikae.com\/index.php\/wp-json\/wp\/v2\/types\/product"}],"replies":[{"embeddable":true,"href":"https:\/\/arikae.com\/index.php\/wp-json\/wp\/v2\/comments?post=7056"}],"wp:featuredmedia":[{"embeddable":true,"href":"https:\/\/arikae.com\/index.php\/wp-json\/wp\/v2\/media\/7308"}],"wp:attachment":[{"href":"https:\/\/arikae.com\/index.php\/wp-json\/wp\/v2\/media?parent=7056"}],"wp:term":[{"taxonomy":"product_cat","embeddable":true,"href":"https:\/\/arikae.com\/index.php\/wp-json\/wp\/v2\/product_cat?post=7056"},{"taxonomy":"product_tag","embeddable":true,"href":"https:\/\/arikae.com\/index.php\/wp-json\/wp\/v2\/product_tag?post=7056"}],"curies":[{"name":"wp","href":"https:\/\/api.w.org\/{rel}","templated":true}]}}