{"id":7058,"date":"2023-07-07T20:22:58","date_gmt":"2023-07-07T19:22:58","guid":{"rendered":"https:\/\/arikae.com\/?post_type=product&#038;p=7058"},"modified":"2023-07-08T21:16:02","modified_gmt":"2023-07-08T20:16:02","slug":"ajo-negro-suplemento-60-capletas-1g","status":"publish","type":"product","link":"https:\/\/arikae.com\/index.php\/product\/ajo-negro-suplemento-60-capletas-1g\/","title":{"rendered":"Ajo Negro Suplemento 60 Capletas 1g."},"content":{"rendered":"<h1>Ajo Negro Suplemento 60 Capletas 1g. Mejor Sistema Inmunitario, Dolor e Inflamaci\u00f3n Articular, F\u00f3rmula Original Natural de Mexico<\/h1>\n<p>Cuando se habla de ajo, la mayor\u00eda de la gente piensa en los dientes blancos o p\u00e1lidos que se utilizan en la cocina. Pero \u00bfsab\u00eda que hay otro tipo de ajo que ofrece a\u00fan m\u00e1s beneficios para la salud? Se llama ajo negro, y est\u00e1 ganando popularidad por su sabor \u00fanico y sus propiedades saludables. El ajo negro se elabora fermentando dientes de ajo normales en condiciones controladas. Este proceso cambia el color, la textura y el sabor de los dientes.<\/p>\n<p>El ajo negro tiene un sabor m\u00e1s dulce y suave que su hom\u00f3logo blanco, y puede utilizarse tanto en platos dulces como salados. Pero la verdadera raz\u00f3n por la que el ajo negro est\u00e1 ganando popularidad es por sus beneficios para la salud. Numerosos estudios han demostrado que el ajo negro tiene potentes propiedades antioxidantes y antiinflamatorias. Tambi\u00e9n se ha demostrado que refuerza el sistema inmunitario y mejora la salud del coraz\u00f3n. Para aprovechar todos estos beneficios te recomendamos el Suplemento Super Ajo Negro.<\/p>\n<h2>Beneficios del Ajo Negro:<\/h2>\n<ul>\n<li><strong>Antioxidante<\/strong>, que frena la acci\u00f3n de los radicales libres que causan el envejecimiento.<\/li>\n<li><strong>Estimulante del proceso digestivo<\/strong>, pues es f\u00e1cilmente diferible.<\/li>\n<li><strong>Energizante<\/strong>.<\/li>\n<li><strong>Fortalecedor del sistema inmune<\/strong>, gracias a su contenido de vitamina C.<\/li>\n<li><strong>Eliminador de problemas digestivos<\/strong>, tales como diarrea y estre\u00f1imiento.<\/li>\n<li><strong>Nutritivo,<\/strong>\u00a0por su contenido de yodo, calcio, potasio, f\u00f3sforo, azufre y vitaminas B1, B2, B3 y C.<\/li>\n<li><strong>Antimicrobiano,<\/strong>\u00a0que ataca las bacterias y previene su desarrollo en el organismo.<\/li>\n<li><strong>Favorecedor de la circulaci\u00f3n<\/strong>, ayudando a reducir problemas en los m\u00fasculos y las articulaciones.<\/li>\n<li><strong>Potencialmente \u00fatil para mejorar el sistema respiratorio<\/strong><\/li>\n<li><strong>Dolor e inflamaci\u00f3n de articulaciones<\/strong><\/li>\n<li><strong>Reduce el desgaste de huesos<\/strong><\/li>\n<li><strong>Controla alta y baja presi\u00f3n<\/strong><\/li>\n<li><strong>Nivela el colesterol alto<\/strong><\/li>\n<li><strong>Reduce dolores de cabeza y migra\u00f1a<\/strong><\/li>\n<li><strong>Limpia la sangre<\/strong><\/li>\n<li><strong>Combate alergias<\/strong><\/li>\n<\/ul>\n<h2><strong>Ingredientes:<\/strong><\/h2>\n<ul>\n<li>Aceite de Ajo Negro Deodorizado (Allium sativum)<\/li>\n<li>Esterato de Magnesio<\/li>\n<li>Celulosa Microcristalina<\/li>\n<li>Dextrosa<\/li>\n<li>Croscaramelosa.<\/li>\n<\/ul>\n<h2>Modo de uso<\/h2>\n<h3>V\u00eda oral:<\/h3>\n<p>Tomar 2 capletas 3 veces al d\u00eda acompa\u00f1ada de los alimentos.<\/p>\n<h2>Precauciones:<\/h2>\n<ul>\n<li>No ingerir este producto en caso de embarazo o lactancia.<\/li>\n<li>Es responsabilidad de quien lo consuma o lo recomienda.<\/li>\n<li>No est\u00e1 aprobado por la FDA.<\/li>\n<li>Los resultados pueden variar.<\/li>\n<\/ul>\n","protected":false},"excerpt":{"rendered":"<p>Ajo Negro Suplemento 60 Capletas 1g. Mejor Sistema Inmunitario, Dolor e Inflamaci\u00f3n Articular, F\u00f3rmula Original Natural de Mexico Cuando se habla de ajo, la mayor\u00eda de la gente piensa en los dientes blancos o p\u00e1lidos que se utilizan en la cocina. Pero \u00bfsab\u00eda que hay otro tipo de ajo que ofrece a\u00fan m\u00e1s beneficios para &hellip; <br \/><a href=\"https:\/\/arikae.com\/index.php\/product\/ajo-negro-suplemento-60-capletas-1g\/\" class=\"more-link\">Continue reading <span class=\"screen-reader-text\">Ajo Negro Suplemento 60 Capletas 1g.<\/span><\/a><\/p>\n","protected":false},"featured_media":7309,"comment_status":"open","ping_status":"closed","template":"","meta":[],"product_cat":[90],"product_tag":[],"_links":{"self":[{"href":"https:\/\/arikae.com\/index.php\/wp-json\/wp\/v2\/product\/7058"}],"collection":[{"href":"https:\/\/arikae.com\/index.php\/wp-json\/wp\/v2\/product"}],"about":[{"href":"https:\/\/arikae.com\/index.php\/wp-json\/wp\/v2\/types\/product"}],"replies":[{"embeddable":true,"href":"https:\/\/arikae.com\/index.php\/wp-json\/wp\/v2\/comments?post=7058"}],"wp:featuredmedia":[{"embeddable":true,"href":"https:\/\/arikae.com\/index.php\/wp-json\/wp\/v2\/media\/7309"}],"wp:attachment":[{"href":"https:\/\/arikae.com\/index.php\/wp-json\/wp\/v2\/media?parent=7058"}],"wp:term":[{"taxonomy":"product_cat","embeddable":true,"href":"https:\/\/arikae.com\/index.php\/wp-json\/wp\/v2\/product_cat?post=7058"},{"taxonomy":"product_tag","embeddable":true,"href":"https:\/\/arikae.com\/index.php\/wp-json\/wp\/v2\/product_tag?post=7058"}],"curies":[{"name":"wp","href":"https:\/\/api.w.org\/{rel}","templated":true}]}}