{"id":7059,"date":"2023-07-07T20:22:58","date_gmt":"2023-07-07T19:22:58","guid":{"rendered":"https:\/\/arikae.com\/?post_type=product&#038;p=7059"},"modified":"2023-07-08T21:18:33","modified_gmt":"2023-07-08T20:18:33","slug":"sexosterona-xl-premium-suplemento-60-capletas-1g","status":"publish","type":"product","link":"https:\/\/arikae.com\/index.php\/product\/sexosterona-xl-premium-suplemento-60-capletas-1g\/","title":{"rendered":"Sexosterona XL Premium Suplemento 60 Capletas 1g."},"content":{"rendered":"<h1>Sexosterona XL Premium Suplemento 60 Capletas 1g. Energ\u00eda, Potencia Sexual, Niveles de Testosterona para el Hombre<\/h1>\n<p>La potencia sexual es un aspecto importante en la vida de un hombre. Es una medida de la virilidad y la virilidad de un hombre. La potencia sexual de un hombre puede verse afectada por muchos factores, como su salud f\u00edsica, su salud mental, sus niveles de estr\u00e9s, su estilo de vida e incluso su dieta. Hay muchos remedios naturales que pueden ayudar a aumentar la potencia sexual de un hombre.<\/p>\n<p>El suplemento Sexosterona XL Premium de Natural de Mexico ayuda a mejorar y aumentar la resistencia del hombre,<span style=\"font-size: 16px; font-style: normal; font-weight: 400;\"> ayuda a cuidar\u00a0 todo el organismo del hombre mejorando la relaci\u00f3n y rendimiento en la cama.<\/span>\u00a0 A menudo el hombre se enfrenta a muchos problemas debido al estr\u00e9s generando cambios en la vida cotidiana, la alimentaci\u00f3n y el descanso por la noche, todo esto puede afectar su rendimiento sexual hasta ahora.<\/p>\n<p>Sexosterona mantiene una funci\u00f3n sexual adecuada del hombre. Contiene extractos de plantas especialmente seleccionados que apoyan la producci\u00f3n de testosterona, brinda vitalidad y aumenta los niveles de libido. Tambi\u00e9n tiene el poder de estimular la circulaci\u00f3n sangu\u00ednea logrando erecciones mucho mas fuertes.<\/p>\n<h2><strong>Beneficios de este suplemento para el hombre:<\/strong><\/h2>\n<ul style=\"list-style-type: square;\">\n<li>Contrarresta el efecto negativo de los estr\u00f3genos.<\/li>\n<li>Previene el proceso de envejecimiento prematuro.<\/li>\n<li>Fortalece el sistema reproductivo del hombre.<\/li>\n<li>Despierta el deseo sexual.<\/li>\n<li>Mejora la potencia sexual.<\/li>\n<li>Incrementa los niveles de testosterona.<\/li>\n<li>Proporciona flujo sangu\u00edneo m\u00e1s intenso.<\/li>\n<\/ul>\n<h2><strong>Ingredientes:<\/strong><\/h2>\n<ul>\n<li>Maca.<\/li>\n<li>Vitaminas B1, B2, B6, B12.<\/li>\n<li>Jalea real.<\/li>\n<li>Alfalfa.<\/li>\n<li>Celulosa microcristalina.<\/li>\n<li>Dextrosa.<\/li>\n<li>Celulosa microcristalina.<\/li>\n<\/ul>\n<h2>Modo de uso<\/h2>\n<h3>V\u00eda oral:<\/h3>\n<p>Tomar 2 capletas 3 veces al d\u00eda acompa\u00f1ada de los alimentos.<\/p>\n<h2>Precauciones:<\/h2>\n<ul>\n<li>Es responsabilidad de quien lo consuma o lo recomienda.<\/li>\n<li>No est\u00e1 aprobado por la FDA.<\/li>\n<li>Los resultados pueden variar.<\/li>\n<\/ul>\n","protected":false},"excerpt":{"rendered":"<p>Sexosterona XL Premium Suplemento 60 Capletas 1g. Energ\u00eda, Potencia Sexual, Niveles de Testosterona para el Hombre La potencia sexual es un aspecto importante en la vida de un hombre. Es una medida de la virilidad y la virilidad de un hombre. La potencia sexual de un hombre puede verse afectada por muchos factores, como su &hellip; <br \/><a href=\"https:\/\/arikae.com\/index.php\/product\/sexosterona-xl-premium-suplemento-60-capletas-1g\/\" class=\"more-link\">Continue reading <span class=\"screen-reader-text\">Sexosterona XL Premium Suplemento 60 Capletas 1g.<\/span><\/a><\/p>\n","protected":false},"featured_media":7310,"comment_status":"open","ping_status":"closed","template":"","meta":[],"product_cat":[90],"product_tag":[],"_links":{"self":[{"href":"https:\/\/arikae.com\/index.php\/wp-json\/wp\/v2\/product\/7059"}],"collection":[{"href":"https:\/\/arikae.com\/index.php\/wp-json\/wp\/v2\/product"}],"about":[{"href":"https:\/\/arikae.com\/index.php\/wp-json\/wp\/v2\/types\/product"}],"replies":[{"embeddable":true,"href":"https:\/\/arikae.com\/index.php\/wp-json\/wp\/v2\/comments?post=7059"}],"wp:featuredmedia":[{"embeddable":true,"href":"https:\/\/arikae.com\/index.php\/wp-json\/wp\/v2\/media\/7310"}],"wp:attachment":[{"href":"https:\/\/arikae.com\/index.php\/wp-json\/wp\/v2\/media?parent=7059"}],"wp:term":[{"taxonomy":"product_cat","embeddable":true,"href":"https:\/\/arikae.com\/index.php\/wp-json\/wp\/v2\/product_cat?post=7059"},{"taxonomy":"product_tag","embeddable":true,"href":"https:\/\/arikae.com\/index.php\/wp-json\/wp\/v2\/product_tag?post=7059"}],"curies":[{"name":"wp","href":"https:\/\/api.w.org\/{rel}","templated":true}]}}