{"id":7060,"date":"2023-07-07T20:22:58","date_gmt":"2023-07-07T19:22:58","guid":{"rendered":"https:\/\/arikae.com\/?post_type=product&#038;p=7060"},"modified":"2023-07-08T21:19:02","modified_gmt":"2023-07-08T20:19:02","slug":"vibora-de-cascabel-suplemento-150-capsulas-500-mg","status":"publish","type":"product","link":"https:\/\/arikae.com\/index.php\/product\/vibora-de-cascabel-suplemento-150-capsulas-500-mg\/","title":{"rendered":"V\u00edbora de Cascabel Suplemento 150 C\u00e1psulas 500 mg."},"content":{"rendered":"<h1>V\u00edbora de Cascabel Suplemento 150 C\u00e1psulas 500 mg. Autentico y Natural de Mexico, Desintoxicante, Reduce el Desgaste de Huesos y el Acn\u00e9.<\/h1>\n<p>Los suplementos de cascabel no s\u00f3lo son eficaces, sino que tambi\u00e9n son naturales. Eso significa que no introducir\u00e1n ning\u00fan material sint\u00e9tico o producto qu\u00edmico en su cuerpo. Los suplementos de serpiente de cascabel no s\u00f3lo son seguros, sino que tambi\u00e9n son incre\u00edblemente eficaces. De hecho, son tan eficaces que a menudo se utilizan como primera l\u00ednea de defensa contra las condiciones de salud graves.<\/p>\n<p>El suplemento v\u00edbora de Cascabel es un poderoso purificante y desintoxicante en sangre que ayuda a combatir internamente el acn\u00e9, espinillas, poros y act\u00faa contra las venas varicosas, mala circulaci\u00f3n y problemas oculares como cataratas. Suplemento de V\u00edbora de Cascabel es un producto de M\u00e9xico ampliamente recomendada, especial para el tratamiento de trastornos m\u00fasculo-esquel\u00e9ticos como los derivados del cansancio, dolor de espalda, huesos y piernas. Contiene prote\u00ednas que pueden ayudar a estimular el sistema inmunol\u00f3gico.<\/p>\n<h2>Beneficios del suplemento <span style=\"font-size: 27.2px;\">V\u00edbora<\/span> de cascabel:<\/h2>\n<ul style=\"list-style-type: square;\">\n<li>Ayuda con heridas dif\u00edciles de cicatrizar.<\/li>\n<li>Es estimulante sexual.<\/li>\n<li>Disminuye las manchas en la piel.<\/li>\n<li>Ayuda a tener una buena circulaci\u00f3n sangu\u00ednea.<\/li>\n<\/ul>\n<h2><strong>Ingredientes:<\/strong><\/h2>\n<ul style=\"list-style-type: square;\">\n<li>Col\u00e1geno.<\/li>\n<li>\u00c1cido Hialur\u00f3nico.<\/li>\n<li>SMS.<\/li>\n<li>Glucosamina.<\/li>\n<li>Biotina 10,000.<\/li>\n<li>Vitamina C.<\/li>\n<li>Zinc.<\/li>\n<li>Vitamina A.<\/li>\n<li>Selenio.<\/li>\n<\/ul>\n<h2>Modo de uso<\/h2>\n<h3>V\u00eda oral:<\/h3>\n<p>Tomar 2 capletas 3 veces al d\u00eda acompa\u00f1ada de los alimentos.<\/p>\n<h2>Precauciones:<\/h2>\n<ul>\n<li>No ingerir este producto en caso de embarazo o lactancia.<\/li>\n<li>Es responsabilidad de quien lo consuma o lo recomienda.<\/li>\n<li>No est\u00e1 aprobado por la FDA.<\/li>\n<li>Los resultados pueden variar.<\/li>\n<\/ul>\n","protected":false},"excerpt":{"rendered":"<p>V\u00edbora de Cascabel Suplemento 150 C\u00e1psulas 500 mg. Autentico y Natural de Mexico, Desintoxicante, Reduce el Desgaste de Huesos y el Acn\u00e9. Los suplementos de cascabel no s\u00f3lo son eficaces, sino que tambi\u00e9n son naturales. Eso significa que no introducir\u00e1n ning\u00fan material sint\u00e9tico o producto qu\u00edmico en su cuerpo. Los suplementos de serpiente de cascabel &hellip; <br \/><a href=\"https:\/\/arikae.com\/index.php\/product\/vibora-de-cascabel-suplemento-150-capsulas-500-mg\/\" class=\"more-link\">Continue reading <span class=\"screen-reader-text\">V\u00edbora de Cascabel Suplemento 150 C\u00e1psulas 500 mg.<\/span><\/a><\/p>\n","protected":false},"featured_media":7094,"comment_status":"open","ping_status":"closed","template":"","meta":[],"product_cat":[90],"product_tag":[],"_links":{"self":[{"href":"https:\/\/arikae.com\/index.php\/wp-json\/wp\/v2\/product\/7060"}],"collection":[{"href":"https:\/\/arikae.com\/index.php\/wp-json\/wp\/v2\/product"}],"about":[{"href":"https:\/\/arikae.com\/index.php\/wp-json\/wp\/v2\/types\/product"}],"replies":[{"embeddable":true,"href":"https:\/\/arikae.com\/index.php\/wp-json\/wp\/v2\/comments?post=7060"}],"wp:featuredmedia":[{"embeddable":true,"href":"https:\/\/arikae.com\/index.php\/wp-json\/wp\/v2\/media\/7094"}],"wp:attachment":[{"href":"https:\/\/arikae.com\/index.php\/wp-json\/wp\/v2\/media?parent=7060"}],"wp:term":[{"taxonomy":"product_cat","embeddable":true,"href":"https:\/\/arikae.com\/index.php\/wp-json\/wp\/v2\/product_cat?post=7060"},{"taxonomy":"product_tag","embeddable":true,"href":"https:\/\/arikae.com\/index.php\/wp-json\/wp\/v2\/product_tag?post=7060"}],"curies":[{"name":"wp","href":"https:\/\/api.w.org\/{rel}","templated":true}]}}