{"id":7061,"date":"2023-07-07T20:22:58","date_gmt":"2023-07-07T19:22:58","guid":{"rendered":"https:\/\/arikae.com\/?post_type=product&#038;p=7061"},"modified":"2025-06-23T04:45:52","modified_gmt":"2025-06-23T03:45:52","slug":"prostata-suplemento-60-capletas-1g","status":"publish","type":"product","link":"https:\/\/arikae.com\/index.php\/product\/prostata-suplemento-60-capletas-1g\/","title":{"rendered":"Pr\u00f3stata Suplemento 60 Capletas 1g."},"content":{"rendered":"<h1>Pr\u00f3stata Suplemento 60 Capletas 1g. Desinflama la Prostata, Multivitam\u00ednico, Licopeno y Extracto de Plantas para Cuidar la Prostata<\/h1>\n<p>La pr\u00f3stata es una peque\u00f1a gl\u00e1ndula del tama\u00f1o de una nuez que constituye una parte importante del sistema reproductor masculino, est\u00e1 situada justo debajo de la vejiga y delante del recto. La funci\u00f3n principal de la pr\u00f3stata es producir semen, el l\u00edquido que transporta los espermatozoides, tambi\u00e9n ayuda a controlar el flujo de orina, tiene dos l\u00f3bulos principales, cada uno con un conducto eyaculador. Estos conductos desembocan en la uretra, el tubo que transporta la orina desde la vejiga al exterior del cuerpo. Los problemas de pr\u00f3stata son comunes en los hombres mayores de 50 a\u00f1os.<\/p>\n<p>Cuando los s\u00edntomas aparecen, pueden incluir problemas para orinar, un chorro de orina d\u00e9bil o interrumpido, sangre en la orina o dolor en la parte baja de la espalda, las caderas o la pelvis. Para evitar este problema te recomendamos que te realices ex\u00e1menes a cada cierto tiempo y consumir el<strong>\u00a0Suplemento Natural para la Pr\u00f3stata<\/strong> ayuda a proteger la pr\u00f3stata contra el exceso de niveles de estr\u00f3geno y a mantener un tama\u00f1o y estructura de la pr\u00f3stata saludable. Mejora la funci\u00f3n de la vejiga apoyando el flujo urinario saludable y la salud general de la pr\u00f3stata. Viene en una presentaci\u00f3n de 60 tabletas f\u00e1ciles de ingerir de 1000 MG.\u00a0 Est\u00e1 fabricado de ingredientes naturales y con los m\u00e1s rigurosos est\u00e1ndares de calidad contando con el <strong>sello GMP y Natural de Mexico.\u00a0<\/strong><\/p>\n<h2><strong>Beneficios del Suplemento Natural para la Prostata:<\/strong><\/h2>\n<ul style=\"list-style-type: square;\">\n<li>Desinflama la pr\u00f3stata y vejiga<\/li>\n<li>Reduce los viajes frecuentes al ba\u00f1o<\/li>\n<li>Reduce el dolor de piernas<\/li>\n<li>Combate el envejecimiento de la pr\u00f3stata<\/li>\n<li>Lucha contra la perdida de cabello<\/li>\n<li>Contiene vitaminas y minerales que el hombre necesita<\/li>\n<li>Mejora la potencia sexual<\/li>\n<\/ul>\n<h3><strong>Ingredientes naturales:<\/strong><\/h3>\n<ul style=\"list-style-type: square;\">\n<li>Cancerina.<\/li>\n<li>Cauchalate.<\/li>\n<li>Zinc.<\/li>\n<li>Saw Palmetto.<\/li>\n<li>Brocoli.<\/li>\n<li>Cabellos de Elote.<\/li>\n<li>Hierbas del Sapo.<\/li>\n<li>Fenogreco.<\/li>\n<li>\u00c1rnica.<\/li>\n<\/ul>\n<h2>Modo de uso<\/h2>\n<h3>V\u00eda oral:<\/h3>\n<p>Tomar 2 capletas 3 veces al d\u00eda acompa\u00f1ada de los alimentos.<\/p>\n<h2>Precauciones:<\/h2>\n<ul>\n<li>No ingerir este producto en caso de embarazo o lactancia.<\/li>\n<li>Es responsabilidad de quien lo consuma o lo recomienda.<\/li>\n<li>No est\u00e1 aprobado por la FDA.<\/li>\n<li>Los resultados pueden variar.<\/li>\n<\/ul>\n","protected":false},"excerpt":{"rendered":"<p>Pr\u00f3stata Suplemento 60 Capletas 1g. Desinflama la Prostata, Multivitam\u00ednico, Licopeno y Extracto de Plantas para Cuidar la Prostata La pr\u00f3stata es una peque\u00f1a gl\u00e1ndula del tama\u00f1o de una nuez que constituye una parte importante del sistema reproductor masculino, est\u00e1 situada justo debajo de la vejiga y delante del recto. La funci\u00f3n principal de la pr\u00f3stata &hellip; <br \/><a href=\"https:\/\/arikae.com\/index.php\/product\/prostata-suplemento-60-capletas-1g\/\" class=\"more-link\">Continue reading <span class=\"screen-reader-text\">Pr\u00f3stata Suplemento 60 Capletas 1g.<\/span><\/a><\/p>\n","protected":false},"featured_media":7312,"comment_status":"open","ping_status":"closed","template":"","meta":[],"product_cat":[90],"product_tag":[],"_links":{"self":[{"href":"https:\/\/arikae.com\/index.php\/wp-json\/wp\/v2\/product\/7061"}],"collection":[{"href":"https:\/\/arikae.com\/index.php\/wp-json\/wp\/v2\/product"}],"about":[{"href":"https:\/\/arikae.com\/index.php\/wp-json\/wp\/v2\/types\/product"}],"replies":[{"embeddable":true,"href":"https:\/\/arikae.com\/index.php\/wp-json\/wp\/v2\/comments?post=7061"}],"wp:featuredmedia":[{"embeddable":true,"href":"https:\/\/arikae.com\/index.php\/wp-json\/wp\/v2\/media\/7312"}],"wp:attachment":[{"href":"https:\/\/arikae.com\/index.php\/wp-json\/wp\/v2\/media?parent=7061"}],"wp:term":[{"taxonomy":"product_cat","embeddable":true,"href":"https:\/\/arikae.com\/index.php\/wp-json\/wp\/v2\/product_cat?post=7061"},{"taxonomy":"product_tag","embeddable":true,"href":"https:\/\/arikae.com\/index.php\/wp-json\/wp\/v2\/product_tag?post=7061"}],"curies":[{"name":"wp","href":"https:\/\/api.w.org\/{rel}","templated":true}]}}