{"id":7062,"date":"2023-07-07T20:22:58","date_gmt":"2023-07-07T19:22:58","guid":{"rendered":"https:\/\/arikae.com\/?post_type=product&#038;p=7062"},"modified":"2025-06-23T04:43:34","modified_gmt":"2025-06-23T03:43:34","slug":"ovario-fertil-suplemento-60-caplestas-1g","status":"publish","type":"product","link":"https:\/\/arikae.com\/index.php\/product\/ovario-fertil-suplemento-60-caplestas-1g\/","title":{"rendered":"Ovario F\u00e9rtil Suplemento 60 Caplestas 1g."},"content":{"rendered":"<h1>Ovario F\u00e9rtil Suplemento 60 Caplestas 1g. Ayuda en Dolor de Cintura, Hemorragia, Esterilidad, Soporte Natural para la Mujer 100% Original Natural de Mexico<\/h1>\n<p>Las mujeres son conscientes de los problemas que pueden surgir durante el ciclo menstrual, y por eso buscan soluciones para evitarlo todo. Sin embargo, a veces las cosas no son tan f\u00e1ciles. Los problemas del ciclo menstrual pueden ser muy diversos, desde la irritaci\u00f3n dolorosa hasta la inflamaci\u00f3n de la regi\u00f3n vaginal. Seg\u00fan el organismo femenino, estos problemas pueden ocurrir por diversos motivos, como la hipoestereormonemia, el estr\u00e9s, el tabaco, el alcohol, el ginec\u00f3logo o el uso de medicamentos.<\/p>\n<p>Los productos para ayudar a aliviar el dolor est\u00e1n formulados para tratar la irritaci\u00f3n generalizada, la urticaria dolorosa y la menstruaci\u00f3n dolorosa. La mayor\u00eda de ellos contienen ibuprofeno, paracetamol, acetaminofeno, ibuprofeno en comprimidos y aceite de oliva. Sin embargo en Natural de Mexico hemos formulado un suplemento 100% natural que contiene una mezcla de hierbas que son reconocidas para aliviar las dolencias del periodo menstrual.<\/p>\n<p>Suplemento Herbal Ovario F\u00e9rtil es un producto natural que ayuda a aumentar la fertilidad y la vitalidad de las mujeres. Est\u00e1 elaborado con una mezcla de hierbas y extractos que han demostrado ayudar a mejorar la ovulaci\u00f3n y la fertilidad.<\/p>\n<h2><strong>Suplemento Natural Ovario F\u00e9rtil beneficios:<\/strong><\/h2>\n<ul>\n<li>\n<div align=\"justify\">Regula el ciclo menstrual.<\/div>\n<\/li>\n<li>\n<div align=\"justify\">Mejora el ciclo hormonal y metab\u00f3lico de la mujer.<\/div>\n<\/li>\n<li>\n<div align=\"justify\">Beneficia a las mujeres con s\u00edndrome de ovarios poliqu\u00edsticos.<\/div>\n<\/li>\n<li>\n<div align=\"justify\">Aumenta la calidad de los ovocitos provocando la maduraci\u00f3n de los \u00f3vulos.<\/div>\n<\/li>\n<li>\n<div align=\"justify\">Disminuye las posibilidades de padecer hiperandrogenismo.<\/div>\n<\/li>\n<li>\n<div align=\"justify\">Disminuye la aparici\u00f3n de acn\u00e9 e hirsutismo.<\/div>\n<\/li>\n<li>\n<div align=\"justify\">No contiene efectos adversos.<\/div>\n<\/li>\n<\/ul>\n<h3><strong>Ingredientes:<\/strong><\/h3>\n<ul>\n<li>Black Caosh<\/li>\n<li>Epazotl<\/li>\n<li>Romero<\/li>\n<li>Or\u00e9gano<\/li>\n<li>Anacahuite<\/li>\n<li>Calendula<\/li>\n<li>Manzanilla<\/li>\n<li>Maca andina<\/li>\n<li>Milenrama<\/li>\n<li>Alchemilla<\/li>\n<li>Ca\u00f1a Fistola<\/li>\n<li>Tlanchichinole<\/li>\n<li>Ra\u00edz de genciana<\/li>\n<li>Cauchalate<\/li>\n<li>Cancerina<\/li>\n<\/ul>\n<h2>Modo de uso<\/h2>\n<h3>V\u00eda oral:<\/h3>\n<p>Tomar 2 capletas 3 veces al d\u00eda acompa\u00f1ada de los alimentos.<\/p>\n<h2>Precauciones:<\/h2>\n<ul>\n<li>No ingerir este producto en caso de embarazo o lactancia.<\/li>\n<li>Es responsabilidad de quien lo consuma o lo recomienda.<\/li>\n<li>No est\u00e1 aprobado por la FDA.<\/li>\n<li>Los resultados pueden variar.<\/li>\n<\/ul>\n","protected":false},"excerpt":{"rendered":"<p>Ovario F\u00e9rtil Suplemento 60 Caplestas 1g. Ayuda en Dolor de Cintura, Hemorragia, Esterilidad, Soporte Natural para la Mujer 100% Original Natural de Mexico Las mujeres son conscientes de los problemas que pueden surgir durante el ciclo menstrual, y por eso buscan soluciones para evitarlo todo. Sin embargo, a veces las cosas no son tan f\u00e1ciles. &hellip; <br \/><a href=\"https:\/\/arikae.com\/index.php\/product\/ovario-fertil-suplemento-60-caplestas-1g\/\" class=\"more-link\">Continue reading <span class=\"screen-reader-text\">Ovario F\u00e9rtil Suplemento 60 Caplestas 1g.<\/span><\/a><\/p>\n","protected":false},"featured_media":7216,"comment_status":"open","ping_status":"closed","template":"","meta":[],"product_cat":[90],"product_tag":[],"_links":{"self":[{"href":"https:\/\/arikae.com\/index.php\/wp-json\/wp\/v2\/product\/7062"}],"collection":[{"href":"https:\/\/arikae.com\/index.php\/wp-json\/wp\/v2\/product"}],"about":[{"href":"https:\/\/arikae.com\/index.php\/wp-json\/wp\/v2\/types\/product"}],"replies":[{"embeddable":true,"href":"https:\/\/arikae.com\/index.php\/wp-json\/wp\/v2\/comments?post=7062"}],"wp:featuredmedia":[{"embeddable":true,"href":"https:\/\/arikae.com\/index.php\/wp-json\/wp\/v2\/media\/7216"}],"wp:attachment":[{"href":"https:\/\/arikae.com\/index.php\/wp-json\/wp\/v2\/media?parent=7062"}],"wp:term":[{"taxonomy":"product_cat","embeddable":true,"href":"https:\/\/arikae.com\/index.php\/wp-json\/wp\/v2\/product_cat?post=7062"},{"taxonomy":"product_tag","embeddable":true,"href":"https:\/\/arikae.com\/index.php\/wp-json\/wp\/v2\/product_tag?post=7062"}],"curies":[{"name":"wp","href":"https:\/\/api.w.org\/{rel}","templated":true}]}}