{"id":7063,"date":"2023-07-07T20:22:58","date_gmt":"2023-07-07T19:22:58","guid":{"rendered":"https:\/\/arikae.com\/?post_type=product&#038;p=7063"},"modified":"2025-02-11T02:18:50","modified_gmt":"2025-02-11T02:18:50","slug":"super-pata-de-vaca-suplemento-60-capletas-1g","status":"publish","type":"product","link":"https:\/\/arikae.com\/index.php\/product\/super-pata-de-vaca-suplemento-60-capletas-1g\/","title":{"rendered":"Super Pata de Vaca Suplemento 60 Capletas 1g."},"content":{"rendered":"<h1>Super Pata de Vaca Suplemento 60 Capletas 1g. Para Niveles Saludables de Glucosa y Az\u00facar en la Sangre, Reduce el Colesterol Malo<\/h1>\n<p>La pata de vaca es una planta originaria de la selva amaz\u00f3nica, tiene una larga historia de uso por parte de los pueblos ind\u00edgenas del Amazonas, y s\u00f3lo recientemente se ha introducido en el mundo occidental. La hierba pata de vaca tiene una gran variedad de beneficios para la salud, y se est\u00e1 haciendo cada vez m\u00e1s popular como tratamiento natural para una variedad de condiciones ya que es rica en una serie de nutrientes importantes, como el calcio, el f\u00f3sforo y el magnesio.<\/p>\n<p>Estos nutrientes son esenciales para el correcto desarrollo y funcionamiento del cuerpo humano. La pata de vaca tambi\u00e9n contiene una serie de compuestos que han demostrado tener propiedades antiinflamatorias y analg\u00e9sicas.<\/p>\n<p><strong>Nuestro suplemento natural Super Pata de Vaca<\/strong> favorece la generaci\u00f3n de insulina, reduce la hipertensi\u00f3n y el colesterol. Tambi\u00e9n tiene propiedades antis\u00e9pticas y cicatrizantes. Ayudan a prevenir la aparici\u00f3n de c\u00e1lculos renales gracias a sus propiedades diur\u00e9ticas. El consumo diario de este suplemento le brindar\u00e1 m\u00faltiples beneficios como equilibrar el az\u00facar en la sangre, controlar su peso y aumentar sus energ\u00edas de forma natural <strong>mejorando notablemente su estilo de vida.<\/strong><\/p>\n<h2><strong>Beneficios de la Pata de Vaca:\u00a0<\/strong><\/h2>\n<ul>\n<li>Puede ayudar a combatir Infecci\u00f3n en ri\u00f1ones.<\/li>\n<li>Disminuye niveles de colesterol malo.<\/li>\n<li>Gran apoyo para niveles de glucosa.<\/li>\n<li>Favorece la generaci\u00f3n de insulina.<\/li>\n<li>Brinda niveles inferiores de az\u00facar en sangre.<\/li>\n<li>Apoya en la p\u00e9rdida de peso saludable.<\/li>\n<li>Tiene propiedades antis\u00e9pticas y cicatrizantes.<\/li>\n<\/ul>\n<h2><strong>Ingredientes:<\/strong><\/h2>\n<ul>\n<li>\u00c1cido Alphalipoico<\/li>\n<li>Pata de vaca<\/li>\n<li>Complejo B<\/li>\n<li>Nopal<\/li>\n<li>Chaya<\/li>\n<li>Noni taitiano<\/li>\n<li>Wereke<\/li>\n<li>Cauchalate<\/li>\n<li>Complejo de 75 minerales<\/li>\n<li>Vitamina A, E<\/li>\n<li>Moringa<\/li>\n<li>C\u00farcuma<\/li>\n<li>Mel\u00f3n Amargo<\/li>\n<\/ul>\n<h2>Modo de uso<\/h2>\n<h3>V\u00eda oral:<\/h3>\n<p>Tomar 2 capletas 3 veces al d\u00eda acompa\u00f1ada de los alimentos.<\/p>\n<h2>Precauciones:<\/h2>\n<ul>\n<li>No ingerir este producto en caso de embarazo o lactancia.<\/li>\n<li>Es responsabilidad de quien lo consuma o lo recomienda.<\/li>\n<li>No est\u00e1 aprobado por la FDA.<\/li>\n<li>Los resultados pueden variar.<\/li>\n<\/ul>\n","protected":false},"excerpt":{"rendered":"<p>Super Pata de Vaca Suplemento 60 Capletas 1g. Para Niveles Saludables de Glucosa y Az\u00facar en la Sangre, Reduce el Colesterol Malo La pata de vaca es una planta originaria de la selva amaz\u00f3nica, tiene una larga historia de uso por parte de los pueblos ind\u00edgenas del Amazonas, y s\u00f3lo recientemente se ha introducido en &hellip; <br \/><a href=\"https:\/\/arikae.com\/index.php\/product\/super-pata-de-vaca-suplemento-60-capletas-1g\/\" class=\"more-link\">Continue reading <span class=\"screen-reader-text\">Super Pata de Vaca Suplemento 60 Capletas 1g.<\/span><\/a><\/p>\n","protected":false},"featured_media":7215,"comment_status":"open","ping_status":"closed","template":"","meta":[],"product_cat":[90],"product_tag":[],"_links":{"self":[{"href":"https:\/\/arikae.com\/index.php\/wp-json\/wp\/v2\/product\/7063"}],"collection":[{"href":"https:\/\/arikae.com\/index.php\/wp-json\/wp\/v2\/product"}],"about":[{"href":"https:\/\/arikae.com\/index.php\/wp-json\/wp\/v2\/types\/product"}],"replies":[{"embeddable":true,"href":"https:\/\/arikae.com\/index.php\/wp-json\/wp\/v2\/comments?post=7063"}],"wp:featuredmedia":[{"embeddable":true,"href":"https:\/\/arikae.com\/index.php\/wp-json\/wp\/v2\/media\/7215"}],"wp:attachment":[{"href":"https:\/\/arikae.com\/index.php\/wp-json\/wp\/v2\/media?parent=7063"}],"wp:term":[{"taxonomy":"product_cat","embeddable":true,"href":"https:\/\/arikae.com\/index.php\/wp-json\/wp\/v2\/product_cat?post=7063"},{"taxonomy":"product_tag","embeddable":true,"href":"https:\/\/arikae.com\/index.php\/wp-json\/wp\/v2\/product_tag?post=7063"}],"curies":[{"name":"wp","href":"https:\/\/api.w.org\/{rel}","templated":true}]}}