{"id":7064,"date":"2023-07-07T20:22:58","date_gmt":"2023-07-07T19:22:58","guid":{"rendered":"https:\/\/arikae.com\/?post_type=product&#038;p=7064"},"modified":"2023-07-07T21:40:28","modified_gmt":"2023-07-07T20:40:28","slug":"gastriout-suplemento-60-capletas-1g","status":"publish","type":"product","link":"https:\/\/arikae.com\/index.php\/product\/gastriout-suplemento-60-capletas-1g\/","title":{"rendered":"GastriOut Suplemento 60 Capletas 1g."},"content":{"rendered":"<h1>GastriOut Suplemento 60 Capletas 1g. Anti-Inflammatory Ayuda a Mejorar la Gastritis, Acidez Estomacal, Reflujo Mal Aliento &#8211; Suplemento Herbal<\/h1>\n<p>La Gastritis ocurre cuando se inflama la mucosa de las paredes del est\u00f3mago, esto genera dolencias y malestares que generan ardor estomacal. Las paredes del est\u00f3mago contiene una capa de c\u00e9lulas que segregan \u00e1cido y enzimas que le ayudan a preparar los alimentos para la digesti\u00f3n. Este problema tambi\u00e9n puede causar sangrado ya que no hay suficiente secreci\u00f3n en las paredes del est\u00f3mago, y las peque\u00f1as paredes de los intestinos al ser sensibles se pueden da\u00f1ar.<\/p>\n<p><b>Controla problema de Gastritis, Acidez, Indigesti\u00f3n y mucho mas con GastriOut\u00a0<\/b><\/p>\n<h2><strong>Beneficios del Suplemento Natural GastriOut:<\/strong><\/h2>\n<ul>\n<li>Alivia malestar o dolor punzante o ardor en la parte superior del abdomen.<\/li>\n<li>Ayuda a mejorar problemas de estre\u00f1imiento.<\/li>\n<li>Mejora el funcionamiento g\u00e1strico.<\/li>\n<li>Previene y ayuda a combatir problemas de indigesti\u00f3n.<\/li>\n<li>Puede ayudar en problemas de esofagitis.<\/li>\n<li>Ayuda a reducir hiperacidez.<\/li>\n<li>Reduce n\u00e1useas y v\u00f3mitos.<\/li>\n<li>Mejora problemas de ausencia de hambre o inapetencia.<\/li>\n<\/ul>\n<h3><strong>Ingredientes:<\/strong><\/h3>\n<ul>\n<li>Arroz.<\/li>\n<li>Maltodextrina.<\/li>\n<li>Menta.<\/li>\n<li>Regaliz.<\/li>\n<li>Semilla de uva.<\/li>\n<li>Flor de manzanilla.<\/li>\n<li>Esterato de magnesio.<\/li>\n<li>Lactobacillus acidophilus.<\/li>\n<\/ul>\n<h2>Modo de uso<\/h2>\n<h3>V\u00eda oral:<\/h3>\n<p>Tomar 2 capletas 3 veces al d\u00eda acompa\u00f1ada de los alimentos.<\/p>\n<h2>Precauciones:<\/h2>\n<ul>\n<li>No ingerir este producto en caso de embarazo o lactancia.<\/li>\n<li>Es responsabilidad de quien lo consuma o lo recomienda.<\/li>\n<li>No est\u00e1 aprobado por la FDA.<\/li>\n<li>Los resultados pueden variar.<\/li>\n<\/ul>\n","protected":false},"excerpt":{"rendered":"<p>GastriOut Suplemento 60 Capletas 1g. Anti-Inflammatory Ayuda a Mejorar la Gastritis, Acidez Estomacal, Reflujo Mal Aliento &#8211; Suplemento Herbal La Gastritis ocurre cuando se inflama la mucosa de las paredes del est\u00f3mago, esto genera dolencias y malestares que generan ardor estomacal. Las paredes del est\u00f3mago contiene una capa de c\u00e9lulas que segregan \u00e1cido y enzimas &hellip; <br \/><a href=\"https:\/\/arikae.com\/index.php\/product\/gastriout-suplemento-60-capletas-1g\/\" class=\"more-link\">Continue reading <span class=\"screen-reader-text\">GastriOut Suplemento 60 Capletas 1g.<\/span><\/a><\/p>\n","protected":false},"featured_media":7109,"comment_status":"open","ping_status":"closed","template":"","meta":[],"product_cat":[90],"product_tag":[],"_links":{"self":[{"href":"https:\/\/arikae.com\/index.php\/wp-json\/wp\/v2\/product\/7064"}],"collection":[{"href":"https:\/\/arikae.com\/index.php\/wp-json\/wp\/v2\/product"}],"about":[{"href":"https:\/\/arikae.com\/index.php\/wp-json\/wp\/v2\/types\/product"}],"replies":[{"embeddable":true,"href":"https:\/\/arikae.com\/index.php\/wp-json\/wp\/v2\/comments?post=7064"}],"wp:featuredmedia":[{"embeddable":true,"href":"https:\/\/arikae.com\/index.php\/wp-json\/wp\/v2\/media\/7109"}],"wp:attachment":[{"href":"https:\/\/arikae.com\/index.php\/wp-json\/wp\/v2\/media?parent=7064"}],"wp:term":[{"taxonomy":"product_cat","embeddable":true,"href":"https:\/\/arikae.com\/index.php\/wp-json\/wp\/v2\/product_cat?post=7064"},{"taxonomy":"product_tag","embeddable":true,"href":"https:\/\/arikae.com\/index.php\/wp-json\/wp\/v2\/product_tag?post=7064"}],"curies":[{"name":"wp","href":"https:\/\/api.w.org\/{rel}","templated":true}]}}