{"id":7065,"date":"2023-07-07T20:22:58","date_gmt":"2023-07-07T19:22:58","guid":{"rendered":"https:\/\/arikae.com\/?post_type=product&#038;p=7065"},"modified":"2023-07-07T21:41:04","modified_gmt":"2023-07-07T20:41:04","slug":"diabeout-suplemento-60-capletas-1g","status":"publish","type":"product","link":"https:\/\/arikae.com\/index.php\/product\/diabeout-suplemento-60-capletas-1g\/","title":{"rendered":"DiabeOut Suplemento 60 Capletas 1g."},"content":{"rendered":"<h1>DiabeOut Suplemento 60 Capletas 1g. Pata de Vaca, Complejo B y Moringa &#8211; Niveles Saludables de Az\u00facar y Glucosa, Soporte 100% Natural<\/h1>\n<p>La diabetes es una enfermedad que afecta a muchas personas. Es una afecci\u00f3n cr\u00f3nica que puede provocar graves complicaciones de salud. La diabetes es la s\u00e9ptima causa de muerte en Estados Unidos. Cada a\u00f1o se diagnostica diabetes a m\u00e1s de 1,5 millones de personas. Hay dos tipos principales de diabetes: la de tipo 1 y la de tipo 2. La diabetes de tipo 1 suele diagnosticarse en ni\u00f1os y adultos j\u00f3venes. La diabetes de tipo 2 es el tipo m\u00e1s com\u00fan de diabetes. Suele desarrollarse en adultos mayores de 40 a\u00f1os. La diabetes es una enfermedad grave que puede provocar una serie de complicaciones de salud. Entre ellas se encuentran las cardiopat\u00edas, los accidentes cerebrovasculares, las enfermedades renales, la ceguera y las amputaciones.<\/p>\n<p>Sin embargo, con un tratamiento adecuado, muchas personas con diabetes pueden llevar una vida sana, nuestro suplemento DiabeOut est\u00e1 elaborado con ingredientes 100% naturales, la caja contiene 60 capletas de 1000 MG. cada una, esta elaborado con <strong>Pata de Vaca, Complejo B y Moringa<\/strong> perfecto para las personas que sufre de diabetes, niveles altos de glucosa o baja energ\u00eda. Tiene un efecto diur\u00e9tico por lo que su consumo peri\u00f3dico puede ser \u00fatil para prevenir la aparici\u00f3n de c\u00e1lculos renales. Dado que estimula la secreci\u00f3n de insulina, siempre bajo supervisi\u00f3n m\u00e9dica, podr\u00eda ayudar en el tratamiento de la diabetes. Tambi\u00e9n utilizada para tratar infecciones urinarias. Se pueden usar para estimular el proceso de regeneraci\u00f3n de tejidos por su poder cicatrizante.<\/p>\n<h2><strong>Beneficios del Suplemento Natural DiabeOut:<\/strong><\/h2>\n<ul>\n<li>Puede ayudar a combatir Infecci\u00f3n en ri\u00f1ones<\/li>\n<li>Disminuye niveles de colesterol malo<\/li>\n<li>Gran apoyo para niveles de glucosa<\/li>\n<li>Favorece la generaci\u00f3n de insulina<\/li>\n<li>Brinda niveles inferiores de az\u00facar en sangre<\/li>\n<li>Apoya en la p\u00e9rdida de peso saludable<\/li>\n<li>Tiene propiedades antis\u00e9pticas y cicatrizantes<\/li>\n<\/ul>\n<h3><strong>Ingredientes:<\/strong><\/h3>\n<ul>\n<li>\u00c1cido alphalipoico.<\/li>\n<li>Pata de vaca.<\/li>\n<li>Complejo B.<\/li>\n<li>Nopal.<\/li>\n<li>Chaya.<\/li>\n<li>Noni taitiano.<\/li>\n<li>Wereke.<\/li>\n<li>Cauchalate.<\/li>\n<li>Complejo de 75 minerales.<\/li>\n<li>Vitamina A.<\/li>\n<li>Vitamina E.<\/li>\n<li>Moringa.<\/li>\n<li>C\u00farcuma.<\/li>\n<li>Mel\u00f3n amargo (momordica charantia).<\/li>\n<\/ul>\n<h2>Modo de uso<\/h2>\n<h3>V\u00eda oral:<\/h3>\n<p>Tomar 2 capletas 3 veces al d\u00eda acompa\u00f1ada de los alimentos.<\/p>\n<h2>Precauciones:<\/h2>\n<ul>\n<li>No ingerir este producto en caso de embarazo o lactancia.<\/li>\n<li>Es responsabilidad de quien lo consuma o lo recomienda.<\/li>\n<li>No est\u00e1 aprobado por la FDA.<\/li>\n<li>Los resultados pueden variar.<\/li>\n<\/ul>\n","protected":false},"excerpt":{"rendered":"<p>DiabeOut Suplemento 60 Capletas 1g. Pata de Vaca, Complejo B y Moringa &#8211; Niveles Saludables de Az\u00facar y Glucosa, Soporte 100% Natural La diabetes es una enfermedad que afecta a muchas personas. Es una afecci\u00f3n cr\u00f3nica que puede provocar graves complicaciones de salud. La diabetes es la s\u00e9ptima causa de muerte en Estados Unidos. Cada &hellip; <br \/><a href=\"https:\/\/arikae.com\/index.php\/product\/diabeout-suplemento-60-capletas-1g\/\" class=\"more-link\">Continue reading <span class=\"screen-reader-text\">DiabeOut Suplemento 60 Capletas 1g.<\/span><\/a><\/p>\n","protected":false},"featured_media":7111,"comment_status":"open","ping_status":"closed","template":"","meta":[],"product_cat":[90],"product_tag":[],"_links":{"self":[{"href":"https:\/\/arikae.com\/index.php\/wp-json\/wp\/v2\/product\/7065"}],"collection":[{"href":"https:\/\/arikae.com\/index.php\/wp-json\/wp\/v2\/product"}],"about":[{"href":"https:\/\/arikae.com\/index.php\/wp-json\/wp\/v2\/types\/product"}],"replies":[{"embeddable":true,"href":"https:\/\/arikae.com\/index.php\/wp-json\/wp\/v2\/comments?post=7065"}],"wp:featuredmedia":[{"embeddable":true,"href":"https:\/\/arikae.com\/index.php\/wp-json\/wp\/v2\/media\/7111"}],"wp:attachment":[{"href":"https:\/\/arikae.com\/index.php\/wp-json\/wp\/v2\/media?parent=7065"}],"wp:term":[{"taxonomy":"product_cat","embeddable":true,"href":"https:\/\/arikae.com\/index.php\/wp-json\/wp\/v2\/product_cat?post=7065"},{"taxonomy":"product_tag","embeddable":true,"href":"https:\/\/arikae.com\/index.php\/wp-json\/wp\/v2\/product_tag?post=7065"}],"curies":[{"name":"wp","href":"https:\/\/api.w.org\/{rel}","templated":true}]}}