{"id":7066,"date":"2023-07-07T20:22:58","date_gmt":"2023-07-07T19:22:58","guid":{"rendered":"https:\/\/arikae.com\/?post_type=product&#038;p=7066"},"modified":"2023-07-07T21:42:10","modified_gmt":"2023-07-07T20:42:10","slug":"desintoxicador-de-organos-suplemento-60-capletas-1g","status":"publish","type":"product","link":"https:\/\/arikae.com\/index.php\/product\/desintoxicador-de-organos-suplemento-60-capletas-1g\/","title":{"rendered":"Desintoxicador de \u00d3rganos Suplemento 60 Capletas 1g."},"content":{"rendered":"<h1>Desintoxicador de \u00d3rganos Suplemento 60 Capletas 1g. Limpieza Total de Colon y Est\u00f3mago, Formula Herbal Avanzada<\/h1>\n<p>A medida que pasa el tiempo, el organismo va acumulando los desechos de la comida y<strong>\u00a0de las diferentes reacciones bioqu\u00edmicas del organismo en diferentes \u00e1reas.<\/strong> Esto provoca todo tipo de enfermedades y trastornos. Por lo tanto, la desintoxicaci\u00f3n de los diferentes \u00f3rganos es fundamental para tener una buena salud. Este proceso tambi\u00e9n\u00a0<strong>te ayudar\u00e1 a bajar de peso<\/strong>, evitar caer enfermo con frecuencia e incluso estar de mejor humor.<\/p>\n<p>El suplemento <strong>Desintoxicador de \u00d3rganos <\/strong>contiene 60 tabletas de 1000 mg. cada una y son de gran ayuda para\u00a0 mantener niveles saludables de colesterol. Apoya el control de un peso saludable, impulsa el sistema inmunol\u00f3gico y brinda energ\u00eda que el cuerpo necesita. Ayuda en la limpieza de acumulaci\u00f3n de toxinas en el intestino, los ri\u00f1ones y el h\u00edgado. Promueve movimientos frecuentes en los intestinos y ello conlleva a mayor sensaci\u00f3n de ligereza beneficiando en gran manera nuestra salud y bienestar. \u00a0Ayuda a que los \u00f3rganos del cuerpo cumpla con su funci\u00f3n correctamente.<\/p>\n<h2>Beneficios del <span style=\"font-size: 27.2px;\">Desintoxicador<\/span> de \u00f3rganos:<\/h2>\n<ul>\n<li>Nutre, apoya y rejuvenece tanto el h\u00edgado como los ri\u00f1ones.<\/li>\n<li>Protege el cuerpo de los da\u00f1os causados por los radicales libres y el estr\u00e9s.<\/li>\n<li>Promueve la funci\u00f3n normal y saludable del h\u00edgado y los ri\u00f1ones.<\/li>\n<li>Aumente la energ\u00eda y vitalidad.<\/li>\n<li>Apoya el control de un peso saludable.<\/li>\n<li>Impulsa el sistema inmunol\u00f3gico.<\/li>\n<li>Es muy suave para el est\u00f3mago.<\/li>\n<li>Ayuda a reactivar el sistema digestivo.<\/li>\n<\/ul>\n<h1><strong>Ingredientes Naturales del Desintoxicador de \u00d3rganos:<\/strong><\/h1>\n<ul>\n<li>Alcachofa.<\/li>\n<li>Amaranto.<\/li>\n<li>Garcinia cambogia.<\/li>\n<li>Toronja.<\/li>\n<li>Linaza.<\/li>\n<li>Jamaica.<\/li>\n<li>Hoja sen.<\/li>\n<li>Fenogreco.<\/li>\n<li>Xoconoxtle.<\/li>\n<li>Ra\u00edz de nopal.<\/li>\n<li>C\u00e1scara Sagrada.<\/li>\n<li>Casta\u00f1o de indias.<\/li>\n<li>Manzana.<\/li>\n<li>Noni.<\/li>\n<li>Clorifia.<\/li>\n<\/ul>\n<h2>Modo de uso<\/h2>\n<h3>V\u00eda oral:<\/h3>\n<p>Tomar 2 capletas 3 veces al d\u00eda acompa\u00f1ada de los alimentos.<\/p>\n<h2>Precauciones:<\/h2>\n<ul>\n<li>No ingerir este producto en caso de embarazo o lactancia.<\/li>\n<li>Es responsabilidad de quien lo consuma o lo recomienda.<\/li>\n<li>No est\u00e1 aprobado por la FDA.<\/li>\n<li>Los resultados pueden variar.<\/li>\n<\/ul>\n","protected":false},"excerpt":{"rendered":"<p>Desintoxicador de \u00d3rganos Suplemento 60 Capletas 1g. Limpieza Total de Colon y Est\u00f3mago, Formula Herbal Avanzada A medida que pasa el tiempo, el organismo va acumulando los desechos de la comida y\u00a0de las diferentes reacciones bioqu\u00edmicas del organismo en diferentes \u00e1reas. Esto provoca todo tipo de enfermedades y trastornos. Por lo tanto, la desintoxicaci\u00f3n de &hellip; <br \/><a href=\"https:\/\/arikae.com\/index.php\/product\/desintoxicador-de-organos-suplemento-60-capletas-1g\/\" class=\"more-link\">Continue reading <span class=\"screen-reader-text\">Desintoxicador de \u00d3rganos Suplemento 60 Capletas 1g.<\/span><\/a><\/p>\n","protected":false},"featured_media":7113,"comment_status":"open","ping_status":"closed","template":"","meta":[],"product_cat":[90],"product_tag":[],"_links":{"self":[{"href":"https:\/\/arikae.com\/index.php\/wp-json\/wp\/v2\/product\/7066"}],"collection":[{"href":"https:\/\/arikae.com\/index.php\/wp-json\/wp\/v2\/product"}],"about":[{"href":"https:\/\/arikae.com\/index.php\/wp-json\/wp\/v2\/types\/product"}],"replies":[{"embeddable":true,"href":"https:\/\/arikae.com\/index.php\/wp-json\/wp\/v2\/comments?post=7066"}],"wp:featuredmedia":[{"embeddable":true,"href":"https:\/\/arikae.com\/index.php\/wp-json\/wp\/v2\/media\/7113"}],"wp:attachment":[{"href":"https:\/\/arikae.com\/index.php\/wp-json\/wp\/v2\/media?parent=7066"}],"wp:term":[{"taxonomy":"product_cat","embeddable":true,"href":"https:\/\/arikae.com\/index.php\/wp-json\/wp\/v2\/product_cat?post=7066"},{"taxonomy":"product_tag","embeddable":true,"href":"https:\/\/arikae.com\/index.php\/wp-json\/wp\/v2\/product_tag?post=7066"}],"curies":[{"name":"wp","href":"https:\/\/api.w.org\/{rel}","templated":true}]}}