{"id":7067,"date":"2023-07-07T20:22:58","date_gmt":"2023-07-07T19:22:58","guid":{"rendered":"https:\/\/arikae.com\/?post_type=product&#038;p=7067"},"modified":"2023-07-08T21:22:34","modified_gmt":"2023-07-08T20:22:34","slug":"castano-de-indias-suplemento-60-capletas-1g","status":"publish","type":"product","link":"https:\/\/arikae.com\/index.php\/product\/castano-de-indias-suplemento-60-capletas-1g\/","title":{"rendered":"Casta\u00f1o de Indias Suplemento 60 Capletas 1g."},"content":{"rendered":"<h1>Casta\u00f1o de Indias Suplemento 60 Capletas 1g. Soporte Natural para la Circulaci\u00f3n, Piernas con V\u00e1rices y Hemorroides<\/h1>\n<p>El casta\u00f1o de Indias es un gran \u00e1rbol caducifolio originario de Europa, Asia y el norte de \u00c1frica, alcanza una altura de 12 metros y una extensi\u00f3n de 10 metros. El casta\u00f1o de Indias se caracteriza por sus grandes y brillantes hojas verdes y sus racimos de flores blancas, rosas o rojas,\u00a0 florece en primavera y sus flores son polinizadas por las abejas, produce un fruto grande y marr\u00f3n que est\u00e1 envuelto en una c\u00e1scara verde y espinosa.<\/p>\n<p>Los suplementos a base de casta\u00f1o de Indias se elaboran con el extracto del fruto del casta\u00f1o de Indias. Estos suplementos est\u00e1n disponibles en forma de c\u00e1psulas, comprimidos y l\u00edquidos, se utilizan para tratar diversas afecciones, como la insuficiencia venosa, la insuficiencia venosa cr\u00f3nica, el linfedema, las hemorroides, las varices y la flebitis. Los suplementos a base de casta\u00f1o de Indias tambi\u00e9n se utilizan para mejorar la circulaci\u00f3n, reducir la inflamaci\u00f3n y la hinchaz\u00f3n y fortalecer los capilares y los vasos sangu\u00edneos.<\/p>\n<p><strong>Suplemento Casta\u00f1o de Indias <\/strong>es auxiliar en varices, piernas cansadas y entumidas, hinchaz\u00f3n, mala circulaci\u00f3n, calambres, flebitis, hemorroides. Ayudando a promover la circulaci\u00f3n de la sangre sana, lo que puede causar un molesto sensaci\u00f3n de cosquilleo en sus extremidades inferiores, y ayuda a mejorar el drenaje de antiest\u00e9ticas las varices.<\/p>\n<h2><strong>Beneficios del Suplemento Casta\u00f1o de Indias:<\/strong><\/h2>\n<ul>\n<li>Auxiliar en el hormigueo de piernas y manos.<\/li>\n<li><span style=\"font-family: -apple-system, BlinkMacSystemFont, 'Segoe UI', Roboto, Oxygen-Sans, Ubuntu, Cantarell, 'Helvetica Neue', sans-serif;\">Mejora la circulaci\u00f3n sangu\u00ednea.<\/span><\/li>\n<li>Previene la hinchaz\u00f3n de las piernas.<\/li>\n<li>Evita y disminuye las hemorroides.<\/li>\n<li>Ayuda con problemas de calambres musculares.<\/li>\n<li>Evita las varices y capilares.<\/li>\n<li>Mejora las venas varices.<\/li>\n<li>Tiene funci\u00f3n de regulador menstrual.<\/li>\n<\/ul>\n<h2><strong>Ingredientes:<\/strong><\/h2>\n<ul>\n<li>Casta\u00f1o de India.<\/li>\n<li>Hamamelis.<\/li>\n<li>Mikania.<\/li>\n<li>Cancerina.<\/li>\n<li>Palo de Brasil.<\/li>\n<li>Ahuehuete.<\/li>\n<li>Ginkgo.<\/li>\n<li>Gotukola.<\/li>\n<li>Pamplina.<\/li>\n<\/ul>\n<h2>Modo de uso<\/h2>\n<h3>V\u00eda oral:<\/h3>\n<p>Tomar 2 capletas 3 veces al d\u00eda acompa\u00f1ada de los alimentos.<\/p>\n<h2>Precauciones:<\/h2>\n<ul>\n<li>No ingerir este producto en caso de embarazo o lactancia.<\/li>\n<li>Es responsabilidad de quien lo consuma o lo recomienda.<\/li>\n<li>No est\u00e1 aprobado por la FDA.<\/li>\n<li>Los resultados pueden variar.<\/li>\n<\/ul>\n","protected":false},"excerpt":{"rendered":"<p>Casta\u00f1o de Indias Suplemento 60 Capletas 1g. Soporte Natural para la Circulaci\u00f3n, Piernas con V\u00e1rices y Hemorroides El casta\u00f1o de Indias es un gran \u00e1rbol caducifolio originario de Europa, Asia y el norte de \u00c1frica, alcanza una altura de 12 metros y una extensi\u00f3n de 10 metros. El casta\u00f1o de Indias se caracteriza por sus &hellip; <br \/><a href=\"https:\/\/arikae.com\/index.php\/product\/castano-de-indias-suplemento-60-capletas-1g\/\" class=\"more-link\">Continue reading <span class=\"screen-reader-text\">Casta\u00f1o de Indias Suplemento 60 Capletas 1g.<\/span><\/a><\/p>\n","protected":false},"featured_media":7314,"comment_status":"open","ping_status":"closed","template":"","meta":[],"product_cat":[90],"product_tag":[],"_links":{"self":[{"href":"https:\/\/arikae.com\/index.php\/wp-json\/wp\/v2\/product\/7067"}],"collection":[{"href":"https:\/\/arikae.com\/index.php\/wp-json\/wp\/v2\/product"}],"about":[{"href":"https:\/\/arikae.com\/index.php\/wp-json\/wp\/v2\/types\/product"}],"replies":[{"embeddable":true,"href":"https:\/\/arikae.com\/index.php\/wp-json\/wp\/v2\/comments?post=7067"}],"wp:featuredmedia":[{"embeddable":true,"href":"https:\/\/arikae.com\/index.php\/wp-json\/wp\/v2\/media\/7314"}],"wp:attachment":[{"href":"https:\/\/arikae.com\/index.php\/wp-json\/wp\/v2\/media?parent=7067"}],"wp:term":[{"taxonomy":"product_cat","embeddable":true,"href":"https:\/\/arikae.com\/index.php\/wp-json\/wp\/v2\/product_cat?post=7067"},{"taxonomy":"product_tag","embeddable":true,"href":"https:\/\/arikae.com\/index.php\/wp-json\/wp\/v2\/product_tag?post=7067"}],"curies":[{"name":"wp","href":"https:\/\/api.w.org\/{rel}","templated":true}]}}