{"id":7068,"date":"2023-07-07T20:22:58","date_gmt":"2023-07-07T19:22:58","guid":{"rendered":"https:\/\/arikae.com\/?post_type=product&#038;p=7068"},"modified":"2023-07-07T21:10:13","modified_gmt":"2023-07-07T20:10:13","slug":"cardo-mariano-suplemento-60-capletas-1g","status":"publish","type":"product","link":"https:\/\/arikae.com\/index.php\/product\/cardo-mariano-suplemento-60-capletas-1g\/","title":{"rendered":"Cardo Mariano Suplemento 60 Capletas 1g."},"content":{"rendered":"<h1>Cardo Mariano Suplemento 60 Capletas 1g. Silimariano Soporte Natural para la Limpieza del H\u00edgado Graso<\/h1>\n<p>El cardo mariano es una planta que se ha utilizado durante siglos en la medicina tradicional para tratar diversas dolencias. El ingrediente activo del cardo mariano es la silimarina, a la que se atribuyen propiedades antioxidantes y antiinflamatorias. Existen pruebas que sugieren que el cardo mariano puede tener un efecto positivo en la salud del h\u00edgado. Se ha demostrado que el cardo mariano protege el h\u00edgado de los da\u00f1os causados por las toxinas, como el alcohol y ciertos medicamentos.<\/p>\n<p>Tambi\u00e9n puede ayudar a reducir la inflamaci\u00f3n y promover la regeneraci\u00f3n celular. Tambi\u00e9n se cree que el cardo mariano refuerza el sistema inmunitario y ayuda a combatir las infecciones. Algunos estudios han demostrado que el cardo mariano puede ayudar a reducir la gravedad de los resfriados y la gripe.\u00a0 A continuaci\u00f3n te presentamos un suplemento a base de <strong>Cardo Marin o Cardo Mariano <\/strong>que se le atribuyen propiedades antioxidantes.<\/p>\n<p><strong>Nuestro Suplemento Cardo Marin<\/strong> Favorece la secreci\u00f3n de la ves\u00edcula biliar, por lo que se recomienda en caso de insuficiencia hep\u00e1tica o de c\u00e1lculos biliares, es asimismo un hemost\u00e1tico natural utilizado en el caso de hemorragias nasales frecuentes y de reglas muy abundantes. Recomendado para combatir la grasa en el h\u00edgado y podr\u00eda ayudar a repara da\u00f1os causados por alcohol.<\/p>\n<h2><strong>Beneficios del Suplemento Cardo Marin<\/strong><\/h2>\n<ul>\n<li>Puede ayudar a promover una piel saludable<\/li>\n<li>Limpia el h\u00edgado graso<\/li>\n<li>Ayuda con los da\u00f1os ocasionados por el consumo de alcohol<\/li>\n<li>Normaliza desordenes menstruales<\/li>\n<li>Beneficioso para aquellos que quieren perder peso<\/li>\n<li>Puede ayudar a reducir la inflamaci\u00f3n<\/li>\n<li>Ayuda a prevenir la p\u00e9rdida \u00f3sea<\/li>\n<\/ul>\n<h2><strong>Ingredientes del suplemento:<\/strong><\/h2>\n<ul>\n<li>Cardo mariano<\/li>\n<li>Boldo<\/li>\n<li>Diente de le\u00f3n<\/li>\n<li>Alcachofa<\/li>\n<li>Anis estrella<\/li>\n<li>Cuasia<\/li>\n<\/ul>\n<h2>Modo de uso<\/h2>\n<h3>V\u00eda oral:<\/h3>\n<p>Tomar 2 capletas 3 veces al d\u00eda acompa\u00f1ada de los alimentos.<\/p>\n<h2>Precauciones:<\/h2>\n<ul>\n<li>No ingerir este producto en caso de embarazo o lactancia.<\/li>\n<li>Es responsabilidad de quien lo consuma o lo recomienda.<\/li>\n<li>No est\u00e1 aprobado por la FDA.<\/li>\n<li>Los resultados pueden variar.<\/li>\n<\/ul>\n","protected":false},"excerpt":{"rendered":"<p>Cardo Mariano Suplemento 60 Capletas 1g. Silimariano Soporte Natural para la Limpieza del H\u00edgado Graso El cardo mariano es una planta que se ha utilizado durante siglos en la medicina tradicional para tratar diversas dolencias. El ingrediente activo del cardo mariano es la silimarina, a la que se atribuyen propiedades antioxidantes y antiinflamatorias. Existen pruebas &hellip; <br \/><a href=\"https:\/\/arikae.com\/index.php\/product\/cardo-mariano-suplemento-60-capletas-1g\/\" class=\"more-link\">Continue reading <span class=\"screen-reader-text\">Cardo Mariano Suplemento 60 Capletas 1g.<\/span><\/a><\/p>\n","protected":false},"featured_media":7213,"comment_status":"open","ping_status":"closed","template":"","meta":[],"product_cat":[90],"product_tag":[],"_links":{"self":[{"href":"https:\/\/arikae.com\/index.php\/wp-json\/wp\/v2\/product\/7068"}],"collection":[{"href":"https:\/\/arikae.com\/index.php\/wp-json\/wp\/v2\/product"}],"about":[{"href":"https:\/\/arikae.com\/index.php\/wp-json\/wp\/v2\/types\/product"}],"replies":[{"embeddable":true,"href":"https:\/\/arikae.com\/index.php\/wp-json\/wp\/v2\/comments?post=7068"}],"wp:featuredmedia":[{"embeddable":true,"href":"https:\/\/arikae.com\/index.php\/wp-json\/wp\/v2\/media\/7213"}],"wp:attachment":[{"href":"https:\/\/arikae.com\/index.php\/wp-json\/wp\/v2\/media?parent=7068"}],"wp:term":[{"taxonomy":"product_cat","embeddable":true,"href":"https:\/\/arikae.com\/index.php\/wp-json\/wp\/v2\/product_cat?post=7068"},{"taxonomy":"product_tag","embeddable":true,"href":"https:\/\/arikae.com\/index.php\/wp-json\/wp\/v2\/product_tag?post=7068"}],"curies":[{"name":"wp","href":"https:\/\/api.w.org\/{rel}","templated":true}]}}