{"id":7069,"date":"2023-07-07T20:22:58","date_gmt":"2023-07-07T19:22:58","guid":{"rendered":"https:\/\/arikae.com\/?post_type=product&#038;p=7069"},"modified":"2026-03-07T11:03:44","modified_gmt":"2026-03-07T11:03:44","slug":"5-ajos-y-ginkgo-biloba-suplemento-60-capletas-1g","status":"publish","type":"product","link":"https:\/\/arikae.com\/index.php\/product\/5-ajos-y-ginkgo-biloba-suplemento-60-capletas-1g\/","title":{"rendered":"5 Ajos y Ginkgo Biloba Suplemento 60 Capletas 1g."},"content":{"rendered":"<h1>5 Ajos y Ginkgo Biloba Suplemento 60 Capletas 1g. E<span id=\"productTitle\" class=\"a-size-large product-title-word-break\">xtra Fuerte para Soporte Cardiovascular<\/span><\/h1>\n<p>Cuando se trata de suplementos, hay pocos que puedan presumir de los mismos beneficios para la salud que el ajo. Esta peque\u00f1a y humilde hierba se ha utilizado durante siglos para tratar una amplia gama de dolencias, y la ciencia moderna s\u00f3lo est\u00e1 empezando a descubrir su potencial.<\/p>\n<p>El ajo contiene compuestos sulfurados que ejercen acci\u00f3n antioxidante en el organismo, esto reduce as\u00ed el estr\u00e9s oxidativo y evitan el da\u00f1o que causan los radicales libres a las c\u00e9lulas, previniendo el surgimiento de enfermedades cr\u00f3nicas y mejorando el aspecto de la piel.<\/p>\n<p>Cuando comiences a consumir nuestro suplemento natural 5 ajos, comenzaras a experimentar los grandes beneficios que tiene el ajo en nuestra salud.<\/p>\n<h2>Beneficios del suplemento 5 ajos:<\/h2>\n<ul>\n<li>Mejora la circulaci\u00f3n de la sangre.<\/li>\n<li>Auxiliar en el tratamiento de la artritis.<\/li>\n<li>Alivia los dolores musculares.<\/li>\n<li>Mejora el sistema cardiovascular.<\/li>\n<li>Ayuda a sobre llevar el reumatismo.<\/li>\n<\/ul>\n<h2>Ingredientes:<\/h2>\n<p>&nbsp;<\/p>\n<h2>Modo de uso<\/h2>\n<h3>V\u00eda oral:<\/h3>\n<p>Tomar 2 capletas 3 veces al d\u00eda acompa\u00f1ada de los alimentos.<\/p>\n<h2>Precauciones:<\/h2>\n<ul>\n<li>No ingerir este producto en caso de embarazo o lactancia.<\/li>\n<li>Es responsabilidad de quien lo consuma o lo recomienda.<\/li>\n<li>No est\u00e1 aprobado por la FDA.<\/li>\n<li>Los resultados pueden variar.<\/li>\n<\/ul>\n","protected":false},"excerpt":{"rendered":"<p>5 Ajos y Ginkgo Biloba Suplemento 60 Capletas 1g. Extra Fuerte para Soporte Cardiovascular Cuando se trata de suplementos, hay pocos que puedan presumir de los mismos beneficios para la salud que el ajo. Esta peque\u00f1a y humilde hierba se ha utilizado durante siglos para tratar una amplia gama de dolencias, y la ciencia moderna &hellip; <br \/><a href=\"https:\/\/arikae.com\/index.php\/product\/5-ajos-y-ginkgo-biloba-suplemento-60-capletas-1g\/\" class=\"more-link\">Continue reading <span class=\"screen-reader-text\">5 Ajos y Ginkgo Biloba Suplemento 60 Capletas 1g.<\/span><\/a><\/p>\n","protected":false},"featured_media":7212,"comment_status":"open","ping_status":"closed","template":"","meta":[],"product_cat":[90],"product_tag":[],"_links":{"self":[{"href":"https:\/\/arikae.com\/index.php\/wp-json\/wp\/v2\/product\/7069"}],"collection":[{"href":"https:\/\/arikae.com\/index.php\/wp-json\/wp\/v2\/product"}],"about":[{"href":"https:\/\/arikae.com\/index.php\/wp-json\/wp\/v2\/types\/product"}],"replies":[{"embeddable":true,"href":"https:\/\/arikae.com\/index.php\/wp-json\/wp\/v2\/comments?post=7069"}],"wp:featuredmedia":[{"embeddable":true,"href":"https:\/\/arikae.com\/index.php\/wp-json\/wp\/v2\/media\/7212"}],"wp:attachment":[{"href":"https:\/\/arikae.com\/index.php\/wp-json\/wp\/v2\/media?parent=7069"}],"wp:term":[{"taxonomy":"product_cat","embeddable":true,"href":"https:\/\/arikae.com\/index.php\/wp-json\/wp\/v2\/product_cat?post=7069"},{"taxonomy":"product_tag","embeddable":true,"href":"https:\/\/arikae.com\/index.php\/wp-json\/wp\/v2\/product_tag?post=7069"}],"curies":[{"name":"wp","href":"https:\/\/api.w.org\/{rel}","templated":true}]}}