{"id":7070,"date":"2023-07-07T20:22:58","date_gmt":"2023-07-07T19:22:58","guid":{"rendered":"https:\/\/arikae.com\/?post_type=product&#038;p=7070"},"modified":"2023-07-07T21:03:46","modified_gmt":"2023-07-07T20:03:46","slug":"super-inmune-kids-moringa-suplemento-60-capletas-1g","status":"publish","type":"product","link":"https:\/\/arikae.com\/index.php\/product\/super-inmune-kids-moringa-suplemento-60-capletas-1g\/","title":{"rendered":"Super Inmune Kids Moringa Suplemento 60 Capletas 1g."},"content":{"rendered":"<h1>Super Inmune Kids Moringa Suplemento 60 Capletas 1g. para Aumentar Defensas en los Ni\u00f1os, Mejora el Sistema Inmunol\u00f3gico con Capletas Masticables<\/h1>\n<p>Como padre, es natural que quieras hacer todo lo posible para que tus hijos est\u00e9n sanos y sean felices. Y aunque hay muchas cosas que puede hacer para ayudarles a llevar una vida sana, una de las m\u00e1s importantes es asegurarse de que reciben los nutrientes adecuados.<\/p>\n<p>Las vitaminas y los minerales son esenciales para el crecimiento y el desarrollo de los ni\u00f1os. Ayudan a fortalecer los huesos y los dientes, y tambi\u00e9n intervienen en el metabolismo, la funci\u00f3n celular y el sistema inmunitario. Aunque se pueden obtener algunas vitaminas y minerales a partir de los alimentos que se consumen, a menudo es dif\u00edcil obtener lo suficiente s\u00f3lo con la dieta. Por eso muchos ni\u00f1os necesitan tomar suplementos.<\/p>\n<p>El suplemento Super Inmune Kids tiene una alta concentraci\u00f3n de nutrientes de<strong> la moringa que basta con que los ni\u00f1os consuman una poca cantidad al d\u00eda para estar sanos.<\/strong> Si se combina la moringa junto con alimentos y si estos se preparan de una forma creativa los ni\u00f1os ni siquiera la notar\u00e1n. Super Inmune Kids de Natural de M\u00e9xico es un suplemento especialmente formulado para los ni\u00f1os, contiene todas las propiedades de la moringa fortaleciendo los m\u00fasculos y huesos, ayuda al correcto desarrollo del cerebro, cuida la piel y la mantiene m\u00e1s saludable adem\u00e1s de mejorar el sistema inmunol\u00f3gico.<\/p>\n<h2>Beneficios del suplemento Super Inmune Kids:<\/h2>\n<ul>\n<li>Fortalece el sistema inmunol\u00f3gico.<\/li>\n<li>Ayuda al buen desarrollo del cerebro.<\/li>\n<li>Potencia la salud de la piel.<\/li>\n<li>Fortalece los m\u00fasculos y huesos.<\/li>\n<\/ul>\n<h2>Ingredientes:<\/h2>\n<p>&nbsp;<\/p>\n<h2>Modo de uso<\/h2>\n<h3>V\u00eda oral:<\/h3>\n<p>Tomar 2 capletas 3 veces al d\u00eda acompa\u00f1ada de los alimentos.<\/p>\n<h2>Precauciones:<\/h2>\n<ul>\n<li>Es responsabilidad de quien lo consuma o lo recomienda.<\/li>\n<li>No est\u00e1 aprobado por la FDA.<\/li>\n<li>Los resultados pueden variar.<\/li>\n<\/ul>\n","protected":false},"excerpt":{"rendered":"<h1><strong>L\u00cdNEA PREMIUM<\/strong><\/h1>\n","protected":false},"featured_media":7211,"comment_status":"open","ping_status":"closed","template":"","meta":[],"product_cat":[90],"product_tag":[],"_links":{"self":[{"href":"https:\/\/arikae.com\/index.php\/wp-json\/wp\/v2\/product\/7070"}],"collection":[{"href":"https:\/\/arikae.com\/index.php\/wp-json\/wp\/v2\/product"}],"about":[{"href":"https:\/\/arikae.com\/index.php\/wp-json\/wp\/v2\/types\/product"}],"replies":[{"embeddable":true,"href":"https:\/\/arikae.com\/index.php\/wp-json\/wp\/v2\/comments?post=7070"}],"wp:featuredmedia":[{"embeddable":true,"href":"https:\/\/arikae.com\/index.php\/wp-json\/wp\/v2\/media\/7211"}],"wp:attachment":[{"href":"https:\/\/arikae.com\/index.php\/wp-json\/wp\/v2\/media?parent=7070"}],"wp:term":[{"taxonomy":"product_cat","embeddable":true,"href":"https:\/\/arikae.com\/index.php\/wp-json\/wp\/v2\/product_cat?post=7070"},{"taxonomy":"product_tag","embeddable":true,"href":"https:\/\/arikae.com\/index.php\/wp-json\/wp\/v2\/product_tag?post=7070"}],"curies":[{"name":"wp","href":"https:\/\/api.w.org\/{rel}","templated":true}]}}