{"id":7071,"date":"2023-07-07T20:22:58","date_gmt":"2023-07-07T19:22:58","guid":{"rendered":"https:\/\/arikae.com\/?post_type=product&#038;p=7071"},"modified":"2023-07-07T21:00:20","modified_gmt":"2023-07-07T20:00:20","slug":"menopausia-suplemento-herbal-60-capletas-1g","status":"publish","type":"product","link":"https:\/\/arikae.com\/index.php\/product\/menopausia-suplemento-herbal-60-capletas-1g\/","title":{"rendered":"Menopausia Suplemento Herbal 60 Capletas 1g."},"content":{"rendered":"<h1><strong>Menopausia Suplemento Herbal 60 Capletas 1g. Soporte Completo para la Menopausia, Antes, Durante y Despues<\/strong><\/h1>\n<p>La menopausia es el fin del ciclo menstrual de la mujer. Suele producirse en torno a los 51 a\u00f1os, pero puede ocurrir antes o despu\u00e9s. La edad media de la menopausia es de 51 a\u00f1os, pero las mujeres pueden experimentar la menopausia a partir de los 40 a\u00f1os o hasta los 60. Hay muchos factores que pueden influir en el momento en que una mujer llega a la menopausia, como sus antecedentes familiares, su condici\u00f3n de fumadora y su estado de salud general. La menopausia est\u00e1 causada por una disminuci\u00f3n de la producci\u00f3n de las hormonas estr\u00f3geno y progesterona. Esta disminuci\u00f3n puede producirse de forma gradual o repentina.<\/p>\n<p>Cuando ocurre de forma repentina, se llama &#8220;menopausia quir\u00fargica&#8221;. Los s\u00edntomas de la menopausia pueden variar de una mujer a otra. Algunas mujeres no tienen ning\u00fan s\u00edntoma. Otras pueden tener algunos o todos los s\u00edntomas siguientes: Sofocos Sudores nocturnos Problemas de sue\u00f1o, Irritabilidad Cambios de humor, Depresi\u00f3n, Ansiedad, Problemas de memoria, Aumento de peso, Sequedad vaginal, Dolor durante las relaciones sexuales. Los s\u00edntomas de la menopausia pueden ser leves o graves. Pueden durar unos meses o varios a\u00f1os.<\/p>\n<p>Para poder sobre llevar lo s\u00edntomas de esta etapa se recomienda consumir alg\u00fan suplemento natural Menopausia, te presentamos nuestro suplemento formulado especialmente para ayuda a mejorar la calidad de vida de las mujeres durante este tiempo. Lo mejor de todo es que es totalmente natural, algo muy importante para que no sufras de efectos secundarios.<\/p>\n<h2>Beneficios del Suplemento Menopausia<\/h2>\n<ul>\n<li>Mejora el estado de \u00e1nimo.<\/li>\n<li>Ayuda a reducir los sofocos y los sudores nocturnos.<\/li>\n<li>Ayuda a controlar los cambios de humor y la ansiedad causada por la menopausia.<\/li>\n<li>Sin hormonas sint\u00e9ticas ni de origen animal o humano.<\/li>\n<li>Para aliviar los sofocos y los sudores nocturnos.<\/li>\n<li>Mejora la irritabilidad y el estado de \u00e1nimo.<\/li>\n<li>Favorece la agudeza mental y reforzar la memoria.<\/li>\n<\/ul>\n<h3><strong>Ingredientes:<\/strong><\/h3>\n<ul>\n<li>Vitamina C, D, E<\/li>\n<li>Vitamina B1, B2, B6<\/li>\n<li>C\u00farcuma<\/li>\n<li>Moringa<\/li>\n<li>Condoritina<\/li>\n<li>Pasiflora<\/li>\n<li>Zink<\/li>\n<li>Ginko Biloba<\/li>\n<li>Cohosh Negro<\/li>\n<li>Don Quai<\/li>\n<li>\u00d1ame Silvestre<\/li>\n<li>Col\u00e1geno<\/li>\n<\/ul>\n<h2>Modo de uso<\/h2>\n<h3>V\u00eda oral:<\/h3>\n<p>Tomar 2 capletas 3 veces al d\u00eda acompa\u00f1ada de los alimentos.<\/p>\n<h2>Precauciones:<\/h2>\n<ul>\n<li>No ingerir este producto en caso de embarazo o lactancia.<\/li>\n<li>Es responsabilidad de quien lo consuma o lo recomienda.<\/li>\n<li>No est\u00e1 aprobado por la FDA.<\/li>\n<li>Los resultados pueden variar.<\/li>\n<\/ul>\n","protected":false},"excerpt":{"rendered":"<p>Menopausia Suplemento Herbal 60 Capletas 1g. Soporte Completo para la Menopausia, Antes, Durante y Despues La menopausia es el fin del ciclo menstrual de la mujer. Suele producirse en torno a los 51 a\u00f1os, pero puede ocurrir antes o despu\u00e9s. La edad media de la menopausia es de 51 a\u00f1os, pero las mujeres pueden experimentar &hellip; <br \/><a href=\"https:\/\/arikae.com\/index.php\/product\/menopausia-suplemento-herbal-60-capletas-1g\/\" class=\"more-link\">Continue reading <span class=\"screen-reader-text\">Menopausia Suplemento Herbal 60 Capletas 1g.<\/span><\/a><\/p>\n","protected":false},"featured_media":7210,"comment_status":"open","ping_status":"closed","template":"","meta":[],"product_cat":[90],"product_tag":[],"_links":{"self":[{"href":"https:\/\/arikae.com\/index.php\/wp-json\/wp\/v2\/product\/7071"}],"collection":[{"href":"https:\/\/arikae.com\/index.php\/wp-json\/wp\/v2\/product"}],"about":[{"href":"https:\/\/arikae.com\/index.php\/wp-json\/wp\/v2\/types\/product"}],"replies":[{"embeddable":true,"href":"https:\/\/arikae.com\/index.php\/wp-json\/wp\/v2\/comments?post=7071"}],"wp:featuredmedia":[{"embeddable":true,"href":"https:\/\/arikae.com\/index.php\/wp-json\/wp\/v2\/media\/7210"}],"wp:attachment":[{"href":"https:\/\/arikae.com\/index.php\/wp-json\/wp\/v2\/media?parent=7071"}],"wp:term":[{"taxonomy":"product_cat","embeddable":true,"href":"https:\/\/arikae.com\/index.php\/wp-json\/wp\/v2\/product_cat?post=7071"},{"taxonomy":"product_tag","embeddable":true,"href":"https:\/\/arikae.com\/index.php\/wp-json\/wp\/v2\/product_tag?post=7071"}],"curies":[{"name":"wp","href":"https:\/\/api.w.org\/{rel}","templated":true}]}}