{"id":7072,"date":"2023-07-07T20:22:58","date_gmt":"2023-07-07T19:22:58","guid":{"rendered":"https:\/\/arikae.com\/?post_type=product&#038;p=7072"},"modified":"2023-07-07T20:56:56","modified_gmt":"2023-07-07T19:56:56","slug":"5-macas-peruanas-suplemento-60-capletas-1g","status":"publish","type":"product","link":"https:\/\/arikae.com\/index.php\/product\/5-macas-peruanas-suplemento-60-capletas-1g\/","title":{"rendered":"5 Macas Peruanas Suplemento 60 Capletas 1g."},"content":{"rendered":"<h1><strong>5 Macas Peruanas Suplemento 60 Capletas 1g. E<span class=\"a-size-large product-title-word-break\">xtracto Natural de Macas, <\/span><span id=\"productTitle\" class=\"a-size-large product-title-word-break\">Vitalidad para hombres con Absorci\u00f3n y Potencia Superiores<\/span><\/strong><\/h1>\n<p>Cuando se trata de mantener nuestro cuerpo sano y funcionando correctamente, a menudo pasamos por alto la importancia de una dieta equilibrada. Aunque pensemos que obtenemos todos los nutrientes que necesitamos de los alimentos que comemos, la realidad es que nuestras dietas suelen carecer de vitaminas y minerales clave. Aqu\u00ed es donde entran en juego los suplementos, y un suplemento que ha estado ganando mucha atenci\u00f3n \u00faltimamente es la maca.<\/p>\n<p>La maca es un tub\u00e9rculo originario de Per\u00fa que los ind\u00edgenas han utilizado durante siglos por sus numerosos beneficios para la salud. Hoy en d\u00eda, la maca est\u00e1 disponible en forma de polvo o pastillas. <span style=\"font-weight: 400;\">Nuestro suplemento 5 Macas Peruanas <\/span><span style=\"font-weight: 400;\">no solo puede ayudar frente a trastornos hormonales, sino que puede convertirse en un <\/span><b>buen aliado para disfrutar m\u00e1s del sexo<\/b><span style=\"font-weight: 400;\">, pues aumenta la libido, reduce el estr\u00e9s y el cansancio.<\/span><\/p>\n<h2><strong>Beneficios del suplemento 5 macas:<\/strong><\/h2>\n<ul>\n<li dir=\"ltr\" role=\"presentation\">Mejora el rendimiento deportivo y favorece la recuperaci\u00f3n.<\/li>\n<li dir=\"ltr\" role=\"presentation\">Retrasa la aparici\u00f3n de la fatiga muscular.<\/li>\n<li dir=\"ltr\" role=\"presentation\">Aumenta nuestra energ\u00eda y nuestra resistencia.<\/li>\n<li dir=\"ltr\" role=\"presentation\">Regula el \u00e1mbito hormonal.<\/li>\n<li dir=\"ltr\" role=\"presentation\">Aumenta la fertilidad en hombres y mujeres.<\/li>\n<li dir=\"ltr\" role=\"presentation\">Retrasa el envejecimiento celular por su poder antioxidante.<\/li>\n<li dir=\"ltr\" role=\"presentation\">Ayuda a reducir el estado de estr\u00e9s.<\/li>\n<li dir=\"ltr\" role=\"presentation\">Se recomienda a aquellas personas adultas que quieran aportar energ\u00eda y vitalidad para combatir el cansancio y la fatiga<\/li>\n<li dir=\"ltr\" role=\"presentation\">Proporcionar energ\u00eda, vigor y son estimulantes que nos ayudan contra el cansancio, favorecen la resistencia.<\/li>\n<\/ul>\n<h2>Ingredientes:<\/h2>\n<ul>\n<li>Maca roja.<\/li>\n<li>Maca del Per\u00fa.<\/li>\n<li>Maca Negra.<\/li>\n<li>Maca amarilla.<\/li>\n<li>Maca de Indonesia.<\/li>\n<\/ul>\n<h2>Modo de uso<\/h2>\n<h3>V\u00eda oral:<\/h3>\n<p>Tomar 2 capletas 3 veces al d\u00eda acompa\u00f1ada de los alimentos.<\/p>\n<h2>Precauciones:<\/h2>\n<ul>\n<li>No ingerir este producto en caso de embarazo o lactancia.<\/li>\n<li>Es responsabilidad de quien lo consuma o lo recomienda.<\/li>\n<li>No est\u00e1 aprobado por la FDA.<\/li>\n<li>Los resultados pueden variar.<\/li>\n<\/ul>\n","protected":false},"excerpt":{"rendered":"<p>5 Macas Peruanas Suplemento 60 Capletas 1g. Extracto Natural de Macas, Vitalidad para hombres con Absorci\u00f3n y Potencia Superiores Cuando se trata de mantener nuestro cuerpo sano y funcionando correctamente, a menudo pasamos por alto la importancia de una dieta equilibrada. Aunque pensemos que obtenemos todos los nutrientes que necesitamos de los alimentos que comemos, &hellip; <br \/><a href=\"https:\/\/arikae.com\/index.php\/product\/5-macas-peruanas-suplemento-60-capletas-1g\/\" class=\"more-link\">Continue reading <span class=\"screen-reader-text\">5 Macas Peruanas Suplemento 60 Capletas 1g.<\/span><\/a><\/p>\n","protected":false},"featured_media":7208,"comment_status":"open","ping_status":"closed","template":"","meta":[],"product_cat":[90],"product_tag":[],"_links":{"self":[{"href":"https:\/\/arikae.com\/index.php\/wp-json\/wp\/v2\/product\/7072"}],"collection":[{"href":"https:\/\/arikae.com\/index.php\/wp-json\/wp\/v2\/product"}],"about":[{"href":"https:\/\/arikae.com\/index.php\/wp-json\/wp\/v2\/types\/product"}],"replies":[{"embeddable":true,"href":"https:\/\/arikae.com\/index.php\/wp-json\/wp\/v2\/comments?post=7072"}],"wp:featuredmedia":[{"embeddable":true,"href":"https:\/\/arikae.com\/index.php\/wp-json\/wp\/v2\/media\/7208"}],"wp:attachment":[{"href":"https:\/\/arikae.com\/index.php\/wp-json\/wp\/v2\/media?parent=7072"}],"wp:term":[{"taxonomy":"product_cat","embeddable":true,"href":"https:\/\/arikae.com\/index.php\/wp-json\/wp\/v2\/product_cat?post=7072"},{"taxonomy":"product_tag","embeddable":true,"href":"https:\/\/arikae.com\/index.php\/wp-json\/wp\/v2\/product_tag?post=7072"}],"curies":[{"name":"wp","href":"https:\/\/api.w.org\/{rel}","templated":true}]}}