{"id":7075,"date":"2023-07-07T20:22:59","date_gmt":"2023-07-07T19:22:59","guid":{"rendered":"https:\/\/arikae.com\/?post_type=product&#038;p=7075"},"modified":"2023-07-08T20:56:03","modified_gmt":"2023-07-08T19:56:03","slug":"acido-hialuronico-con-colageno-suplemento-60-capletas-1g","status":"publish","type":"product","link":"https:\/\/arikae.com\/index.php\/product\/acido-hialuronico-con-colageno-suplemento-60-capletas-1g\/","title":{"rendered":"\u00c1cido Hialuronico con Col\u00e1geno Suplemento 60 Capletas 1g."},"content":{"rendered":"<h1>\u00c1cido Hialuronico con Col\u00e1geno Suplemento 60 Capletas 1g. H<span id=\"productTitle\" class=\"a-size-large product-title-word-break\">idrataci\u00f3n y Flexibilidad de la Piel<\/span><\/h1>\n<p>Cuando se trata de suplementos, hay muchas opciones diferentes. Puede ser dif\u00edcil saber cu\u00e1les son los adecuados para usted. Pero cuando se trata de \u00e1cido hialur\u00f3nico, no hay duda de que es una fuente de energ\u00eda cuando se trata de apoyar su salud. El \u00e1cido hialur\u00f3nico es una sustancia que se encuentra de forma natural en el cuerpo. Es un componente clave de la piel y ayuda a mantenerla hidratada y rellena.<\/p>\n<p>Tambi\u00e9n se encuentra en otros tejidos, como las articulaciones y los ojos. A medida que envejecemos, nuestro cuerpo produce cada vez menos \u00e1cido hialur\u00f3nico. Esto puede provocar sequedad, arrugas y otros signos de envejecimiento. Pero los suplementos pueden ayudar a reponer los niveles de \u00e1cido hialur\u00f3nico en el cuerpo y retrasar el proceso de envejecimiento.<\/p>\n<p>Nuestro suplemento herbal es \u00fanico y fabricado por Natural de M\u00e9xico para ayudarte a rejuvenecer por dentro y que se note por fuera. Una de sus propiedades m\u00e1s importantes es la capacidad para atraer y retener el agua, lo que hace que esos tejidos se mantengan en buenas condiciones.<\/p>\n<h2>Beneficios del suplemento de acido Hialuronico:<\/h2>\n<ul>\n<li>Mantiene la piel hidratada.<\/li>\n<li>Retarda la aparici\u00f3n de arrugas.<\/li>\n<li>Elimina arrugas peque\u00f1as reci\u00e9n aparecidas.<\/li>\n<li>Previene la artrosis.<\/li>\n<li>Le da un aspecto suave y terso a la piel<\/li>\n<\/ul>\n<h2>Ingredientes:<\/h2>\n<ul>\n<li>Acido Hialur\u00f3nico<\/li>\n<li>Col\u00e1geno<\/li>\n<li>Omega 3,6,9<\/li>\n<li>Vitamina C<\/li>\n<li>Dextrosa monohidratada<\/li>\n<li>Celulosa microcristalina<\/li>\n<li>Esterato de magnesio<\/li>\n<\/ul>\n<h2>Modo de uso<\/h2>\n<h3>V\u00eda oral:<\/h3>\n<p>Tomar 2 capletas 3 veces al d\u00eda acompa\u00f1ada de los alimentos.<\/p>\n<h2>Precauciones:<\/h2>\n<ul>\n<li>No ingerir este producto en caso de embarazo o lactancia.<\/li>\n<li>Es responsabilidad de quien lo consuma o lo recomienda.<\/li>\n<li>No est\u00e1 aprobado por la FDA.<\/li>\n<li>Los resultados pueden variar.<\/li>\n<\/ul>\n","protected":false},"excerpt":{"rendered":"<p>\u00c1cido Hialuronico con Col\u00e1geno Suplemento 60 Capletas 1g. Hidrataci\u00f3n y Flexibilidad de la Piel Cuando se trata de suplementos, hay muchas opciones diferentes. Puede ser dif\u00edcil saber cu\u00e1les son los adecuados para usted. Pero cuando se trata de \u00e1cido hialur\u00f3nico, no hay duda de que es una fuente de energ\u00eda cuando se trata de apoyar &hellip; <br \/><a href=\"https:\/\/arikae.com\/index.php\/product\/acido-hialuronico-con-colageno-suplemento-60-capletas-1g\/\" class=\"more-link\">Continue reading <span class=\"screen-reader-text\">\u00c1cido Hialuronico con Col\u00e1geno Suplemento 60 Capletas 1g.<\/span><\/a><\/p>\n","protected":false},"featured_media":7137,"comment_status":"open","ping_status":"closed","template":"","meta":[],"product_cat":[90],"product_tag":[],"_links":{"self":[{"href":"https:\/\/arikae.com\/index.php\/wp-json\/wp\/v2\/product\/7075"}],"collection":[{"href":"https:\/\/arikae.com\/index.php\/wp-json\/wp\/v2\/product"}],"about":[{"href":"https:\/\/arikae.com\/index.php\/wp-json\/wp\/v2\/types\/product"}],"replies":[{"embeddable":true,"href":"https:\/\/arikae.com\/index.php\/wp-json\/wp\/v2\/comments?post=7075"}],"wp:featuredmedia":[{"embeddable":true,"href":"https:\/\/arikae.com\/index.php\/wp-json\/wp\/v2\/media\/7137"}],"wp:attachment":[{"href":"https:\/\/arikae.com\/index.php\/wp-json\/wp\/v2\/media?parent=7075"}],"wp:term":[{"taxonomy":"product_cat","embeddable":true,"href":"https:\/\/arikae.com\/index.php\/wp-json\/wp\/v2\/product_cat?post=7075"},{"taxonomy":"product_tag","embeddable":true,"href":"https:\/\/arikae.com\/index.php\/wp-json\/wp\/v2\/product_tag?post=7075"}],"curies":[{"name":"wp","href":"https:\/\/api.w.org\/{rel}","templated":true}]}}