{"id":7076,"date":"2023-07-07T20:22:59","date_gmt":"2023-07-07T19:22:59","guid":{"rendered":"https:\/\/arikae.com\/?post_type=product&#038;p=7076"},"modified":"2023-07-08T20:56:53","modified_gmt":"2023-07-08T19:56:53","slug":"cartilago-de-tiburon-suplemento-60-capletas-1g","status":"publish","type":"product","link":"https:\/\/arikae.com\/index.php\/product\/cartilago-de-tiburon-suplemento-60-capletas-1g\/","title":{"rendered":"Cart\u00edlago de Tibur\u00f3n Suplemento 60 Capletas 1g."},"content":{"rendered":"<h1>Cart\u00edlago de Tibur\u00f3n Suplemento 60 Capletas 1g. P<span id=\"productTitle\" class=\"a-size-large product-title-word-break\">romueve la Comodidad y Flexibilidad Articular<\/span><\/h1>\n<p>Los tiburones son una de las criaturas m\u00e1s temidas del mundo. Pero, \u00bfsab\u00edas que su cart\u00edlago podr\u00eda ser bueno para tu salud? As\u00ed es, el cart\u00edlago de tibur\u00f3n se ha utilizado durante siglos en la medicina tradicional china para tratar diversas dolencias. Y estudios recientes han demostrado que el consumo de cart\u00edlago de tibur\u00f3n es realmente beneficioso para la salud.<\/p>\n<p>Nuestro suplemento de<span lang=\"ES-GT\">\u00a0<\/span>cart\u00edlago de tibur\u00f3n\u00a0se utiliza para tratar la artritis, la psoriasis, la cicatrizaci\u00f3n de las heridas, los da\u00f1os en la retina del ojo debido a la diabetes y para la inflamaci\u00f3n del intestino (enteritis).<\/p>\n<h2>Beneficios del suplemento de cart\u00edlago de tibur\u00f3n:<\/h2>\n<ul>\n<li><span lang=\"ES-GT\">Ayuda a mejorar los s\u00edntomas de la artritis.<\/span><\/li>\n<li><span lang=\"ES-GT\">Previene dolores articulares.<\/span><\/li>\n<li><span lang=\"ES-GT\">Propiedades Anti-inflamatorias.<\/span><\/li>\n<li>Mejora la movilidad.<\/li>\n<\/ul>\n<h2>Ingredientes:<\/h2>\n<ul>\n<li>Cart\u00edlago de tibur\u00f3n.<\/li>\n<li>Potasio.<\/li>\n<li>Cloruro de Magnesio.<\/li>\n<li>C\u00farcuma.<\/li>\n<li>MSM.<\/li>\n<li>Glucosamina.<\/li>\n<li>\u00c1cido Hialuronico de Aleta de Tibur\u00f3n.<\/li>\n<li>Col\u00e1geno.<\/li>\n<li>Calcio.<\/li>\n<\/ul>\n<h2>Modo de uso<\/h2>\n<h3>V\u00eda oral:<\/h3>\n<p>Tomar 2 capletas 3 veces al d\u00eda acompa\u00f1ada de los alimentos.<\/p>\n<h2>Precauciones:<\/h2>\n<ul>\n<li>No ingerir este producto en caso de embarazo o lactancia.<\/li>\n<li>Es responsabilidad de quien lo consuma o lo recomienda.<\/li>\n<li>No est\u00e1 aprobado por la FDA.<\/li>\n<li>Los resultados pueden variar.<\/li>\n<\/ul>\n","protected":false},"excerpt":{"rendered":"<p>Cart\u00edlago de Tibur\u00f3n Suplemento 60 Capletas 1g. Promueve la Comodidad y Flexibilidad Articular Los tiburones son una de las criaturas m\u00e1s temidas del mundo. Pero, \u00bfsab\u00edas que su cart\u00edlago podr\u00eda ser bueno para tu salud? As\u00ed es, el cart\u00edlago de tibur\u00f3n se ha utilizado durante siglos en la medicina tradicional china para tratar diversas dolencias. &hellip; <br \/><a href=\"https:\/\/arikae.com\/index.php\/product\/cartilago-de-tiburon-suplemento-60-capletas-1g\/\" class=\"more-link\">Continue reading <span class=\"screen-reader-text\">Cart\u00edlago de Tibur\u00f3n Suplemento 60 Capletas 1g.<\/span><\/a><\/p>\n","protected":false},"featured_media":7146,"comment_status":"open","ping_status":"closed","template":"","meta":[],"product_cat":[90],"product_tag":[],"_links":{"self":[{"href":"https:\/\/arikae.com\/index.php\/wp-json\/wp\/v2\/product\/7076"}],"collection":[{"href":"https:\/\/arikae.com\/index.php\/wp-json\/wp\/v2\/product"}],"about":[{"href":"https:\/\/arikae.com\/index.php\/wp-json\/wp\/v2\/types\/product"}],"replies":[{"embeddable":true,"href":"https:\/\/arikae.com\/index.php\/wp-json\/wp\/v2\/comments?post=7076"}],"wp:featuredmedia":[{"embeddable":true,"href":"https:\/\/arikae.com\/index.php\/wp-json\/wp\/v2\/media\/7146"}],"wp:attachment":[{"href":"https:\/\/arikae.com\/index.php\/wp-json\/wp\/v2\/media?parent=7076"}],"wp:term":[{"taxonomy":"product_cat","embeddable":true,"href":"https:\/\/arikae.com\/index.php\/wp-json\/wp\/v2\/product_cat?post=7076"},{"taxonomy":"product_tag","embeddable":true,"href":"https:\/\/arikae.com\/index.php\/wp-json\/wp\/v2\/product_tag?post=7076"}],"curies":[{"name":"wp","href":"https:\/\/api.w.org\/{rel}","templated":true}]}}