{"id":7077,"date":"2023-07-07T20:22:59","date_gmt":"2023-07-07T19:22:59","guid":{"rendered":"https:\/\/arikae.com\/?post_type=product&#038;p=7077"},"modified":"2023-07-08T20:58:08","modified_gmt":"2023-07-08T19:58:08","slug":"calcio-de-coral-suplemento-60-capletas-1g","status":"publish","type":"product","link":"https:\/\/arikae.com\/index.php\/product\/calcio-de-coral-suplemento-60-capletas-1g\/","title":{"rendered":"Calcio de Coral Suplemento 60 Capletas 1g."},"content":{"rendered":"<h1>Calcio de Coral Suplemento 60 Capletas 1g. de Okinawa Jap\u00f3n Reduce Desgaste de Huesos,<\/h1>\n<h1 id=\"title\" class=\"a-size-large a-spacing-none\"><span id=\"productTitle\" class=\"a-size-large product-title-word-break\">Equilibrio de pH saludable<\/span><\/h1>\n<p>El calcio coralino es un tipo de calcio que se encuentra en los arrecifes de coral. Es una fuente natural de calcio y tiene muchos beneficios para la salud. El calcio de coral es una de las mejores fuentes de calcio para el cuerpo humano. El cuerpo lo absorbe f\u00e1cilmente y ayuda a construir y mantener unos huesos fuertes.<\/p>\n<p>Otros de los beneficios importantes del calcio de coral es ayudar a prevenir la osteoporosis. Puede ayudar a mejorar la salud cardiovascular, reducir la presi\u00f3n arterial y el riesgo de c\u00e1ncer. El calcio de coral tambi\u00e9n puede ayudar a reforzar el sistema inmunitario y mejorar la funci\u00f3n cerebral.<\/p>\n<p>En general, el calcio de coral es una gran forma de introducir el calcio en el cuerpo. Es una fuente natural de calcio que tiene muchos beneficios para la salud. Si est\u00e1 buscando una forma de mejorar su salud, considere a\u00f1adir calcio de coral a su dieta.<\/p>\n<h2>Beneficios del suplemento Calcio de Coral:<\/h2>\n<ul>\n<li><span lang=\"ES-GT\">Soporte para todo el cuerpo.<\/span><\/li>\n<li><span lang=\"ES-GT\">Antiinflamatorio.<\/span><\/li>\n<li><span lang=\"ES-GT\">Anti-osteoporosis.<\/span><\/li>\n<li><span lang=\"ES-GT\">Fortalece los huesos.<\/span><\/li>\n<li><span lang=\"ES-GT\">Artritis-Gota.<\/span><\/li>\n<li><span lang=\"ES-GT\">Dolores musculares.<\/span><\/li>\n<li><span lang=\"ES-GT\">Antioxidante.<\/span><\/li>\n<li><span lang=\"ES-GT\">Refuerza el sistema inmunol\u00f3gico.<\/span><\/li>\n<\/ul>\n<h2><strong>Ingredientes:<\/strong><\/h2>\n<ul>\n<li><span lang=\"ES-GT\">Calcio de coral.<\/span><\/li>\n<li><span lang=\"ES-GT\">Prote\u00edna.<\/span><\/li>\n<li><span lang=\"ES-GT\">Col\u00e1geno.<\/span><\/li>\n<li><span lang=\"ES-GT\">CMO 10%.<\/span><\/li>\n<li><span lang=\"ES-GT\">\u00c1cido Hialuronico.<\/span><\/li>\n<li><span lang=\"ES-GT\">Complejo B1, B3, B12.<\/span><\/li>\n<li><span lang=\"ES-GT\">Condroitina.<\/span><\/li>\n<li><span lang=\"ES-GT\">C\u00farcuma.<\/span><\/li>\n<li><span lang=\"ES-GT\">L Arginina.<\/span><\/li>\n<li><span lang=\"ES-GT\">Vitamina D.<\/span><\/li>\n<\/ul>\n<h2>Modo de uso<\/h2>\n<h3>V\u00eda oral:<\/h3>\n<p>Tomar 2 capletas 3 veces al d\u00eda acompa\u00f1ada de los alimentos.<\/p>\n<h2>Precauciones:<\/h2>\n<ul>\n<li>No ingerir este producto en caso de embarazo o lactancia.<\/li>\n<li>Es responsabilidad de quien lo consuma o lo recomienda.<\/li>\n<li>No est\u00e1 aprobado por la FDA.<\/li>\n<li>Los resultados pueden variar.<\/li>\n<\/ul>\n","protected":false},"excerpt":{"rendered":"<p>Calcio de Coral Suplemento 60 Capletas 1g. de Okinawa Jap\u00f3n Reduce Desgaste de Huesos, Equilibrio de pH saludable El calcio coralino es un tipo de calcio que se encuentra en los arrecifes de coral. Es una fuente natural de calcio y tiene muchos beneficios para la salud. El calcio de coral es una de las &hellip; <br \/><a href=\"https:\/\/arikae.com\/index.php\/product\/calcio-de-coral-suplemento-60-capletas-1g\/\" class=\"more-link\">Continue reading <span class=\"screen-reader-text\">Calcio de Coral Suplemento 60 Capletas 1g.<\/span><\/a><\/p>\n","protected":false},"featured_media":7148,"comment_status":"open","ping_status":"closed","template":"","meta":[],"product_cat":[90],"product_tag":[],"_links":{"self":[{"href":"https:\/\/arikae.com\/index.php\/wp-json\/wp\/v2\/product\/7077"}],"collection":[{"href":"https:\/\/arikae.com\/index.php\/wp-json\/wp\/v2\/product"}],"about":[{"href":"https:\/\/arikae.com\/index.php\/wp-json\/wp\/v2\/types\/product"}],"replies":[{"embeddable":true,"href":"https:\/\/arikae.com\/index.php\/wp-json\/wp\/v2\/comments?post=7077"}],"wp:featuredmedia":[{"embeddable":true,"href":"https:\/\/arikae.com\/index.php\/wp-json\/wp\/v2\/media\/7148"}],"wp:attachment":[{"href":"https:\/\/arikae.com\/index.php\/wp-json\/wp\/v2\/media?parent=7077"}],"wp:term":[{"taxonomy":"product_cat","embeddable":true,"href":"https:\/\/arikae.com\/index.php\/wp-json\/wp\/v2\/product_cat?post=7077"},{"taxonomy":"product_tag","embeddable":true,"href":"https:\/\/arikae.com\/index.php\/wp-json\/wp\/v2\/product_tag?post=7077"}],"curies":[{"name":"wp","href":"https:\/\/api.w.org\/{rel}","templated":true}]}}