{"id":7078,"date":"2023-07-07T20:22:59","date_gmt":"2023-07-07T19:22:59","guid":{"rendered":"https:\/\/arikae.com\/?post_type=product&#038;p=7078"},"modified":"2023-07-08T21:01:26","modified_gmt":"2023-07-08T20:01:26","slug":"ciatica-suplemento-60-capletas-1g","status":"publish","type":"product","link":"https:\/\/arikae.com\/index.php\/product\/ciatica-suplemento-60-capletas-1g\/","title":{"rendered":"Ci\u00e1tica Suplemento 60 Capletas 1g."},"content":{"rendered":"<h2><strong>Siatica Nervio Ci\u00e1tico Plus Suplemento<\/strong><\/h2>\n<p>La inflamaci\u00f3n del nervio ci\u00e1tico es una afecci\u00f3n que puede causar mucho dolor y molestias. El nervio ci\u00e1tico es el m\u00e1s grande del cuerpo y va desde la parte baja de la espalda hasta la pierna. Cuando este nervio se inflama, puede causar una serie de s\u00edntomas, como dolor, entumecimiento y debilidad. Hay varias cosas que pueden causar la inflamaci\u00f3n del nervio ci\u00e1tico. Una de las causas m\u00e1s comunes es una hernia de disco. Esto ocurre cuando el centro gelatinoso de un disco en la columna vertebral se rompe y ejerce presi\u00f3n sobre el nervio ci\u00e1tico.<\/p>\n<p>Otras causas de la inflamaci\u00f3n del nervio ci\u00e1tico son la estenosis espinal, que es el estrechamiento del canal espinal, y el embarazo. El tratamiento de la inflamaci\u00f3n del nervio ci\u00e1tico suele consistir en una combinaci\u00f3n de reposo, hielo y analg\u00e9sicos. Nuestro suplemento natural puede ser una alternativa natural ya que contiene vitaminas y minerales Complejo B1, B2, B3, B6, B12 que apoyan el buen funcionamiento del nervio ci\u00e1tico. Protege y repara el nervio ci\u00e1tico. Alivia las molestias de esta condici\u00f3n y mejora la calidad de vida de las personas.<\/p>\n<h2>Beneficios del suplemento Nervio Ci\u00e1tico:<\/h2>\n<ul>\n<li><span lang=\"ES-GT\">Ataca el entumecimiento.<\/span><\/li>\n<li><span lang=\"ES-GT\">Alivia la sensaci\u00f3n de hormigueo.<\/span><\/li>\n<li><span lang=\"ES-GT\">Alivia el dolor.<\/span><\/li>\n<li><span lang=\"ES-GT\">Elimina la sensaci\u00f3n punzante como de alfileres y agujas.<\/span><\/li>\n<li><span lang=\"ES-GT\">Formulaci\u00f3n de la m\u00e1s alta calidad.<\/span><\/li>\n<li>Mejora la movilidad.<\/li>\n<\/ul>\n<h2>Ingredientes:<\/h2>\n<ul>\n<li><span lang=\"ES-GT\">C\u00farcuma<\/span><\/li>\n<li><span lang=\"ES-GT\">\u00c1rnica<\/span><\/li>\n<li><span lang=\"ES-GT\">Glucosamina<\/span><\/li>\n<li><span lang=\"ES-GT\">Calcio de Coral<\/span><\/li>\n<li><span lang=\"ES-GT\">Cart\u00edlago de Tibur\u00f3n<\/span><\/li>\n<li><span lang=\"ES-GT\">CMO 10%<\/span><\/li>\n<li><span lang=\"ES-GT\">\u00c1cido Hialuronico<\/span><\/li>\n<li><span lang=\"ES-GT\">Complejo B1, B2, B3, B6, B12<\/span><\/li>\n<li><span lang=\"ES-GT\">Condroitina<\/span><\/li>\n<li><span lang=\"ES-GT\">L-Arginina<\/span><\/li>\n<li><span lang=\"ES-GT\">Vitamina D3<\/span><\/li>\n<\/ul>\n<h2>Modo de uso<\/h2>\n<h3>V\u00eda oral:<\/h3>\n<p>Tomar 2 capletas 3 veces al d\u00eda acompa\u00f1ada de los alimentos.<\/p>\n<h2>Precauciones:<\/h2>\n<ul>\n<li>No ingerir este producto en caso de embarazo o lactancia.<\/li>\n<li>Es responsabilidad de quien lo consuma o lo recomienda.<\/li>\n<li>No est\u00e1 aprobado por la FDA.<\/li>\n<li>Los resultados pueden variar.<\/li>\n<\/ul>\n","protected":false},"excerpt":{"rendered":"<p>Siatica Nervio Ci\u00e1tico Plus Suplemento La inflamaci\u00f3n del nervio ci\u00e1tico es una afecci\u00f3n que puede causar mucho dolor y molestias. El nervio ci\u00e1tico es el m\u00e1s grande del cuerpo y va desde la parte baja de la espalda hasta la pierna. Cuando este nervio se inflama, puede causar una serie de s\u00edntomas, como dolor, entumecimiento &hellip; <br \/><a href=\"https:\/\/arikae.com\/index.php\/product\/ciatica-suplemento-60-capletas-1g\/\" class=\"more-link\">Continue reading <span class=\"screen-reader-text\">Ci\u00e1tica Suplemento 60 Capletas 1g.<\/span><\/a><\/p>\n","protected":false},"featured_media":7150,"comment_status":"open","ping_status":"closed","template":"","meta":[],"product_cat":[90],"product_tag":[],"_links":{"self":[{"href":"https:\/\/arikae.com\/index.php\/wp-json\/wp\/v2\/product\/7078"}],"collection":[{"href":"https:\/\/arikae.com\/index.php\/wp-json\/wp\/v2\/product"}],"about":[{"href":"https:\/\/arikae.com\/index.php\/wp-json\/wp\/v2\/types\/product"}],"replies":[{"embeddable":true,"href":"https:\/\/arikae.com\/index.php\/wp-json\/wp\/v2\/comments?post=7078"}],"wp:featuredmedia":[{"embeddable":true,"href":"https:\/\/arikae.com\/index.php\/wp-json\/wp\/v2\/media\/7150"}],"wp:attachment":[{"href":"https:\/\/arikae.com\/index.php\/wp-json\/wp\/v2\/media?parent=7078"}],"wp:term":[{"taxonomy":"product_cat","embeddable":true,"href":"https:\/\/arikae.com\/index.php\/wp-json\/wp\/v2\/product_cat?post=7078"},{"taxonomy":"product_tag","embeddable":true,"href":"https:\/\/arikae.com\/index.php\/wp-json\/wp\/v2\/product_tag?post=7078"}],"curies":[{"name":"wp","href":"https:\/\/api.w.org\/{rel}","templated":true}]}}