{"id":7079,"date":"2023-07-07T20:22:59","date_gmt":"2023-07-07T19:22:59","guid":{"rendered":"https:\/\/arikae.com\/?post_type=product&#038;p=7079"},"modified":"2025-02-11T02:21:04","modified_gmt":"2025-02-11T02:21:04","slug":"vesicula-support-suplemento-60-caplets-1g","status":"publish","type":"product","link":"https:\/\/arikae.com\/index.php\/product\/vesicula-support-suplemento-60-caplets-1g\/","title":{"rendered":"Vesicula Support Suplemento 60 Caplets 1g."},"content":{"rendered":"<div>\n<div class=\"vim x-item-title\" data-testid=\"x-item-title\">\n<h1 class=\"x-item-title__mainTitle\"><span class=\"ux-textspans ux-textspans--BOLD\">Ves\u00edcula Support Suplemento 60 Caplets 1g. F\u00f3rmula Natural Extra Fuerte<\/span><\/h1>\n<p>La ves\u00edcula biliar es un peque\u00f1o \u00f3rgano con forma de pera que se encuentra justo debajo del h\u00edgado. Almacena la bilis, que produce el h\u00edgado y es necesaria para la digesti\u00f3n de las grasas. Cuando comemos, la ves\u00edcula biliar libera bilis en el intestino delgado para ayudar a descomponer las grasas de los alimentos.<\/p>\n<p>Una mala salud de la ves\u00edcula biliar puede provocar una serie de problemas y complicaciones. Por ejemplo, si la ves\u00edcula no se vac\u00eda correctamente, la bilis puede acumularse y formar c\u00e1lculos. Estos c\u00e1lculos pueden bloquear los conductos biliares y causar dolor, inflamaci\u00f3n e infecci\u00f3n. En algunos casos, los c\u00e1lculos tambi\u00e9n pueden provocar la rotura de la ves\u00edcula biliar. El suplemento Ves\u00edcula Support puede ser una opci\u00f3n m\u00e1s natural para mantener la salud en estos \u00f3rganos o desintoxicarlos.<\/p>\n<\/div>\n<\/div>\n<h2>Beneficios del suplemento Ves\u00edcula Suport<\/h2>\n<div class=\"\">\n<ul>\n<li>Ayuda a limpiar y tonificar nuestra ves\u00edcula cada ma\u00f1ana.<\/li>\n<li>Mantiene activo el sistema inmunitario.<\/li>\n<li>Ayuda a impedir\u00a0 la cristalizaci\u00f3n de c\u00e1lculos en la ves\u00edcula.<\/li>\n<li>Ayuda a personas que sufren estre\u00f1imiento.<\/li>\n<li>Ayuda a reducir los triglic\u00e9ridos y el colesterol.<\/li>\n<li>\u00a0Ayuda a reducir inflamaci\u00f3n de la ves\u00edcula por obstrucci\u00f3n.<\/li>\n<\/ul>\n<h2>Ingredientes:<\/h2>\n<ul>\n<li>Boldo<\/li>\n<li>C\u00e1scara sagrada<\/li>\n<li>Fenogreco<\/li>\n<li>Cuasia<\/li>\n<li>Alcachofa<\/li>\n<li>Gorbernadora<\/li>\n<li>Jengibre<\/li>\n<li>Silymarin<\/li>\n<li>Esterato de Magnesio<\/li>\n<li>Celulosa Mircoristalizada<\/li>\n<li>PVP<\/li>\n<\/ul>\n<h2>Modo de uso<\/h2>\n<h3>V\u00eda oral:<\/h3>\n<p>Tomar 2 capletas 3 veces al d\u00eda acompa\u00f1ada de los alimentos.<\/p>\n<h2>Precauciones:<\/h2>\n<ul>\n<li>No ingerir este producto en caso de embarazo o lactancia.<\/li>\n<li>Es responsabilidad de quien lo consuma o lo recomienda.<\/li>\n<li>No est\u00e1 aprobado por la FDA.<\/li>\n<li>Los resultados pueden variar.<\/li>\n<\/ul>\n<\/div>\n","protected":false},"excerpt":{"rendered":"<p>Ves\u00edcula Support Suplemento 60 Caplets 1g. F\u00f3rmula Natural Extra Fuerte La ves\u00edcula biliar es un peque\u00f1o \u00f3rgano con forma de pera que se encuentra justo debajo del h\u00edgado. Almacena la bilis, que produce el h\u00edgado y es necesaria para la digesti\u00f3n de las grasas. Cuando comemos, la ves\u00edcula biliar libera bilis en el intestino delgado &hellip; <br \/><a href=\"https:\/\/arikae.com\/index.php\/product\/vesicula-support-suplemento-60-caplets-1g\/\" class=\"more-link\">Continue reading <span class=\"screen-reader-text\">Vesicula Support Suplemento 60 Caplets 1g.<\/span><\/a><\/p>\n","protected":false},"featured_media":7152,"comment_status":"open","ping_status":"closed","template":"","meta":[],"product_cat":[90],"product_tag":[],"_links":{"self":[{"href":"https:\/\/arikae.com\/index.php\/wp-json\/wp\/v2\/product\/7079"}],"collection":[{"href":"https:\/\/arikae.com\/index.php\/wp-json\/wp\/v2\/product"}],"about":[{"href":"https:\/\/arikae.com\/index.php\/wp-json\/wp\/v2\/types\/product"}],"replies":[{"embeddable":true,"href":"https:\/\/arikae.com\/index.php\/wp-json\/wp\/v2\/comments?post=7079"}],"wp:featuredmedia":[{"embeddable":true,"href":"https:\/\/arikae.com\/index.php\/wp-json\/wp\/v2\/media\/7152"}],"wp:attachment":[{"href":"https:\/\/arikae.com\/index.php\/wp-json\/wp\/v2\/media?parent=7079"}],"wp:term":[{"taxonomy":"product_cat","embeddable":true,"href":"https:\/\/arikae.com\/index.php\/wp-json\/wp\/v2\/product_cat?post=7079"},{"taxonomy":"product_tag","embeddable":true,"href":"https:\/\/arikae.com\/index.php\/wp-json\/wp\/v2\/product_tag?post=7079"}],"curies":[{"name":"wp","href":"https:\/\/api.w.org\/{rel}","templated":true}]}}