{"id":7080,"date":"2023-07-07T20:22:59","date_gmt":"2023-07-07T19:22:59","guid":{"rendered":"https:\/\/arikae.com\/?post_type=product&#038;p=7080"},"modified":"2023-07-08T21:02:36","modified_gmt":"2023-07-08T20:02:36","slug":"insulina-natural-suplemento-60-capletas-1g","status":"publish","type":"product","link":"https:\/\/arikae.com\/index.php\/product\/insulina-natural-suplemento-60-capletas-1g\/","title":{"rendered":"Insulina Natural Suplemento 60 Capletas 1g."},"content":{"rendered":"<div>\n<div class=\"vim x-item-title\" data-testid=\"x-item-title\">\n<div class=\"vim x-item-title\" data-testid=\"x-item-title\">\n<h1 class=\"x-item-title__mainTitle\">Insulina Natural Suplemento 60 Capletas 1g. Soporte Inmunol\u00f3gico, Control de Az\u00facar en la Sangre<\/h1>\n<\/div>\n<p>Mantener unos niveles normales de insulina en el organismo es importante por muchas razones. La insulina es una hormona que ayuda a controlar los niveles de az\u00facar en sangre. Cuando los niveles de az\u00facar en sangre son altos, el p\u00e1ncreas libera insulina para ayudar a transportar el az\u00facar a las c\u00e9lulas para obtener energ\u00eda. Si los niveles de az\u00facar en sangre se mantienen elevados durante un periodo de tiempo prolongado, pueden producirse problemas de salud graves, como la diabetes.<\/p>\n<p>Mantener unos niveles normales de insulina tambi\u00e9n es importante para controlar el peso. La insulina ayuda a almacenar grasa en el cuerpo. Cuando los niveles de insulina son elevados, pueden provocar un aumento de peso. Hay muchas cosas que pueden afectar a los niveles de insulina en el cuerpo. Comer demasiado az\u00facar puede hacer que el p\u00e1ncreas libere m\u00e1s insulina de lo normal. Esto puede provocar niveles bajos de az\u00facar en sangre, lo que puede hacer que te sientas cansado, tembloroso y hambriento.<\/p>\n<\/div>\n<\/div>\n<div class=\"\">\n<div>Nuestro suplemento natural\u00a0<b>Insulina 100% Natural\u00a0<\/b>favorece la generaci\u00f3n de insulina, reduce la hipertensi\u00f3n y el colesterol. Tambi\u00e9n tiene propiedades antis\u00e9pticas y cicatrizantes. Ayudan a prevenir la aparici\u00f3n de c\u00e1lculos renales gracias a sus propiedades diur\u00e9ticas. El consumo diario de este suplemento le brindar\u00e1 m\u00faltiples beneficios como equilibrar el az\u00facar en la sangre, controlar su peso y aumentar sus energ\u00edas de forma natural mejorando notablemente su estilo de vida.<\/div>\n<div><b style=\"font-size: 1.7em; font-style: inherit; font-family: -apple-system, BlinkMacSystemFont, 'Segoe UI', Roboto, Oxygen-Sans, Ubuntu, Cantarell, 'Helvetica Neue', sans-serif;\">Beneficios del Suplemento Insulina Natural<\/b><\/div>\n<div>\n<ul>\n<li>Controla la glucosa en la sangre.<\/li>\n<li>Puede ayudar a combatir Infecci\u00f3n en ri\u00f1ones.<\/li>\n<li>Disminuye niveles de colesterol malo.<\/li>\n<li>Gran apoyo para niveles de glucosa.<\/li>\n<li>Favorece la generaci\u00f3n de insulina.<\/li>\n<li>Brinda niveles inferiores de az\u00facar en sangre.<\/li>\n<li>Apoya en la p\u00e9rdida de peso saludable.<\/li>\n<li>Tiene propiedades antis\u00e9pticas y cicatrizantes<strong style=\"font-size: 16px;\">.<\/strong><\/li>\n<\/ul>\n<div>\n<h2>Ingredientes:<\/h2>\n<ul>\n<li>Maca<\/li>\n<li>Aventa<\/li>\n<li>Marapauma<\/li>\n<li>Arginina<\/li>\n<li>Ajo<\/li>\n<li>Niacina<\/li>\n<li>Vitamina B1, B2, B6, B12<\/li>\n<li>Jalea Real<\/li>\n<li>Alfalfa<\/li>\n<li>Ginkgo Biloba<\/li>\n<li>Damiana de California<\/li>\n<li>Agua destilada<\/li>\n<li>Saborizante natural<\/li>\n<li>Benzoato de sodio<\/li>\n<\/ul>\n<h2>Modo de uso<\/h2>\n<h3>V\u00eda oral:<\/h3>\n<p>Tomar 2 capletas 3 veces al d\u00eda acompa\u00f1ada de los alimentos.<\/p>\n<h2>Precauciones:<\/h2>\n<ul>\n<li>No ingerir este producto en caso de embarazo o lactancia.<\/li>\n<li>Es responsabilidad de quien lo consuma o lo recomienda.<\/li>\n<li>No est\u00e1 aprobado por la FDA.<\/li>\n<li>Los resultados pueden variar.<\/li>\n<\/ul>\n<\/div>\n<\/div>\n<\/div>\n","protected":false},"excerpt":{"rendered":"<p>Insulina Natural Suplemento 60 Capletas 1g. Soporte Inmunol\u00f3gico, Control de Az\u00facar en la Sangre Mantener unos niveles normales de insulina en el organismo es importante por muchas razones. La insulina es una hormona que ayuda a controlar los niveles de az\u00facar en sangre. Cuando los niveles de az\u00facar en sangre son altos, el p\u00e1ncreas libera &hellip; <br \/><a href=\"https:\/\/arikae.com\/index.php\/product\/insulina-natural-suplemento-60-capletas-1g\/\" class=\"more-link\">Continue reading <span class=\"screen-reader-text\">Insulina Natural Suplemento 60 Capletas 1g.<\/span><\/a><\/p>\n","protected":false},"featured_media":7154,"comment_status":"open","ping_status":"closed","template":"","meta":[],"product_cat":[90],"product_tag":[],"_links":{"self":[{"href":"https:\/\/arikae.com\/index.php\/wp-json\/wp\/v2\/product\/7080"}],"collection":[{"href":"https:\/\/arikae.com\/index.php\/wp-json\/wp\/v2\/product"}],"about":[{"href":"https:\/\/arikae.com\/index.php\/wp-json\/wp\/v2\/types\/product"}],"replies":[{"embeddable":true,"href":"https:\/\/arikae.com\/index.php\/wp-json\/wp\/v2\/comments?post=7080"}],"wp:featuredmedia":[{"embeddable":true,"href":"https:\/\/arikae.com\/index.php\/wp-json\/wp\/v2\/media\/7154"}],"wp:attachment":[{"href":"https:\/\/arikae.com\/index.php\/wp-json\/wp\/v2\/media?parent=7080"}],"wp:term":[{"taxonomy":"product_cat","embeddable":true,"href":"https:\/\/arikae.com\/index.php\/wp-json\/wp\/v2\/product_cat?post=7080"},{"taxonomy":"product_tag","embeddable":true,"href":"https:\/\/arikae.com\/index.php\/wp-json\/wp\/v2\/product_tag?post=7080"}],"curies":[{"name":"wp","href":"https:\/\/api.w.org\/{rel}","templated":true}]}}