{"id":7081,"date":"2023-07-07T20:22:59","date_gmt":"2023-07-07T19:22:59","guid":{"rendered":"https:\/\/arikae.com\/?post_type=product&#038;p=7081"},"modified":"2023-07-08T21:03:50","modified_gmt":"2023-07-08T20:03:50","slug":"higado-rinones-y-pancreas-suplemento-60-capletas-1-g-calidad-premium","status":"publish","type":"product","link":"https:\/\/arikae.com\/index.php\/product\/higado-rinones-y-pancreas-suplemento-60-capletas-1-g-calidad-premium\/","title":{"rendered":"Higado, Ri\u00f1ones y Pancreas Suplemento 60 Capletas 1 g. Calidad Premium"},"content":{"rendered":"<div>\n<div class=\"vim x-item-title\" data-testid=\"x-item-title\">\n<div class=\"vim x-item-title\" data-testid=\"x-item-title\">\n<div class=\"vim x-item-title\" data-testid=\"x-item-title\">\n<h1 class=\"x-item-title__mainTitle\">Higado, Ri\u00f1ones y Pancreas Suplemento 60 Capletas 1 G. Calidad Premium <span id=\"productTitle\" class=\"a-size-extra-large\">Desintoxicacion y Limpieza Hepatica Total<\/span><\/h1>\n<p>Los ri\u00f1ones son dos de los \u00f3rganos m\u00e1s importantes del cuerpo. Filtran la sangre y eliminan los residuos y el exceso de agua del cuerpo. Tambi\u00e9n regulan la presi\u00f3n arterial y producen hormonas que ayudan al cuerpo a mantenerse sano. Los ri\u00f1ones son dos de los \u00f3rganos m\u00e1s importantes del cuerpo. Filtran la sangre y eliminan los residuos y el exceso de agua del cuerpo. Tambi\u00e9n regulan la presi\u00f3n arterial y producen hormonas que ayudan al cuerpo a mantenerse sano.<\/p>\n<p>El p\u00e1ncreas es un \u00f3rgano peque\u00f1o, pero vital, situado en el abdomen, detr\u00e1s del est\u00f3mago. Desempe\u00f1a un papel esencial en la digesti\u00f3n y el metabolismo, y es responsable de producir varias hormonas importantes, entre ellas la insulina. Por todo lo anterior es muy importante mantener estos \u00f3rganos en optimas condiciones, esto se puede lograr con nuestro s<span style=\"font-size: large;\">uplemento natural h\u00edgado, <\/span>ri\u00f1ones<span style=\"font-size: large;\"> y <\/span>p\u00e1ncreas<span style=\"font-size: large;\"> que esta elaborado con extractos de plantas que ayuda a mantener en buen estado todos estos <\/span>\u00f3rganos<span style=\"font-size: large;\"> esenciales.\u00a0<\/span><\/p>\n<\/div>\n<\/div>\n<\/div>\n<\/div>\n<div class=\"\">\n<h2><span style=\"font-size: x-large;\"><span style=\"font-size: x-large;\">Beneficios del suplemento:<\/span><\/span><\/h2>\n<div>\n<ul>\n<li><span style=\"font-family: Arial; font-size: large;\">Inflamaci\u00f3n Abdominal.<\/span><\/li>\n<li><span style=\"font-family: Arial; font-size: large;\">Fatiga excesiva.<\/span><\/li>\n<li><span style=\"font-family: Arial; font-size: large;\">Dolor de cintura.<\/span><\/li>\n<li><span style=\"font-family: Arial; font-size: large;\">Alteraciones Digestivas.<\/span><\/li>\n<li><span style=\"font-family: Arial; font-size: large;\">Dolor en forma de cintur\u00f3n.<\/span><\/li>\n<li><span style=\"font-family: Arial; font-size: large;\">Perdida de apetito.<\/span><\/li>\n<li><span style=\"font-family: Arial; font-size: large;\">Picaz\u00f3n de Piel.<\/span><\/li>\n<li><span style=\"font-family: Arial; font-size: large;\">Erupciones Cut\u00e1neas.<\/span><\/li>\n<\/ul>\n<h2>Ingredientes:<\/h2>\n<ul>\n<li>Cola de Caballo<\/li>\n<li>Pelos de elote<\/li>\n<li>Tlanchalagua<\/li>\n<li>Enebro<\/li>\n<li>Genciana<\/li>\n<li>Zarzaparrilla<\/li>\n<li>Diente de le\u00f3n<\/li>\n<li>Yumel<\/li>\n<li>Flor de jamaica<\/li>\n<li>Cuachalalate<\/li>\n<li>Esterato de magnesio<\/li>\n<li>Celulosa microristalizada<\/li>\n<li>PVP<\/li>\n<\/ul>\n<p><strong>Extracto de Plantas Grado Estandarizado<\/strong><\/p>\n<h2>Modo de uso<\/h2>\n<h3>V\u00eda oral:<\/h3>\n<p>Tomar 2 capletas 3 veces al d\u00eda acompa\u00f1ada de los alimentos.<\/p>\n<h2>Precauciones:<\/h2>\n<ul>\n<li>No ingerir este producto en caso de embarazo o lactancia.<\/li>\n<li>Es responsabilidad de quien lo consuma o lo recomienda.<\/li>\n<li>No est\u00e1 aprobado por la FDA.<\/li>\n<li>Los resultados pueden variar.<\/li>\n<\/ul>\n<\/div>\n<\/div>\n","protected":false},"excerpt":{"rendered":"<p>Higado, Ri\u00f1ones y Pancreas Suplemento 60 Capletas 1 G. Calidad Premium Desintoxicacion y Limpieza Hepatica Total Los ri\u00f1ones son dos de los \u00f3rganos m\u00e1s importantes del cuerpo. Filtran la sangre y eliminan los residuos y el exceso de agua del cuerpo. Tambi\u00e9n regulan la presi\u00f3n arterial y producen hormonas que ayudan al cuerpo a mantenerse &hellip; <br \/><a href=\"https:\/\/arikae.com\/index.php\/product\/higado-rinones-y-pancreas-suplemento-60-capletas-1-g-calidad-premium\/\" class=\"more-link\">Continue reading <span class=\"screen-reader-text\">Higado, Ri\u00f1ones y Pancreas Suplemento 60 Capletas 1 g. Calidad Premium<\/span><\/a><\/p>\n","protected":false},"featured_media":7156,"comment_status":"closed","ping_status":"closed","template":"","meta":[],"product_cat":[90],"product_tag":[],"_links":{"self":[{"href":"https:\/\/arikae.com\/index.php\/wp-json\/wp\/v2\/product\/7081"}],"collection":[{"href":"https:\/\/arikae.com\/index.php\/wp-json\/wp\/v2\/product"}],"about":[{"href":"https:\/\/arikae.com\/index.php\/wp-json\/wp\/v2\/types\/product"}],"replies":[{"embeddable":true,"href":"https:\/\/arikae.com\/index.php\/wp-json\/wp\/v2\/comments?post=7081"}],"wp:featuredmedia":[{"embeddable":true,"href":"https:\/\/arikae.com\/index.php\/wp-json\/wp\/v2\/media\/7156"}],"wp:attachment":[{"href":"https:\/\/arikae.com\/index.php\/wp-json\/wp\/v2\/media?parent=7081"}],"wp:term":[{"taxonomy":"product_cat","embeddable":true,"href":"https:\/\/arikae.com\/index.php\/wp-json\/wp\/v2\/product_cat?post=7081"},{"taxonomy":"product_tag","embeddable":true,"href":"https:\/\/arikae.com\/index.php\/wp-json\/wp\/v2\/product_tag?post=7081"}],"curies":[{"name":"wp","href":"https:\/\/api.w.org\/{rel}","templated":true}]}}