{"id":7082,"date":"2023-07-07T20:22:59","date_gmt":"2023-07-07T19:22:59","guid":{"rendered":"https:\/\/arikae.com\/?post_type=product&#038;p=7082"},"modified":"2025-04-08T09:04:34","modified_gmt":"2025-04-08T08:04:34","slug":"hipotiroidismo-ideal-suplemento-60-capletas-1g-calidad-premium","status":"publish","type":"product","link":"https:\/\/arikae.com\/index.php\/product\/hipotiroidismo-ideal-suplemento-60-capletas-1g-calidad-premium\/","title":{"rendered":"Hipotiroidismo Ideal Suplemento 60 Capletas 1g. Calidad Premium"},"content":{"rendered":"<h1 id=\"title\" class=\"a-size-large a-spacing-none\"><span id=\"productTitle\" class=\"a-size-large product-title-word-break\">Suplemento Hipotiroidismo Ideal con Yodo para Tiroides, F\u00f3rmula para Metabolismo, Energ\u00eda y Concentraci\u00f3n<\/span><\/h1>\n<p class=\"p1\">Nuestro suplemento natural est\u00e1 dise\u00f1ado para ser un ayudante para la THYROID, brinda un apoyo para tener un metabolismo saludable. Nuestro suplemento Hipotiroidismo Ideal apoya naturalmente la tiroides ya que est\u00e1 fabricado con los mejores minerales de vitaminas y extractos de plantas que ayudan a hacer que nuestros suplemento sea tan utilizado para mejorar la salud de la tiroides entre los adultos<\/p>\n<p class=\"p1\">La tiroides es una gl\u00e1ndula en forma de mariposa ubicada en el cuello, justo arriba de la clav\u00edcula. Es una de las gl\u00e1ndulas endocrinas que producen hormonas. Las hormonas tiroideas controlan el ritmo de muchas actividades del cuerpo. Estas incluyen la velocidad con la que se queman calor\u00edas y cu\u00e1n r\u00e1pido late el coraz\u00f3n. Todas estas actividades componen el metabolismo del cuerpo.<\/p>\n<h2 class=\"p1\"><b>Beneficios del suplemento:<\/b><\/h2>\n<ul class=\"ul1\">\n<li class=\"li1\">Ayuda a acelerar el metabolismo.<\/li>\n<li class=\"li1\">Auxiliar en la perdida de peso.<\/li>\n<li class=\"li1\">Ayuda a regularizar la tiroides lenta.<\/li>\n<li class=\"li1\">Contiene ingredientes nutritivos.<\/li>\n<li class=\"li1\">Ayuda a combatir\u00a0niebla cerebral, letargo y m\u00e1s.<\/li>\n<li class=\"li1\">Ayudar a mantener la funci\u00f3n normal de una tiroides saludable.<\/li>\n<li class=\"li1\">Ayudar en la formaci\u00f3n de hormonas tiroides.<\/li>\n<\/ul>\n<h3 class=\"p1\"><b>Ingredientes:<\/b><\/h3>\n<ul class=\"ul1\">\n<li class=\"li1\">Selenio<\/li>\n<li class=\"li1\">Complejo B<\/li>\n<li class=\"li1\">Prebi\u00f3ticos<\/li>\n<li class=\"li1\">Algas Marinas<\/li>\n<li class=\"li1\">Alga Espirulina<\/li>\n<li class=\"li1\">Col\u00e1geno<\/li>\n<li class=\"li1\">Yodo<\/li>\n<\/ul>\n<h3 class=\"p1\"><b>Modo de Uso<\/b><\/h3>\n<h3>V\u00eda oral:<\/h3>\n<p class=\"p1\">Tomar 2 capletas 3 veces al d\u00eda acompa\u00f1ada de los alimentos.<\/p>\n<h2>Precauciones:<\/h2>\n<ul>\n<li>No ingerir este producto en caso de embarazo o lactancia.<\/li>\n<li>Es responsabilidad de quien lo consuma o lo recomienda.<\/li>\n<li>No est\u00e1 aprobado por la FDA.<\/li>\n<li>Los resultados pueden variar.<\/li>\n<\/ul>\n","protected":false},"excerpt":{"rendered":"<p>Suplemento Hipotiroidismo Ideal con Yodo para Tiroides, F\u00f3rmula para Metabolismo, Energ\u00eda y Concentraci\u00f3n Nuestro suplemento natural est\u00e1 dise\u00f1ado para ser un ayudante para la THYROID, brinda un apoyo para tener un metabolismo saludable. Nuestro suplemento Hipotiroidismo Ideal apoya naturalmente la tiroides ya que est\u00e1 fabricado con los mejores minerales de vitaminas y extractos de plantas &hellip; <br \/><a href=\"https:\/\/arikae.com\/index.php\/product\/hipotiroidismo-ideal-suplemento-60-capletas-1g-calidad-premium\/\" class=\"more-link\">Continue reading <span class=\"screen-reader-text\">Hipotiroidismo Ideal Suplemento 60 Capletas 1g. Calidad Premium<\/span><\/a><\/p>\n","protected":false},"featured_media":7307,"comment_status":"open","ping_status":"closed","template":"","meta":[],"product_cat":[90],"product_tag":[],"_links":{"self":[{"href":"https:\/\/arikae.com\/index.php\/wp-json\/wp\/v2\/product\/7082"}],"collection":[{"href":"https:\/\/arikae.com\/index.php\/wp-json\/wp\/v2\/product"}],"about":[{"href":"https:\/\/arikae.com\/index.php\/wp-json\/wp\/v2\/types\/product"}],"replies":[{"embeddable":true,"href":"https:\/\/arikae.com\/index.php\/wp-json\/wp\/v2\/comments?post=7082"}],"wp:featuredmedia":[{"embeddable":true,"href":"https:\/\/arikae.com\/index.php\/wp-json\/wp\/v2\/media\/7307"}],"wp:attachment":[{"href":"https:\/\/arikae.com\/index.php\/wp-json\/wp\/v2\/media?parent=7082"}],"wp:term":[{"taxonomy":"product_cat","embeddable":true,"href":"https:\/\/arikae.com\/index.php\/wp-json\/wp\/v2\/product_cat?post=7082"},{"taxonomy":"product_tag","embeddable":true,"href":"https:\/\/arikae.com\/index.php\/wp-json\/wp\/v2\/product_tag?post=7082"}],"curies":[{"name":"wp","href":"https:\/\/api.w.org\/{rel}","templated":true}]}}