{"id":7083,"date":"2023-07-07T20:22:59","date_gmt":"2023-07-07T19:22:59","guid":{"rendered":"https:\/\/arikae.com\/?post_type=product&#038;p=7083"},"modified":"2023-07-08T21:05:38","modified_gmt":"2023-07-08T20:05:38","slug":"sin-migrana-suplemento-60-capletas-1g-calidad-premium","status":"publish","type":"product","link":"https:\/\/arikae.com\/index.php\/product\/sin-migrana-suplemento-60-capletas-1g-calidad-premium\/","title":{"rendered":"Sin Migra\u00f1a Suplemento 60 Capletas 1g. Calidad Premium"},"content":{"rendered":"<h1 class=\"p1\"><b>Suplemento Natural Sin Migra\u00f1a 60 Capletas 1g. Alivio Natural de la Migra\u00f1a y Dolor de Cabeza<\/b><\/h1>\n<p>La migra\u00f1a afecta a millones de personas en todo el mundo. Es un trastorno neurol\u00f3gico cr\u00f3nico que se caracteriza por ataques recurrentes de dolor de cabeza, generalmente en un lado de la cabeza, a menudo acompa\u00f1ados de n\u00e1useas, v\u00f3mitos y sensibilidad a la luz y al sonido. Los ataques de migra\u00f1a pueden durar horas o incluso d\u00edas, y pueden ser tan graves que pueden interferir en las actividades diarias.<\/p>\n<p>La causa exacta de la migra\u00f1a a\u00fan no se conoce del todo, pero se cree que est\u00e1 relacionada con una combinaci\u00f3n de factores gen\u00e9ticos y ambientales. La migra\u00f1a es m\u00e1s frecuente en las mujeres que en los hombres, y suele ser hereditaria. Los ataques de migra\u00f1a pueden ser desencadenados por diversos factores, como el estr\u00e9s, la luz brillante, los ruidos fuertes, los olores intensos, los cambios de tiempo y ciertos alimentos y bebidas.<\/p>\n<p>Algunas personas tambi\u00e9n descubren que sus ataques de migra\u00f1a se desencadenan por cambios hormonales, como durante el embarazo o la menopausia. Nuestro suplemento natural est\u00e1 elaborado con extractos de plantas muy utilizadas en la medicina alternativa ya que reducen el dolor de cabeza, calman el dolor perif\u00e9rico, mejoran los s\u00edntomas de la migra\u00f1a, reducen la fiebre, auxiliar con la cefalea causada por el insomnio.<\/p>\n<h2 class=\"p2\"><b>Beneficios del suplemento sin Migra\u00f1a:<\/b><\/h2>\n<ul class=\"ul1\">\n<li class=\"li2\">Ayuda a prevenir y reducir la gravedad de las migra\u00f1as.<\/li>\n<li class=\"li2\">Dolor de cabeza cr\u00f3nicos<\/li>\n<li class=\"li2\">Ayuda a la dilataci\u00f3n de la arteria inversa proporcionando as\u00ed alivio del dolor de cabeza.<\/li>\n<li class=\"li2\">Ayuda a proporcionar alivio de s\u00edntomas como n\u00e1useas, mareos y fatiga que experimentan muchos migra\u00f1as.<\/li>\n<\/ul>\n<h3 class=\"p2\"><b>Ingredientes:<\/b><\/h3>\n<ul class=\"ul1\">\n<li class=\"li2\">Lactosa<\/li>\n<li class=\"li2\">Extracto seco de flor de tila<\/li>\n<li class=\"li2\">Valeriana<\/li>\n<li class=\"li2\">Pasiflora<\/li>\n<li class=\"li2\">Flor Azahar<\/li>\n<li class=\"li2\">Toronjil<\/li>\n<li class=\"li2\">Manzanilla<\/li>\n<li class=\"li2\">Menta<\/li>\n<li class=\"li2\">Vitamina B1 y B12<\/li>\n<li class=\"li2\">Celulosa Microcristalina<\/li>\n<li class=\"li2\">Esterato<\/li>\n<li class=\"li2\">Dextrosa<\/li>\n<\/ul>\n<h2>Modo de uso<\/h2>\n<h3>V\u00eda oral:<\/h3>\n<p>Tomar 2 capletas 3 veces al d\u00eda acompa\u00f1ada de los alimentos.<\/p>\n<h2>Precauciones:<\/h2>\n<ul>\n<li>No ingerir este producto en caso de embarazo o lactancia.<\/li>\n<li>Es responsabilidad de quien lo consuma o lo recomienda.<\/li>\n<li>No est\u00e1 aprobado por la FDA.<\/li>\n<li>Los resultados pueden variar.<\/li>\n<\/ul>\n","protected":false},"excerpt":{"rendered":"<p>Suplemento Natural Sin Migra\u00f1a 60 Capletas 1g. Alivio Natural de la Migra\u00f1a y Dolor de Cabeza La migra\u00f1a afecta a millones de personas en todo el mundo. Es un trastorno neurol\u00f3gico cr\u00f3nico que se caracteriza por ataques recurrentes de dolor de cabeza, generalmente en un lado de la cabeza, a menudo acompa\u00f1ados de n\u00e1useas, v\u00f3mitos &hellip; <br \/><a href=\"https:\/\/arikae.com\/index.php\/product\/sin-migrana-suplemento-60-capletas-1g-calidad-premium\/\" class=\"more-link\">Continue reading <span class=\"screen-reader-text\">Sin Migra\u00f1a Suplemento 60 Capletas 1g. Calidad Premium<\/span><\/a><\/p>\n","protected":false},"featured_media":7163,"comment_status":"closed","ping_status":"closed","template":"","meta":[],"product_cat":[90],"product_tag":[],"_links":{"self":[{"href":"https:\/\/arikae.com\/index.php\/wp-json\/wp\/v2\/product\/7083"}],"collection":[{"href":"https:\/\/arikae.com\/index.php\/wp-json\/wp\/v2\/product"}],"about":[{"href":"https:\/\/arikae.com\/index.php\/wp-json\/wp\/v2\/types\/product"}],"replies":[{"embeddable":true,"href":"https:\/\/arikae.com\/index.php\/wp-json\/wp\/v2\/comments?post=7083"}],"wp:featuredmedia":[{"embeddable":true,"href":"https:\/\/arikae.com\/index.php\/wp-json\/wp\/v2\/media\/7163"}],"wp:attachment":[{"href":"https:\/\/arikae.com\/index.php\/wp-json\/wp\/v2\/media?parent=7083"}],"wp:term":[{"taxonomy":"product_cat","embeddable":true,"href":"https:\/\/arikae.com\/index.php\/wp-json\/wp\/v2\/product_cat?post=7083"},{"taxonomy":"product_tag","embeddable":true,"href":"https:\/\/arikae.com\/index.php\/wp-json\/wp\/v2\/product_tag?post=7083"}],"curies":[{"name":"wp","href":"https:\/\/api.w.org\/{rel}","templated":true}]}}