{"id":7096,"date":"2023-07-07T20:23:20","date_gmt":"2023-07-07T19:23:20","guid":{"rendered":"https:\/\/arikae.com\/?post_type=product&#038;p=7096"},"modified":"2023-07-08T20:53:15","modified_gmt":"2023-07-08T19:53:15","slug":"colesterol-y-trigliceridos-suplemento-60-caplet-1g","status":"publish","type":"product","link":"https:\/\/arikae.com\/index.php\/product\/colesterol-y-trigliceridos-suplemento-60-caplet-1g\/","title":{"rendered":"Colesterol y Trigliceridos Suplemento 60 Caplet 1g."},"content":{"rendered":"<h1 class=\"p1\"><strong>Colesterol y Triglic\u00e9ridos Suplemento 60 Caplet 1g. <span id=\"productTitle\" class=\"a-size-large product-title-word-break\">Producto Natural Reductor de Colesterol<\/span><\/strong><\/h1>\n<p>El colesterol es una sustancia cerosa y grasa que se encuentra en todas las c\u00e9lulas del cuerpo. El cuerpo necesita algo de colesterol para funcionar correctamente. Pero si hay demasiado colesterol en la sangre, puede adherirse a las paredes de las arterias y formar una placa. La placa es un dep\u00f3sito duro que puede estrechar las arterias y dificultar el paso de la sangre. Un exceso de colesterol en la sangre puede provocar problemas de salud.<\/p>\n<p>Es uno de los principales factores de riesgo de las enfermedades card\u00edacas y los accidentes cerebrovasculares. Los triglic\u00e9ridos son un tipo de grasa que se encuentra en la sangre. Un exceso de triglic\u00e9ridos puede provocar enfermedades card\u00edacas y accidentes cerebrovasculares. El exceso de triglic\u00e9ridos se almacena en las c\u00e9lulas grasas del cuerpo. Cuando estas c\u00e9lulas grasas se llenan demasiado, pueden filtrar triglic\u00e9ridos al torrente sangu\u00edneo.<\/p>\n<p>Por estas razones es necesario mantener los niveles normales de estas sustancias en la sangre. Nuestro <b>Suplemento Colesterol y Triglic\u00e9ridos<\/b> ayuda a reducir el colesterol y apoya la presi\u00f3n arterial equilibrada, ya que ayuda a reducir los niveles de glucosa en la sangre.<\/p>\n<p>Tambi\u00e9n puede ayudar a lograr la p\u00e9rdida de peso natural. Fortalece de forma segura y natural los niveles saludables de la presi\u00f3n arterial por su contenido de ingredientes naturales para relajar y ensanchar los vasos sangu\u00edneos que ayudan a un sistema cardiovascular saludable para el coraz\u00f3n.<\/p>\n<h2 class=\"p2\"><b>Beneficios del suplemento colesterol y triglic\u00e9ridos:<\/b><\/h2>\n<ul class=\"ul1\">\n<li class=\"li2\">Contribuye a regular la coagulaci\u00f3n sangu\u00ednea.<\/li>\n<li class=\"li2\">Mejora la capacidad de aprendizaje.<\/li>\n<li class=\"li2\">Ayuda a combatir las alergias.<\/li>\n<li>Ayuda a reducir los niveles altos de colesterol y triglic\u00e9ridos.<\/li>\n<li class=\"li2\">Previene enfermedades del coraz\u00f3n.<\/li>\n<li class=\"li2\">Ayuda a mejorar la funci\u00f3n card\u00edaca y la presi\u00f3n arterial.<\/li>\n<li class=\"li2\">Interviene en el proceso de regular y reducir la inflamaci\u00f3n.<\/li>\n<li class=\"li2\">Ayuda a evitar que la sangre coagule demasiado y hace que fluya correctamente dentro de las venas y arterias.<\/li>\n<li class=\"li2\">Mejora la respuesta de la insulina.<\/li>\n<li class=\"li2\">Ayuda a regular la producci\u00f3n de prostaglandinas.<\/li>\n<\/ul>\n<h2>Ingredientes:<\/h2>\n<ul>\n<li>\n<p class=\"p1\">\u00c1cido graso omega 3,6,9 (Aceite de pescado)<\/p>\n<\/li>\n<li>\n<p class=\"p1\">Hojas y tallo de hierba del sapo<\/p>\n<\/li>\n<li>\n<p class=\"p1\">Ch\u00eda<\/p>\n<\/li>\n<li>\n<p class=\"p1\">Diente de Le\u00f3n<\/p>\n<\/li>\n<\/ul>\n<h2>Modo de uso<\/h2>\n<h3>V\u00eda oral:<\/h3>\n<p>Tomar 2 capletas 3 veces al d\u00eda acompa\u00f1ada de los alimentos.<\/p>\n<h2>Precauciones:<\/h2>\n<ul>\n<li>No ingerir este producto en caso de embarazo o lactancia.<\/li>\n<li>Es responsabilidad de quien lo consuma o lo recomienda.<\/li>\n<li>No est\u00e1 aprobado por la FDA.<\/li>\n<li>Los resultados pueden variar.<\/li>\n<\/ul>\n","protected":false},"excerpt":{"rendered":"<p>Colesterol y Triglic\u00e9ridos Suplemento 60 Caplet 1g. Producto Natural Reductor de Colesterol El colesterol es una sustancia cerosa y grasa que se encuentra en todas las c\u00e9lulas del cuerpo. El cuerpo necesita algo de colesterol para funcionar correctamente. Pero si hay demasiado colesterol en la sangre, puede adherirse a las paredes de las arterias y &hellip; <br \/><a href=\"https:\/\/arikae.com\/index.php\/product\/colesterol-y-trigliceridos-suplemento-60-caplet-1g\/\" class=\"more-link\">Continue reading <span class=\"screen-reader-text\">Colesterol y Trigliceridos Suplemento 60 Caplet 1g.<\/span><\/a><\/p>\n","protected":false},"featured_media":7305,"comment_status":"closed","ping_status":"closed","template":"","meta":[],"product_cat":[90],"product_tag":[],"_links":{"self":[{"href":"https:\/\/arikae.com\/index.php\/wp-json\/wp\/v2\/product\/7096"}],"collection":[{"href":"https:\/\/arikae.com\/index.php\/wp-json\/wp\/v2\/product"}],"about":[{"href":"https:\/\/arikae.com\/index.php\/wp-json\/wp\/v2\/types\/product"}],"replies":[{"embeddable":true,"href":"https:\/\/arikae.com\/index.php\/wp-json\/wp\/v2\/comments?post=7096"}],"wp:featuredmedia":[{"embeddable":true,"href":"https:\/\/arikae.com\/index.php\/wp-json\/wp\/v2\/media\/7305"}],"wp:attachment":[{"href":"https:\/\/arikae.com\/index.php\/wp-json\/wp\/v2\/media?parent=7096"}],"wp:term":[{"taxonomy":"product_cat","embeddable":true,"href":"https:\/\/arikae.com\/index.php\/wp-json\/wp\/v2\/product_cat?post=7096"},{"taxonomy":"product_tag","embeddable":true,"href":"https:\/\/arikae.com\/index.php\/wp-json\/wp\/v2\/product_tag?post=7096"}],"curies":[{"name":"wp","href":"https:\/\/api.w.org\/{rel}","templated":true}]}}