{"id":7097,"date":"2023-07-07T20:23:20","date_gmt":"2023-07-07T19:23:20","guid":{"rendered":"https:\/\/arikae.com\/?post_type=product&#038;p=7097"},"modified":"2023-07-08T20:53:46","modified_gmt":"2023-07-08T19:53:46","slug":"curcuma-suplemento-60-capletas-1g","status":"publish","type":"product","link":"https:\/\/arikae.com\/index.php\/product\/curcuma-suplemento-60-capletas-1g\/","title":{"rendered":"Curcuma Suplemento 60 Capletas. 1g."},"content":{"rendered":"<h1 class=\"p1\"><strong>C\u00farcuma<\/strong><b> Suplemento 95% Curcuminoides Turmeric 60 Capletas. 1g. Turmeric Extract Antiinflamatorio<\/b><\/h1>\n<p>Cuando se trata de la c\u00farcuma, hay muchas formas diferentes de utilizarla. Puede utilizarla en platos indios, como especia en el curry o en forma de t\u00e9. Incluso puedes tomarla como suplemento. Pero, \u00bfCu\u00e1les son los beneficios del consumo natural de c\u00farcuma? La c\u00farcuma pertenece a la familia del jengibre y se utiliza en Asia desde hace miles de a\u00f1os.<\/p>\n<p>El principal ingrediente activo de la c\u00farcuma es la curcumina. La curcumina es un potente antioxidante que puede ayudar a proteger las c\u00e9lulas de los da\u00f1os. Tambi\u00e9n tiene propiedades antiinflamatorias, que pueden ayudar a reducir la hinchaz\u00f3n y el dolor. La c\u00farcuma refuerza el sistema inmunitario y ayuda a combatir las infecciones. Tambi\u00e9n puede ayudar a mejorar la digesti\u00f3n y reducir el riesgo de algunos tipos de c\u00e1ncer. En el suplemento natural c\u00farcuma est\u00e1n concentrados todos estos beneficios que puedes aprovechar si la consumes desde ahora.<\/p>\n<h2><strong>Beneficios del Suplemento Curc\u00fama:<\/strong><\/h2>\n<ul class=\"ul1\">\n<li style=\"font-weight: 400;\" aria-level=\"1\"><span style=\"font-weight: 400;\">Ayuda a la artritis y al dolor articular.<\/span><\/li>\n<li style=\"font-weight: 400;\" aria-level=\"1\"><span style=\"font-weight: 400;\">Reduce la inflamaci\u00f3n cr\u00f3nica.<\/span><\/li>\n<li style=\"font-weight: 400;\" aria-level=\"1\"><span style=\"font-weight: 400;\">Ayuda a perder peso.<\/span><\/li>\n<li style=\"font-weight: 400;\" aria-level=\"1\"><span style=\"font-weight: 400;\">Mejora la salud de la piel.<\/span><\/li>\n<li style=\"font-weight: 400;\" aria-level=\"1\"><span style=\"font-weight: 400;\">Diluyente Natural De Sangre.<\/span><\/li>\n<li style=\"font-weight: 400;\" aria-level=\"1\"><span style=\"font-weight: 400;\">Ayuda a combatir enfermedades y afecciones cr\u00f3nicas.<\/span><\/li>\n<li style=\"font-weight: 400;\" aria-level=\"1\"><span style=\"font-weight: 400;\">Mejora la funci\u00f3n cerebral.<\/span><\/li>\n<li style=\"font-weight: 400;\" aria-level=\"1\"><span style=\"font-weight: 400;\">Mejora las alergias y el asma.<\/span><\/li>\n<\/ul>\n<h2>Ingredientes:<\/h2>\n<ul>\n<li class=\"p1\">C\u00farcuma<\/li>\n<li class=\"p1\">Celulosa marco cristalizada<\/li>\n<li class=\"p1\">Esterato de Magnesio<\/li>\n<\/ul>\n<h2>Modo de uso<\/h2>\n<h3>V\u00eda oral:<\/h3>\n<p>Tomar 2 capletas 3 veces al d\u00eda acompa\u00f1ada de los alimentos.<\/p>\n<h2>Precauciones:<\/h2>\n<ul>\n<li>No ingerir este producto en caso de embarazo o lactancia.<\/li>\n<li>Es responsabilidad de quien lo consuma o lo recomienda.<\/li>\n<li>No est\u00e1 aprobado por la FDA.<\/li>\n<li>Los resultados pueden variar.<\/li>\n<\/ul>\n","protected":false},"excerpt":{"rendered":"<p>C\u00farcuma Suplemento 95% Curcuminoides Turmeric 60 Capletas. 1g. Turmeric Extract Antiinflamatorio Cuando se trata de la c\u00farcuma, hay muchas formas diferentes de utilizarla. Puede utilizarla en platos indios, como especia en el curry o en forma de t\u00e9. Incluso puedes tomarla como suplemento. Pero, \u00bfCu\u00e1les son los beneficios del consumo natural de c\u00farcuma? La c\u00farcuma &hellip; <br \/><a href=\"https:\/\/arikae.com\/index.php\/product\/curcuma-suplemento-60-capletas-1g\/\" class=\"more-link\">Continue reading <span class=\"screen-reader-text\">Curcuma Suplemento 60 Capletas. 1g.<\/span><\/a><\/p>\n","protected":false},"featured_media":7168,"comment_status":"closed","ping_status":"closed","template":"","meta":[],"product_cat":[90],"product_tag":[],"_links":{"self":[{"href":"https:\/\/arikae.com\/index.php\/wp-json\/wp\/v2\/product\/7097"}],"collection":[{"href":"https:\/\/arikae.com\/index.php\/wp-json\/wp\/v2\/product"}],"about":[{"href":"https:\/\/arikae.com\/index.php\/wp-json\/wp\/v2\/types\/product"}],"replies":[{"embeddable":true,"href":"https:\/\/arikae.com\/index.php\/wp-json\/wp\/v2\/comments?post=7097"}],"wp:featuredmedia":[{"embeddable":true,"href":"https:\/\/arikae.com\/index.php\/wp-json\/wp\/v2\/media\/7168"}],"wp:attachment":[{"href":"https:\/\/arikae.com\/index.php\/wp-json\/wp\/v2\/media?parent=7097"}],"wp:term":[{"taxonomy":"product_cat","embeddable":true,"href":"https:\/\/arikae.com\/index.php\/wp-json\/wp\/v2\/product_cat?post=7097"},{"taxonomy":"product_tag","embeddable":true,"href":"https:\/\/arikae.com\/index.php\/wp-json\/wp\/v2\/product_tag?post=7097"}],"curies":[{"name":"wp","href":"https:\/\/api.w.org\/{rel}","templated":true}]}}