{"id":7101,"date":"2023-07-07T20:23:21","date_gmt":"2023-07-07T19:23:21","guid":{"rendered":"https:\/\/arikae.com\/?post_type=product&#038;p=7101"},"modified":"2023-12-10T14:59:03","modified_gmt":"2023-12-10T14:59:03","slug":"potasio-magnesio-suplemento-60-caplets-1g","status":"publish","type":"product","link":"https:\/\/arikae.com\/index.php\/product\/potasio-magnesio-suplemento-60-caplets-1g\/","title":{"rendered":"Potasio Magnesio Suplemento 60 Caplets 1g."},"content":{"rendered":"<div class=\"vim x-item-title\" data-testid=\"x-item-title\">\n<div>\n<div class=\"vim x-item-title\" data-testid=\"x-item-title\">\n<h1 class=\"x-item-title__mainTitle\">Potasio Magnesio Suplemento 60 Caplets 1g. P<span id=\"productTitle\" class=\"a-size-large product-title-word-break\">ara Presi\u00f3n Arterial y Vascular, Salud \u00d3sea<\/span><\/h1>\n<p>El magnesio y el potasio son dos minerales esenciales que desempe\u00f1an un papel importante en nuestra salud. Un dato interesante es que el magnesio interviene en m\u00e1s de 300 reacciones bioqu\u00edmicas en el organismo y es necesario para el buen funcionamiento de los m\u00fasculos, los nervios y las enzimas. Por otro lado el potasio es un electrolito que ayuda a mantener el equilibrio de l\u00edquidos en el cuerpo y es necesario para el buen funcionamiento del coraz\u00f3n, los ri\u00f1ones y otros \u00f3rganos.<\/p>\n<p>Consumir suficiente magnesio y potasio es importante para mantener una buena salud, la carencia de magnesio puede provocar calambres musculares, fatiga, ansiedad y migra\u00f1as. Cuando en nuestro organismo existe ausencia de potasio puede causar debilidad muscular, par\u00e1lisis y arritmias card\u00edacas.<\/p>\n<p>Para apoyar tu organismo con la dosis ideal de potasio y magnesio te presentamos nuestro <strong>Suplemento Natural Potasio Magnesio<\/strong> que ayuda a alcanzar los niveles necesarios de estas sustancias tan importantes para que nuestro organismo se mantenga en \u00f3ptimas condiciones.<\/p>\n<\/div>\n<h2>Beneficios del suplemento potasio, magnesio:<\/h2>\n<\/div>\n<div class=\"\">\n<ul>\n<li>Ayuda a regular la presi\u00f3n arterial.<\/li>\n<li>Es un diur\u00e9tico natural.<\/li>\n<li>Transporta oxigeno al cerebro.<\/li>\n<li>Mejora la flexibilidad de las arterias.<\/li>\n<li>Ayuda a mejorar la salud de los m\u00fasculos.<\/li>\n<li>Mejora la salud del coraz\u00f3n.<\/li>\n<\/ul>\n<h2>Ingredientes:<\/h2>\n<ul>\n<li>Potasio.<\/li>\n<li>Magnesio.<\/li>\n<li>Esterato de magnesio.<\/li>\n<li>Celulosa micoristalizada.<\/li>\n<li>PVP.<\/li>\n<\/ul>\n<h2><b>V\u00eda de Administraci\u00f3n: <\/b><\/h2>\n<h3>Oral<\/h3>\n<p><b>Modo de uso: <\/b>Tomar 2-3 capletas al d\u00eda acompa\u00f1adas con los alimentos.<\/p>\n<h2>Precauciones:<\/h2>\n<ul>\n<li>No ingerir este producto en caso de embarazo o lactancia.<\/li>\n<li>Es responsabilidad de quien lo consuma o lo recomienda.<\/li>\n<li>No est\u00e1 aprobado por la FDA.<\/li>\n<li>Los resultados pueden variar.<\/li>\n<\/ul>\n<\/div>\n<\/div>\n","protected":false},"excerpt":{"rendered":"<p>Potasio Magnesio Suplemento 60 Caplets 1g. Para Presi\u00f3n Arterial y Vascular, Salud \u00d3sea El magnesio y el potasio son dos minerales esenciales que desempe\u00f1an un papel importante en nuestra salud. Un dato interesante es que el magnesio interviene en m\u00e1s de 300 reacciones bioqu\u00edmicas en el organismo y es necesario para el buen funcionamiento de &hellip; <br \/><a href=\"https:\/\/arikae.com\/index.php\/product\/potasio-magnesio-suplemento-60-caplets-1g\/\" class=\"more-link\">Continue reading <span class=\"screen-reader-text\">Potasio Magnesio Suplemento 60 Caplets 1g.<\/span><\/a><\/p>\n","protected":false},"featured_media":7176,"comment_status":"open","ping_status":"closed","template":"","meta":[],"product_cat":[90],"product_tag":[],"_links":{"self":[{"href":"https:\/\/arikae.com\/index.php\/wp-json\/wp\/v2\/product\/7101"}],"collection":[{"href":"https:\/\/arikae.com\/index.php\/wp-json\/wp\/v2\/product"}],"about":[{"href":"https:\/\/arikae.com\/index.php\/wp-json\/wp\/v2\/types\/product"}],"replies":[{"embeddable":true,"href":"https:\/\/arikae.com\/index.php\/wp-json\/wp\/v2\/comments?post=7101"}],"wp:featuredmedia":[{"embeddable":true,"href":"https:\/\/arikae.com\/index.php\/wp-json\/wp\/v2\/media\/7176"}],"wp:attachment":[{"href":"https:\/\/arikae.com\/index.php\/wp-json\/wp\/v2\/media?parent=7101"}],"wp:term":[{"taxonomy":"product_cat","embeddable":true,"href":"https:\/\/arikae.com\/index.php\/wp-json\/wp\/v2\/product_cat?post=7101"},{"taxonomy":"product_tag","embeddable":true,"href":"https:\/\/arikae.com\/index.php\/wp-json\/wp\/v2\/product_tag?post=7101"}],"curies":[{"name":"wp","href":"https:\/\/api.w.org\/{rel}","templated":true}]}}