{"id":7102,"date":"2023-07-07T20:23:21","date_gmt":"2023-07-07T19:23:21","guid":{"rendered":"https:\/\/arikae.com\/?post_type=product&#038;p=7102"},"modified":"2025-06-23T04:28:35","modified_gmt":"2025-06-23T03:28:35","slug":"flora-saludable-suplemento-60-caplets-1g","status":"publish","type":"product","link":"https:\/\/arikae.com\/index.php\/product\/flora-saludable-suplemento-60-caplets-1g\/","title":{"rendered":"Flora Saludable Suplemento 60 Caplets 1g."},"content":{"rendered":"<div class=\"vim x-item-title\" data-testid=\"x-item-title\">\n<div>\n<div class=\"vim x-item-title\" data-testid=\"x-item-title\">\n<h1 class=\"x-item-title__mainTitle\">Flora Saludable Suplemento 60 Caplets 1g. Lactobacilos y Probi\u00f3ticos para Mejorar la Flora Intestinal, Mejor Funci\u00f3n Intestinal<\/h1>\n<\/div>\n<p>La flora intestinal es esencial para la salud del organismo, cuando esta no es saludable, puede provocar una serie de problemas de salud, uno de estos problemas es el SII (s\u00edndrome del intestino irritable). El SII es un trastorno que afecta al tracto gastrointestinal (GI) y provoca dolor abdominal, diarrea y estre\u00f1imiento.<\/p>\n<p>La flora intestinal es un conjunto de microorganismos que viven en los intestinos, estos microorganismos ayudan a digerir los alimentos y a regular el sistema inmunitario del organismo. Actualmente no existe una cura para el SII, pero hay una serie de tratamientos que pueden ayudar a mejorar los s\u00edntomas. Una opci\u00f3n de tratamiento es ajustar la dieta para incluir m\u00e1s fibra y probi\u00f3ticos.<\/p>\n<p>La fibra es esencial para la flora intestinal, y los probi\u00f3ticos pueden ayudar a restablecer el equilibrio de la flora intestinal. Tambi\u00e9n hay pruebas de que los probi\u00f3ticos pueden ser eficaces para tratar otras afecciones, como el estre\u00f1imiento y la diarrea. Adem\u00e1s, los probi\u00f3ticos pueden ayudar a mejorar el sistema inmunitario del intestino, a continuaci\u00f3n te presentamos los beneficios de nuestro suplemento natural flora saludable que puede ayudar a mejorar la salud de quien lo consuma.<\/p>\n<h2>Beneficios de suplemento flora saludable:<\/h2>\n<\/div>\n<div class=\"\">\n<ul>\n<li>Ayuda a mejorar la salud digestiva.<\/li>\n<li>Contiene probi\u00f3ticos.<\/li>\n<li>Apoya al sistema inmunol\u00f3gico.<\/li>\n<li>Fortalece la flora intestinal.<\/li>\n<li>Previene algunos problemas digestivos.<\/li>\n<\/ul>\n<h2>Ingredientes:<\/h2>\n<ul>\n<li>Lactobacilos.<\/li>\n<li>S\u00e1bila.<\/li>\n<li>Nopal.<\/li>\n<li>Esterato de magnesio.<\/li>\n<li>Celulosa microcristalizada.<\/li>\n<li>PVP.<\/li>\n<\/ul>\n<h2><b>V\u00eda de Administraci\u00f3n: <\/b><\/h2>\n<h3>Oral<\/h3>\n<p><b>Modo de uso: <\/b>Tomar 2-3 capletas al d\u00eda acompa\u00f1adas con los alimentos.<\/p>\n<h2>Precauciones:<\/h2>\n<ul>\n<li>No ingerir este producto en caso de embarazo o lactancia.<\/li>\n<li>Es responsabilidad de quien lo consuma o lo recomienda.<\/li>\n<li>No est\u00e1 aprobado por la FDA.<\/li>\n<li>Los resultados pueden variar.<\/li>\n<\/ul>\n<\/div>\n<\/div>\n","protected":false},"excerpt":{"rendered":"<p>Flora Saludable Suplemento 60 Caplets 1g. Lactobacilos y Probi\u00f3ticos para Mejorar la Flora Intestinal, Mejor Funci\u00f3n Intestinal La flora intestinal es esencial para la salud del organismo, cuando esta no es saludable, puede provocar una serie de problemas de salud, uno de estos problemas es el SII (s\u00edndrome del intestino irritable). El SII es un &hellip; <br \/><a href=\"https:\/\/arikae.com\/index.php\/product\/flora-saludable-suplemento-60-caplets-1g\/\" class=\"more-link\">Continue reading <span class=\"screen-reader-text\">Flora Saludable Suplemento 60 Caplets 1g.<\/span><\/a><\/p>\n","protected":false},"featured_media":7178,"comment_status":"open","ping_status":"closed","template":"","meta":[],"product_cat":[90],"product_tag":[],"_links":{"self":[{"href":"https:\/\/arikae.com\/index.php\/wp-json\/wp\/v2\/product\/7102"}],"collection":[{"href":"https:\/\/arikae.com\/index.php\/wp-json\/wp\/v2\/product"}],"about":[{"href":"https:\/\/arikae.com\/index.php\/wp-json\/wp\/v2\/types\/product"}],"replies":[{"embeddable":true,"href":"https:\/\/arikae.com\/index.php\/wp-json\/wp\/v2\/comments?post=7102"}],"wp:featuredmedia":[{"embeddable":true,"href":"https:\/\/arikae.com\/index.php\/wp-json\/wp\/v2\/media\/7178"}],"wp:attachment":[{"href":"https:\/\/arikae.com\/index.php\/wp-json\/wp\/v2\/media?parent=7102"}],"wp:term":[{"taxonomy":"product_cat","embeddable":true,"href":"https:\/\/arikae.com\/index.php\/wp-json\/wp\/v2\/product_cat?post=7102"},{"taxonomy":"product_tag","embeddable":true,"href":"https:\/\/arikae.com\/index.php\/wp-json\/wp\/v2\/product_tag?post=7102"}],"curies":[{"name":"wp","href":"https:\/\/api.w.org\/{rel}","templated":true}]}}