{"id":7103,"date":"2023-07-07T20:23:21","date_gmt":"2023-07-07T19:23:21","guid":{"rendered":"https:\/\/arikae.com\/?post_type=product&#038;p=7103"},"modified":"2023-07-08T20:41:20","modified_gmt":"2023-07-08T19:41:20","slug":"gota-support-suplemento-60-caplets-1g","status":"publish","type":"product","link":"https:\/\/arikae.com\/index.php\/product\/gota-support-suplemento-60-caplets-1g\/","title":{"rendered":"Gota Support Suplemento 60 Caplets 1g."},"content":{"rendered":"<div class=\"vim x-item-title\" data-testid=\"x-item-title\">\n<div>\n<div class=\"vim x-item-title\" data-testid=\"x-item-title\">\n<h1 class=\"x-item-title__mainTitle\">Gota Support Suplemento 60 Caplets 1g. Soporte Natural para la Salud de las Articulaciones, Reduce Dolor de la Gota, Ingredientes Antiinflamatorios<\/h1>\n<\/div>\n<p>La gota es una forma com\u00fan de artritis que resulta de una acumulaci\u00f3n de \u00e1cido \u00farico en el cuerpo, el \u00e1cido \u00farico es un subproducto del metabolismo normal del cuerpo, cuando los niveles de \u00e1cido \u00farico son demasiado elevados, puede provocar inflamaci\u00f3n y dolor en las articulaciones. La gota suele estar causada por una falta de purina en la dieta, que puede deberse a la falta de carne, l\u00e1cteos o legumbres.<\/p>\n<p>Otros factores que pueden aumentar el riesgo de padecer gota son la obesidad, los niveles elevados de estr\u00f3genos y los antecedentes familiares de la enfermedad. Nuestro Suplemento Herbal Gota Support est\u00e1 elaborado con mejores plantas naturales que se encargan de regular los niveles de \u00e1cido \u00farico en la sangre y tienen un efecto antiinflamatorio para mejorar la vida de las personas.<\/p>\n<h2>Beneficios de suplemento GotaSupport:<\/h2>\n<\/div>\n<div class=\"\">\n<ul>\n<li>Reduce el dolor que provoca la gota.<\/li>\n<li>Ayuda a desinflamar.<\/li>\n<li>Mejora la salud de las articulaciones.<\/li>\n<li>Producto natural.<\/li>\n<\/ul>\n<h2>Ingredientes:<\/h2>\n<ul>\n<li>Enebro.<\/li>\n<li>Cola de caballo.<\/li>\n<li>Pelos de elote.<\/li>\n<li>Maguey.<\/li>\n<li>Diente de le\u00f3n.<\/li>\n<li>Cardo mariano.<\/li>\n<li>Esterato de magnesio.<\/li>\n<li>Celulosa microcristalizada.<\/li>\n<li>PVP.<\/li>\n<\/ul>\n<h2><b>V\u00eda de Administraci\u00f3n: <\/b><\/h2>\n<h3>Oral<\/h3>\n<p><b>Modo de uso: <\/b>Tomar 2-3 capletas al d\u00eda acompa\u00f1adas con los alimentos.<\/p>\n<h2>Precauciones:<\/h2>\n<ul>\n<li>No ingerir este producto en caso de embarazo o lactancia.<\/li>\n<li>Es responsabilidad de quien lo consuma o lo recomienda.<\/li>\n<li>No est\u00e1 aprobado por la FDA.<\/li>\n<li>Los resultados pueden variar.<\/li>\n<\/ul>\n<\/div>\n<\/div>\n","protected":false},"excerpt":{"rendered":"<p>Este potente suplemento est\u00e1 hecho con una mezcla de hierbas y minerales que se han utilizado para ayudar a tratar el asma durante siglos. Nuestro suplemento herbal puede ayudar a mejorar tu respiraci\u00f3n, reducir la inflamaci\u00f3n y abrir tus v\u00edas respiratorias. Con un uso regular, \u00a1puedes empezar a sentirte de nuevo como t\u00fa mismo!<\/p>\n","protected":false},"featured_media":7180,"comment_status":"open","ping_status":"closed","template":"","meta":[],"product_cat":[90],"product_tag":[],"_links":{"self":[{"href":"https:\/\/arikae.com\/index.php\/wp-json\/wp\/v2\/product\/7103"}],"collection":[{"href":"https:\/\/arikae.com\/index.php\/wp-json\/wp\/v2\/product"}],"about":[{"href":"https:\/\/arikae.com\/index.php\/wp-json\/wp\/v2\/types\/product"}],"replies":[{"embeddable":true,"href":"https:\/\/arikae.com\/index.php\/wp-json\/wp\/v2\/comments?post=7103"}],"wp:featuredmedia":[{"embeddable":true,"href":"https:\/\/arikae.com\/index.php\/wp-json\/wp\/v2\/media\/7180"}],"wp:attachment":[{"href":"https:\/\/arikae.com\/index.php\/wp-json\/wp\/v2\/media?parent=7103"}],"wp:term":[{"taxonomy":"product_cat","embeddable":true,"href":"https:\/\/arikae.com\/index.php\/wp-json\/wp\/v2\/product_cat?post=7103"},{"taxonomy":"product_tag","embeddable":true,"href":"https:\/\/arikae.com\/index.php\/wp-json\/wp\/v2\/product_tag?post=7103"}],"curies":[{"name":"wp","href":"https:\/\/api.w.org\/{rel}","templated":true}]}}