{"id":7118,"date":"2023-07-07T20:23:42","date_gmt":"2023-07-07T19:23:42","guid":{"rendered":"https:\/\/arikae.com\/?post_type=product&#038;p=7118"},"modified":"2025-06-23T04:48:24","modified_gmt":"2025-06-23T03:48:24","slug":"rompe-piedra-suplemento-60-caplets-1g","status":"publish","type":"product","link":"https:\/\/arikae.com\/index.php\/product\/rompe-piedra-suplemento-60-caplets-1g\/","title":{"rendered":"Rompe Piedra Suplemento 60 Caplets 1g. Natural de Mexico"},"content":{"rendered":"<div class=\"vim x-item-title\" data-testid=\"x-item-title\">\n<div>\n<div class=\"vim x-item-title\" data-testid=\"x-item-title\">\n<h1 class=\"x-item-title__mainTitle\"><strong>Rompe Piedra Suplemento 60 Caplets 1g. Piedras en los Ri\u00f1ones, C\u00e1lculos Renales, Soporte para la Ves\u00edcula y Sistema Urinario<\/strong><\/h1>\n<\/div>\n<p>Los c\u00e1lculos renales se forman cuando una sustancia llamada litio se acumula en los ri\u00f1ones, el litio se encuentra en el agua potable, los alimentos y los medicamentos. Se acumula en los ri\u00f1ones porque no pasa f\u00e1cilmente por el filtro de los ri\u00f1ones, puede formar c\u00e1lculos en los ri\u00f1ones si no se excreta del cuerpo. Los c\u00e1lculos pueden bloquear el flujo de orina y pueden causar dolor en la espalda y el costado, as\u00ed como problemas para orinar, tambi\u00e9n pueden provocar una insuficiencia renal si bloquean demasiado el flujo de orina.<\/p>\n<p>Si tiene c\u00e1lculos renales, es importante que busque tratamiento lo antes posible. El tratamiento suele incluir medicamentos para eliminar el litio del organismo y una intervenci\u00f3n quir\u00fargica para extraer los c\u00e1lculos. Para prevenir estas molestas piedras puedes comenzar con cambiar tu alimentaci\u00f3n, recuerda que el exceso de grasa en la comida puede provocar la formaci\u00f3n de los c\u00e1lculos, tambi\u00e9n te recomendamos que consumas nuestro Suplemento Herbal Rompe Piedras que puede prevenir la formaci\u00f3n de estos y mejorar la salud tanto del tracto urinario como los ri\u00f1ones.<\/p>\n<h2>Beneficios del suplemento rompe piedra:<\/h2>\n<\/div>\n<div class=\"\">\n<ul>\n<li>Previene la formaci\u00f3n de piedras en los ri\u00f1ones.<\/li>\n<li>Mejora la salud de los ri\u00f1ones.<\/li>\n<li>Ayuda a potenciar la salud del tracto urinario.<\/li>\n<li>Mejora la salud de la ves\u00edcula.<\/li>\n<li>Previene el estre\u00f1imiento.<\/li>\n<li>Reduce la retenci\u00f3n de l\u00edquidos en el organismo.<\/li>\n<\/ul>\n<h2>Ingredientes:<\/h2>\n<ul>\n<li>Alcachofa.<\/li>\n<li>Amaranto.<\/li>\n<li>Chancapiedra.<\/li>\n<li>Toronja.<\/li>\n<li>Hoja Sen.<\/li>\n<li>C\u00e1scara sagrada.<\/li>\n<li>Casta\u00f1o de indias.<\/li>\n<li>Noni.<\/li>\n<li>Manzana.<\/li>\n<\/ul>\n<h2><b>V\u00eda de Administraci\u00f3n: <\/b><\/h2>\n<h3>Oral<\/h3>\n<p><b>Modo de uso: <\/b>Tomar 2-3 capletas al d\u00eda acompa\u00f1adas con los alimentos.<\/p>\n<h2>Precauciones:<\/h2>\n<ul>\n<li>No ingerir este producto en caso de embarazo o lactancia.<\/li>\n<li>Es responsabilidad de quien lo consuma o lo recomienda.<\/li>\n<li>No est\u00e1 aprobado por la FDA.<\/li>\n<li>Los resultados pueden variar.<\/li>\n<\/ul>\n<\/div>\n<\/div>\n","protected":false},"excerpt":{"rendered":"<p>Este potente suplemento est\u00e1 hecho con una mezcla de hierbas y minerales que se han utilizado para ayudar a tratar el asma durante siglos. Nuestro suplemento herbal puede ayudar a mejorar tu respiraci\u00f3n, reducir la inflamaci\u00f3n y abrir tus v\u00edas respiratorias. Con un uso regular, \u00a1puedes empezar a sentirte de nuevo como t\u00fa mismo!<\/p>\n","protected":false},"featured_media":7182,"comment_status":"open","ping_status":"closed","template":"","meta":[],"product_cat":[90],"product_tag":[],"_links":{"self":[{"href":"https:\/\/arikae.com\/index.php\/wp-json\/wp\/v2\/product\/7118"}],"collection":[{"href":"https:\/\/arikae.com\/index.php\/wp-json\/wp\/v2\/product"}],"about":[{"href":"https:\/\/arikae.com\/index.php\/wp-json\/wp\/v2\/types\/product"}],"replies":[{"embeddable":true,"href":"https:\/\/arikae.com\/index.php\/wp-json\/wp\/v2\/comments?post=7118"}],"wp:featuredmedia":[{"embeddable":true,"href":"https:\/\/arikae.com\/index.php\/wp-json\/wp\/v2\/media\/7182"}],"wp:attachment":[{"href":"https:\/\/arikae.com\/index.php\/wp-json\/wp\/v2\/media?parent=7118"}],"wp:term":[{"taxonomy":"product_cat","embeddable":true,"href":"https:\/\/arikae.com\/index.php\/wp-json\/wp\/v2\/product_cat?post=7118"},{"taxonomy":"product_tag","embeddable":true,"href":"https:\/\/arikae.com\/index.php\/wp-json\/wp\/v2\/product_tag?post=7118"}],"curies":[{"name":"wp","href":"https:\/\/api.w.org\/{rel}","templated":true}]}}