{"id":7119,"date":"2023-07-07T20:23:42","date_gmt":"2023-07-07T19:23:42","guid":{"rendered":"https:\/\/arikae.com\/?post_type=product&#038;p=7119"},"modified":"2025-02-11T02:13:54","modified_gmt":"2025-02-11T02:13:54","slug":"hemorroides-suplemento-60-caplets-1g","status":"publish","type":"product","link":"https:\/\/arikae.com\/index.php\/product\/hemorroides-suplemento-60-caplets-1g\/","title":{"rendered":"Hemorroides Suplemento 60 Caplets 1g. Natural de Mexico"},"content":{"rendered":"<div class=\"vim x-item-title\" data-testid=\"x-item-title\">\n<div>\n<div class=\"vim x-item-title\" data-testid=\"x-item-title\">\n<h1 class=\"x-item-title__mainTitle\">Hemorroides Suplemento 60 Caplets 1g. Reduce el Dolor, Mejora la Circulaci\u00f3n, Ayuda al Sistema Digestivo, Reduce la Inflamaci\u00f3n<\/h1>\n<\/div>\n<div class=\"col-md-12\">\n<div class=\"border rounded position-relative p-0 d-flex flex-column align-items-stretch justify-content-between mb-5\">\n<div class=\"d-flex align-items-center p-10\">\n<div class=\"d-block fw-bold text-start\">\n<div><span style=\"font-size: 16px;\">\u00bfQu\u00e9 son las hemorroides? Las hemorroides son venas hinchadas en el recto y el ano, causadas por una combinaci\u00f3n de factores, entre los que se encuentran una debilidad en las venas y un aumento de la presi\u00f3n sobre las mismas por parte de los tejidos circundantes.<\/span><\/div>\n<div><\/div>\n<div><span style=\"font-size: 16px;\">Las hemorroides pueden ser hereditarias y tambi\u00e9n pueden ser causadas por el parto, la obesidad, el embarazo, el esfuerzo durante la defecaci\u00f3n y muchos otros factores. El Suplemento Hemorroides de Natural de Mexico puede ayudar a combatir este problema muy com\u00fan, basta con incluirla en nuestra dieta diaria para aprovechar todos los beneficios, el suplemento hemorroides est\u00e1 elaborado con las mejores plantas con acci\u00f3n vasodilatadoras para estimular la circulaci\u00f3n de la sangre en los venas.\u00a0<\/span><\/div>\n<\/div>\n<\/div>\n<\/div>\n<\/div>\n<div class=\"col-md-12\">\n<div class=\"border rounded position-relative p-0 d-flex flex-column align-items-stretch justify-content-between mb-5\">\n<div class=\"d-flex border-bottom justify-content-between top-0 end-0 bg-lighten\">\n<div class=\"d-flex text-muted\">\n<div class=\"d-flex align-items-center border-end me-4\">\n<div class=\"col-md-12\">\n<div class=\"border rounded position-relative p-0 d-flex flex-column align-items-stretch justify-content-between mb-5\">\n<div class=\"d-flex border-bottom justify-content-between top-0 end-0 bg-lighten\">\n<div class=\"d-flex text-muted\">\n<div class=\"d-flex align-items-center border-end me-4\"><\/div>\n<\/div>\n<\/div>\n<\/div>\n<\/div>\n<\/div>\n<\/div>\n<\/div>\n<\/div>\n<\/div>\n<h2>Beneficios del suplemento hemorroides:<\/h2>\n<\/div>\n<div class=\"\">\n<ul>\n<li>Mejora la salud del sistema circulatorio.<\/li>\n<li>Ayuda a mejorar la salud digestiva.<\/li>\n<li><span style=\"font-size: 16px;\">Reduce las molestias que pueden provocar las hemorroides.<\/span><\/li>\n<li>Contiene lactobacilos.<\/li>\n<\/ul>\n<h2>Ingredientes:<\/h2>\n<ul>\n<li>Lactobacilos.<\/li>\n<li>Hamamelis.<\/li>\n<li>Ciruela.<\/li>\n<li>Ruscus.<\/li>\n<\/ul>\n<h2><b>V\u00eda de Administraci\u00f3n: <\/b><\/h2>\n<h3>Oral<\/h3>\n<p>Tomar 2-3 capletas al d\u00eda acompa\u00f1adas con los alimentos.<\/p>\n<h2>Precauciones:<\/h2>\n<ul>\n<li>No ingerir este producto en caso de embarazo o lactancia.<\/li>\n<li>Es responsabilidad de quien lo consuma o lo recomienda.<\/li>\n<li>No est\u00e1 aprobado por la FDA.<\/li>\n<li>Los resultados pueden variar.<\/li>\n<\/ul>\n<\/div>\n<\/div>\n","protected":false},"excerpt":{"rendered":"<p>Este potente suplemento est\u00e1 hecho con una mezcla de hierbas y minerales que se han utilizado para ayudar a tratar el asma durante siglos. Nuestro suplemento herbal puede ayudar a mejorar tu respiraci\u00f3n, reducir la inflamaci\u00f3n y abrir tus v\u00edas respiratorias. Con un uso regular, \u00a1puedes empezar a sentirte de nuevo como t\u00fa mismo!<\/p>\n","protected":false},"featured_media":7184,"comment_status":"open","ping_status":"closed","template":"","meta":[],"product_cat":[90],"product_tag":[],"_links":{"self":[{"href":"https:\/\/arikae.com\/index.php\/wp-json\/wp\/v2\/product\/7119"}],"collection":[{"href":"https:\/\/arikae.com\/index.php\/wp-json\/wp\/v2\/product"}],"about":[{"href":"https:\/\/arikae.com\/index.php\/wp-json\/wp\/v2\/types\/product"}],"replies":[{"embeddable":true,"href":"https:\/\/arikae.com\/index.php\/wp-json\/wp\/v2\/comments?post=7119"}],"wp:featuredmedia":[{"embeddable":true,"href":"https:\/\/arikae.com\/index.php\/wp-json\/wp\/v2\/media\/7184"}],"wp:attachment":[{"href":"https:\/\/arikae.com\/index.php\/wp-json\/wp\/v2\/media?parent=7119"}],"wp:term":[{"taxonomy":"product_cat","embeddable":true,"href":"https:\/\/arikae.com\/index.php\/wp-json\/wp\/v2\/product_cat?post=7119"},{"taxonomy":"product_tag","embeddable":true,"href":"https:\/\/arikae.com\/index.php\/wp-json\/wp\/v2\/product_tag?post=7119"}],"curies":[{"name":"wp","href":"https:\/\/api.w.org\/{rel}","templated":true}]}}