{"id":7123,"date":"2023-07-07T20:23:42","date_gmt":"2023-07-07T19:23:42","guid":{"rendered":"https:\/\/arikae.com\/?post_type=product&#038;p=7123"},"modified":"2023-07-08T20:38:24","modified_gmt":"2023-07-08T19:38:24","slug":"suplemento-ansiedad-y-depresion-a-base-de-hierbas-mejora-estado-de-animo-estres-depresion-nerviosismo","status":"publish","type":"product","link":"https:\/\/arikae.com\/index.php\/product\/suplemento-ansiedad-y-depresion-a-base-de-hierbas-mejora-estado-de-animo-estres-depresion-nerviosismo\/","title":{"rendered":"Ansiedad y Depresi\u00f3n Suplemento 60 Capletas 1g. Natural de Mexico"},"content":{"rendered":"<h1><strong>Ansiedad y Depresi\u00f3n Suplemento 60 Capletas 1g. Para el Estr\u00e9s y la Relajaci\u00f3n de Natural de Mexico<\/strong><\/h1>\n<p>El suplemento Ansiedad y Depresi\u00f3n de Natural de Mexico es una opci\u00f3n natural y efectiva para ayudar a equilibrar y mejorar el estado de \u00e1nimo. Cada frasco contiene 60 capletas de 1 gramo, formuladas con ingredientes cuidadosamente seleccionados para brindar apoyo emocional y mental.<\/p>\n<p>Nuestra f\u00f3rmula \u00fanica combina extractos de hierbas naturales que se han utilizado tradicionalmente para aliviar la ansiedad y la depresi\u00f3n. Estos ingredientes incluyen hierba de San Juan, valeriana, pasiflora y camomila, conocidos por sus propiedades calmantes y relajantes.<\/p>\n<p>El suplemento Ansiedad y Depresi\u00f3n de Natural de Mexico est\u00e1 dise\u00f1ado para ayudar a reducir los s\u00edntomas de ansiedad, promover la relajaci\u00f3n y mejorar el estado de \u00e1nimo. Nuestra l\u00ednea premium garantiza la calidad y eficacia de nuestros productos, proporcionando una opci\u00f3n segura y confiable para el bienestar emocional.<\/p>\n<p>Si est\u00e1s buscando un enfoque natural para abordar la ansiedad y la depresi\u00f3n, el suplemento Ansiedad y Depresi\u00f3n de Natural de Mexico es una opci\u00f3n ideal. Apoya tu salud mental y emocional de manera natural con nuestra f\u00f3rmula especializada. \u00a1Encuentra la calma y la tranquilidad que mereces con nuestro suplemento Ansiedad y Depresi\u00f3n de Natural de Mexico!<\/p>\n","protected":false},"excerpt":{"rendered":"<p>Ansiedad y Depresi\u00f3n Suplemento 60 Capletas 1g. Para el Estr\u00e9s y la Relajaci\u00f3n de Natural de Mexico El suplemento Ansiedad y Depresi\u00f3n de Natural de Mexico es una opci\u00f3n natural y efectiva para ayudar a equilibrar y mejorar el estado de \u00e1nimo. Cada frasco contiene 60 capletas de 1 gramo, formuladas con ingredientes cuidadosamente seleccionados &hellip; <br \/><a href=\"https:\/\/arikae.com\/index.php\/product\/suplemento-ansiedad-y-depresion-a-base-de-hierbas-mejora-estado-de-animo-estres-depresion-nerviosismo\/\" class=\"more-link\">Continue reading <span class=\"screen-reader-text\">Ansiedad y Depresi\u00f3n Suplemento 60 Capletas 1g. Natural de Mexico<\/span><\/a><\/p>\n","protected":false},"featured_media":7300,"comment_status":"open","ping_status":"closed","template":"","meta":[],"product_cat":[90],"product_tag":[],"_links":{"self":[{"href":"https:\/\/arikae.com\/index.php\/wp-json\/wp\/v2\/product\/7123"}],"collection":[{"href":"https:\/\/arikae.com\/index.php\/wp-json\/wp\/v2\/product"}],"about":[{"href":"https:\/\/arikae.com\/index.php\/wp-json\/wp\/v2\/types\/product"}],"replies":[{"embeddable":true,"href":"https:\/\/arikae.com\/index.php\/wp-json\/wp\/v2\/comments?post=7123"}],"wp:featuredmedia":[{"embeddable":true,"href":"https:\/\/arikae.com\/index.php\/wp-json\/wp\/v2\/media\/7300"}],"wp:attachment":[{"href":"https:\/\/arikae.com\/index.php\/wp-json\/wp\/v2\/media?parent=7123"}],"wp:term":[{"taxonomy":"product_cat","embeddable":true,"href":"https:\/\/arikae.com\/index.php\/wp-json\/wp\/v2\/product_cat?post=7123"},{"taxonomy":"product_tag","embeddable":true,"href":"https:\/\/arikae.com\/index.php\/wp-json\/wp\/v2\/product_tag?post=7123"}],"curies":[{"name":"wp","href":"https:\/\/api.w.org\/{rel}","templated":true}]}}