{"id":7124,"date":"2023-07-07T20:23:43","date_gmt":"2023-07-07T19:23:43","guid":{"rendered":"https:\/\/arikae.com\/?post_type=product&#038;p=7124"},"modified":"2023-07-08T20:18:00","modified_gmt":"2023-07-08T19:18:00","slug":"suplemento-soporte-rino-aid-bienestar-renal-limpia-y-desintoxica-soporte-urinario-rino-aid","status":"publish","type":"product","link":"https:\/\/arikae.com\/index.php\/product\/suplemento-soporte-rino-aid-bienestar-renal-limpia-y-desintoxica-soporte-urinario-rino-aid\/","title":{"rendered":"Ri\u00f1o Aid Suplemento 60 Capletas 1g. Natural de Mexico"},"content":{"rendered":"<h1><strong>Ri\u00f1o Aid Suplemento 60 Capletas 1g. Soporte para el bienestar de los ri\u00f1ones<\/strong><\/h1>\n<p>Ri\u00f1o Aid de Natural de Mexico es un suplemento natural dise\u00f1ado para apoyar la salud renal y la funci\u00f3n del sistema urinario. Cada frasco contiene 60 capletas de 1 gramo, formuladas con ingredientes cuidadosamente seleccionados para promover la salud de los ri\u00f1ones y ayudar a mantener un equilibrio adecuado de l\u00edquidos en el cuerpo. Estos ingredientes trabajan en sinergia para ayudar a promover la eliminaci\u00f3n de toxinas, mantener la salud de las v\u00edas urinarias y apoyar la funci\u00f3n renal \u00f3ptima. Ri\u00f1o Aid es una opci\u00f3n natural para aquellos que desean mantener la salud de sus ri\u00f1ones y promover un sistema urinario saludable. \u00a1Cuida tus ri\u00f1ones y promueve una mejor salud con Ri\u00f1o Aid de Natural de Mexico!<\/p>\n","protected":false},"excerpt":{"rendered":"<p>Ri\u00f1o Aid Suplemento 60 Capletas 1g. Soporte para el bienestar de los ri\u00f1ones Ri\u00f1o Aid de Natural de Mexico es un suplemento natural dise\u00f1ado para apoyar la salud renal y la funci\u00f3n del sistema urinario. Cada frasco contiene 60 capletas de 1 gramo, formuladas con ingredientes cuidadosamente seleccionados para promover la salud de los ri\u00f1ones &hellip; <br \/><a href=\"https:\/\/arikae.com\/index.php\/product\/suplemento-soporte-rino-aid-bienestar-renal-limpia-y-desintoxica-soporte-urinario-rino-aid\/\" class=\"more-link\">Continue reading <span class=\"screen-reader-text\">Ri\u00f1o Aid Suplemento 60 Capletas 1g. Natural de Mexico<\/span><\/a><\/p>\n","protected":false},"featured_media":7293,"comment_status":"open","ping_status":"closed","template":"","meta":[],"product_cat":[90],"product_tag":[],"_links":{"self":[{"href":"https:\/\/arikae.com\/index.php\/wp-json\/wp\/v2\/product\/7124"}],"collection":[{"href":"https:\/\/arikae.com\/index.php\/wp-json\/wp\/v2\/product"}],"about":[{"href":"https:\/\/arikae.com\/index.php\/wp-json\/wp\/v2\/types\/product"}],"replies":[{"embeddable":true,"href":"https:\/\/arikae.com\/index.php\/wp-json\/wp\/v2\/comments?post=7124"}],"wp:featuredmedia":[{"embeddable":true,"href":"https:\/\/arikae.com\/index.php\/wp-json\/wp\/v2\/media\/7293"}],"wp:attachment":[{"href":"https:\/\/arikae.com\/index.php\/wp-json\/wp\/v2\/media?parent=7124"}],"wp:term":[{"taxonomy":"product_cat","embeddable":true,"href":"https:\/\/arikae.com\/index.php\/wp-json\/wp\/v2\/product_cat?post=7124"},{"taxonomy":"product_tag","embeddable":true,"href":"https:\/\/arikae.com\/index.php\/wp-json\/wp\/v2\/product_tag?post=7124"}],"curies":[{"name":"wp","href":"https:\/\/api.w.org\/{rel}","templated":true}]}}