{"id":7139,"date":"2023-07-07T20:24:03","date_gmt":"2023-07-07T19:24:03","guid":{"rendered":"https:\/\/arikae.com\/?post_type=product&#038;p=7139"},"modified":"2023-07-07T23:12:53","modified_gmt":"2023-07-07T22:12:53","slug":"estrenilax-suplemento-60-capletas-ayuda-a-reducir-el-estrenimiento","status":"publish","type":"product","link":"https:\/\/arikae.com\/index.php\/product\/estrenilax-suplemento-60-capletas-ayuda-a-reducir-el-estrenimiento\/","title":{"rendered":"Estre\u00f1ilax Suplemento 60 Capletas 1g. Para el Estre\u00f1imiento"},"content":{"rendered":"<h1><strong>Estre\u00f1ilax Suplemento 60 Capletas 1g. Para el Estre\u00f1imiento<\/strong><\/h1>\n<p>Estre\u00f1ilax es un suplemento natural en forma de capletas dise\u00f1ado para promover un funcionamiento intestinal saludable y aliviar el estre\u00f1imiento. Cada botella contiene 60 capletas de 1 gramo, proporcionando un suministro duradero para mejorar tu salud digestiva. Nuestra f\u00f3rmula \u00fanica combina ingredientes naturales seleccionados cuidadosamente, que trabajan en sinergia para suavizar las heces, estimular el movimiento intestinal y aliviar el malestar asociado con el estre\u00f1imiento. Conf\u00eda en Estre\u00f1ilax para mantener tu sistema digestivo en equilibrio y disfrutar de una sensaci\u00f3n de bienestar. \u00a1Recupera tu regularidad y comodidad con Estre\u00f1ilax!<\/p>\n","protected":false},"excerpt":{"rendered":"<p>Estre\u00f1ilax Suplemento 60 Capletas 1g. Para el Estre\u00f1imiento Estre\u00f1ilax es un suplemento natural en forma de capletas dise\u00f1ado para promover un funcionamiento intestinal saludable y aliviar el estre\u00f1imiento. Cada botella contiene 60 capletas de 1 gramo, proporcionando un suministro duradero para mejorar tu salud digestiva. Nuestra f\u00f3rmula \u00fanica combina ingredientes naturales seleccionados cuidadosamente, que trabajan &hellip; <br \/><a href=\"https:\/\/arikae.com\/index.php\/product\/estrenilax-suplemento-60-capletas-ayuda-a-reducir-el-estrenimiento\/\" class=\"more-link\">Continue reading <span class=\"screen-reader-text\">Estre\u00f1ilax Suplemento 60 Capletas 1g. Para el Estre\u00f1imiento<\/span><\/a><\/p>\n","protected":false},"featured_media":7227,"comment_status":"open","ping_status":"closed","template":"","meta":[],"product_cat":[90],"product_tag":[],"_links":{"self":[{"href":"https:\/\/arikae.com\/index.php\/wp-json\/wp\/v2\/product\/7139"}],"collection":[{"href":"https:\/\/arikae.com\/index.php\/wp-json\/wp\/v2\/product"}],"about":[{"href":"https:\/\/arikae.com\/index.php\/wp-json\/wp\/v2\/types\/product"}],"replies":[{"embeddable":true,"href":"https:\/\/arikae.com\/index.php\/wp-json\/wp\/v2\/comments?post=7139"}],"wp:featuredmedia":[{"embeddable":true,"href":"https:\/\/arikae.com\/index.php\/wp-json\/wp\/v2\/media\/7227"}],"wp:attachment":[{"href":"https:\/\/arikae.com\/index.php\/wp-json\/wp\/v2\/media?parent=7139"}],"wp:term":[{"taxonomy":"product_cat","embeddable":true,"href":"https:\/\/arikae.com\/index.php\/wp-json\/wp\/v2\/product_cat?post=7139"},{"taxonomy":"product_tag","embeddable":true,"href":"https:\/\/arikae.com\/index.php\/wp-json\/wp\/v2\/product_tag?post=7139"}],"curies":[{"name":"wp","href":"https:\/\/api.w.org\/{rel}","templated":true}]}}