{"id":7140,"date":"2023-07-07T20:24:03","date_gmt":"2023-07-07T19:24:03","guid":{"rendered":"https:\/\/arikae.com\/?post_type=product&#038;p=7140"},"modified":"2023-07-07T23:14:20","modified_gmt":"2023-07-07T22:14:20","slug":"acido-h-flex-colagenoy-acido-hialuronico-60-capletas","status":"publish","type":"product","link":"https:\/\/arikae.com\/index.php\/product\/acido-h-flex-colagenoy-acido-hialuronico-60-capletas\/","title":{"rendered":"Acid H Flex Col\u00e1geno y \u00c1cido Hialur\u00f3nico 60 Capletas 1g."},"content":{"rendered":"<h1><strong>Natural de Mexico Acid H Flex Col\u00e1geno y \u00c1cido Hialur\u00f3nico 60 Capletas 1g.<\/strong><\/h1>\n<p>Acid H Flex es un suplemento natural en forma de capletas que combina las propiedades del col\u00e1geno y el \u00e1cido hialur\u00f3nico para promover la salud de las articulaciones y mejorar la flexibilidad. Cada botella contiene 60 capletas de 1 gramo, proporcionando un suministro duradero para cuidar tus articulaciones. El col\u00e1geno es una prote\u00edna esencial que brinda estructura y soporte a los tejidos conectivos, incluyendo los cart\u00edlagos y las articulaciones. El \u00e1cido hialur\u00f3nico es conocido por sus propiedades hidratantes y lubricantes, ayudando a mantener las articulaciones saludables y reducir la fricci\u00f3n. Juntos, el col\u00e1geno y el \u00e1cido hialur\u00f3nico trabajan en sinergia para mejorar la movilidad y aliviar el malestar articular. Conf\u00eda en Acid H Flex para mantener tus articulaciones en \u00f3ptimas condiciones y disfrutar de una vida activa y sin limitaciones. \u00a1Cuida tus articulaciones con Acid H Flex y experimenta una mayor flexibilidad y bienestar!<\/p>\n","protected":false},"excerpt":{"rendered":"<p>Natural de Mexico Acid H Flex Col\u00e1geno y \u00c1cido Hialur\u00f3nico 60 Capletas 1g. Acid H Flex es un suplemento natural en forma de capletas que combina las propiedades del col\u00e1geno y el \u00e1cido hialur\u00f3nico para promover la salud de las articulaciones y mejorar la flexibilidad. Cada botella contiene 60 capletas de 1 gramo, proporcionando un &hellip; <br \/><a href=\"https:\/\/arikae.com\/index.php\/product\/acido-h-flex-colagenoy-acido-hialuronico-60-capletas\/\" class=\"more-link\">Continue reading <span class=\"screen-reader-text\">Acid H Flex Col\u00e1geno y \u00c1cido Hialur\u00f3nico 60 Capletas 1g.<\/span><\/a><\/p>\n","protected":false},"featured_media":7223,"comment_status":"open","ping_status":"closed","template":"","meta":[],"product_cat":[90],"product_tag":[],"_links":{"self":[{"href":"https:\/\/arikae.com\/index.php\/wp-json\/wp\/v2\/product\/7140"}],"collection":[{"href":"https:\/\/arikae.com\/index.php\/wp-json\/wp\/v2\/product"}],"about":[{"href":"https:\/\/arikae.com\/index.php\/wp-json\/wp\/v2\/types\/product"}],"replies":[{"embeddable":true,"href":"https:\/\/arikae.com\/index.php\/wp-json\/wp\/v2\/comments?post=7140"}],"wp:featuredmedia":[{"embeddable":true,"href":"https:\/\/arikae.com\/index.php\/wp-json\/wp\/v2\/media\/7223"}],"wp:attachment":[{"href":"https:\/\/arikae.com\/index.php\/wp-json\/wp\/v2\/media?parent=7140"}],"wp:term":[{"taxonomy":"product_cat","embeddable":true,"href":"https:\/\/arikae.com\/index.php\/wp-json\/wp\/v2\/product_cat?post=7140"},{"taxonomy":"product_tag","embeddable":true,"href":"https:\/\/arikae.com\/index.php\/wp-json\/wp\/v2\/product_tag?post=7140"}],"curies":[{"name":"wp","href":"https:\/\/api.w.org\/{rel}","templated":true}]}}