{"id":7143,"date":"2023-07-07T20:24:03","date_gmt":"2023-07-07T19:24:03","guid":{"rendered":"https:\/\/arikae.com\/?post_type=product&#038;p=7143"},"modified":"2023-07-08T20:14:42","modified_gmt":"2023-07-08T19:14:42","slug":"suplemento-alergia-y-asma-60-caps-apoya-desintoxicacion-pulmonar-allergy-asthma","status":"publish","type":"product","link":"https:\/\/arikae.com\/index.php\/product\/suplemento-alergia-y-asma-60-caps-apoya-desintoxicacion-pulmonar-allergy-asthma\/","title":{"rendered":"Suplemento Alergia y Asma 60 Capletas 1g. Natural de Mexico"},"content":{"rendered":"<p>El suplemento Alergia y Asma de Natural de Mexico es una opci\u00f3n natural para aliviar los s\u00edntomas asociados con las alergias y el asma. Cada frasco contiene 60 capletas de 1 gramo, formuladas con ingredientes cuidadosamente seleccionados para brindar alivio y mejorar la calidad de vida de quienes sufren de estas afecciones. Nuestro suplemento est\u00e1 dise\u00f1ado para reducir la inflamaci\u00f3n, promover la funci\u00f3n respiratoria saludable y fortalecer el sistema inmunol\u00f3gico. Con ingredientes naturales y eficaces como la quercetina, la bromelina y la c\u00farcuma, nuestro suplemento ofrece un enfoque hol\u00edstico para el manejo de las alergias y el asma. Disfruta de una respiraci\u00f3n m\u00e1s clara, reduce los s\u00edntomas de la alergia y mejora tu bienestar general con el suplemento Alergia y Asma de Natural de Mexico. \u00a1Recupera el control de tu salud respiratoria y disfruta de una vida m\u00e1s libre de s\u00edntomas!<\/p>\n","protected":false},"excerpt":{"rendered":"<p>El suplemento Alergia y Asma de Natural de Mexico es una opci\u00f3n natural para aliviar los s\u00edntomas asociados con las alergias y el asma. Cada frasco contiene 60 capletas de 1 gramo, formuladas con ingredientes cuidadosamente seleccionados para brindar alivio y mejorar la calidad de vida de quienes sufren de estas afecciones. Nuestro suplemento est\u00e1 &hellip; <br \/><a href=\"https:\/\/arikae.com\/index.php\/product\/suplemento-alergia-y-asma-60-caps-apoya-desintoxicacion-pulmonar-allergy-asthma\/\" class=\"more-link\">Continue reading <span class=\"screen-reader-text\">Suplemento Alergia y Asma 60 Capletas 1g. Natural de Mexico<\/span><\/a><\/p>\n","protected":false},"featured_media":7290,"comment_status":"open","ping_status":"closed","template":"","meta":[],"product_cat":[90],"product_tag":[],"_links":{"self":[{"href":"https:\/\/arikae.com\/index.php\/wp-json\/wp\/v2\/product\/7143"}],"collection":[{"href":"https:\/\/arikae.com\/index.php\/wp-json\/wp\/v2\/product"}],"about":[{"href":"https:\/\/arikae.com\/index.php\/wp-json\/wp\/v2\/types\/product"}],"replies":[{"embeddable":true,"href":"https:\/\/arikae.com\/index.php\/wp-json\/wp\/v2\/comments?post=7143"}],"wp:featuredmedia":[{"embeddable":true,"href":"https:\/\/arikae.com\/index.php\/wp-json\/wp\/v2\/media\/7290"}],"wp:attachment":[{"href":"https:\/\/arikae.com\/index.php\/wp-json\/wp\/v2\/media?parent=7143"}],"wp:term":[{"taxonomy":"product_cat","embeddable":true,"href":"https:\/\/arikae.com\/index.php\/wp-json\/wp\/v2\/product_cat?post=7143"},{"taxonomy":"product_tag","embeddable":true,"href":"https:\/\/arikae.com\/index.php\/wp-json\/wp\/v2\/product_tag?post=7143"}],"curies":[{"name":"wp","href":"https:\/\/api.w.org\/{rel}","templated":true}]}}