{"id":7144,"date":"2023-07-07T20:24:04","date_gmt":"2023-07-07T19:24:04","guid":{"rendered":"https:\/\/arikae.com\/?post_type=product&#038;p=7144"},"modified":"2025-06-23T04:55:16","modified_gmt":"2025-06-23T03:55:16","slug":"suplemento-ovario-saludable-reforzado-con-ajo-y-omega-3-6-9","status":"publish","type":"product","link":"https:\/\/arikae.com\/index.php\/product\/suplemento-ovario-saludable-reforzado-con-ajo-y-omega-3-6-9\/","title":{"rendered":"Suplemento Ovario Saludable 90 Capletas 1g. Reforzado con Ajo y Omega 3, 6, 9"},"content":{"rendered":"<h1>Suplemento Ovario Saludable 90 Capletas 1g. Reforzado con Ajo y Omega 3, 6, 9<\/h1>\n<p>Ayuda a reducir la inflamaci\u00f3n local y contrarresta los mismos, alivia los s\u00edntomas ocasionados por los trastornos menstruales. Auxiliar en problemas cervicales-uterinos, preventivo y auxiliar que mejora tu estilo de vida.\u00a0Reforzado con Ajo y omega 369.<\/p>\n<p>Ingredientes<\/p>\n<p>\u2022 Alcachofa<\/p>\n<p>\u2022 Amaranto<\/p>\n<p>\u2022 Toronja<\/p>\n<p>\u2022 Hoja Sen<\/p>\n<p>\u2022 C\u00e1scara sagrada<\/p>\n<p>\u2022 Casta\u00f1o de indias<\/p>\n<p>\u2022 Noni<\/p>\n<p>\u2022 Manzana<\/p>\n<p>Modo de uso<\/p>\n<p>\u2022 Tomar 2 tabletas al d\u00eda despu\u00e9s de cualquier alimento.<\/p>\n<p>Formula herbolaria de M\u00e9xico, mant\u00e9ngase en un lugar fresco y seco, no se deje al alcance de los ni\u00f1os.\u00a0El consumo de este producto es responsabilidad de qui\u00e9n lo recomienda y de qui\u00e9n lo utilice.<\/p>\n","protected":false},"excerpt":{"rendered":"<p>Suplemento Ovario Saludable 90 Capletas 1g. Reforzado con Ajo y Omega 3, 6, 9 Ayuda a reducir la inflamaci\u00f3n local y contrarresta los mismos, alivia los s\u00edntomas ocasionados por los trastornos menstruales. Auxiliar en problemas cervicales-uterinos, preventivo y auxiliar que mejora tu estilo de vida.\u00a0Reforzado con Ajo y omega 369. Ingredientes \u2022 Alcachofa \u2022 Amaranto &hellip; <br \/><a href=\"https:\/\/arikae.com\/index.php\/product\/suplemento-ovario-saludable-reforzado-con-ajo-y-omega-3-6-9\/\" class=\"more-link\">Continue reading <span class=\"screen-reader-text\">Suplemento Ovario Saludable 90 Capletas 1g. Reforzado con Ajo y Omega 3, 6, 9<\/span><\/a><\/p>\n","protected":false},"featured_media":7203,"comment_status":"open","ping_status":"closed","template":"","meta":[],"product_cat":[90],"product_tag":[],"_links":{"self":[{"href":"https:\/\/arikae.com\/index.php\/wp-json\/wp\/v2\/product\/7144"}],"collection":[{"href":"https:\/\/arikae.com\/index.php\/wp-json\/wp\/v2\/product"}],"about":[{"href":"https:\/\/arikae.com\/index.php\/wp-json\/wp\/v2\/types\/product"}],"replies":[{"embeddable":true,"href":"https:\/\/arikae.com\/index.php\/wp-json\/wp\/v2\/comments?post=7144"}],"wp:featuredmedia":[{"embeddable":true,"href":"https:\/\/arikae.com\/index.php\/wp-json\/wp\/v2\/media\/7203"}],"wp:attachment":[{"href":"https:\/\/arikae.com\/index.php\/wp-json\/wp\/v2\/media?parent=7144"}],"wp:term":[{"taxonomy":"product_cat","embeddable":true,"href":"https:\/\/arikae.com\/index.php\/wp-json\/wp\/v2\/product_cat?post=7144"},{"taxonomy":"product_tag","embeddable":true,"href":"https:\/\/arikae.com\/index.php\/wp-json\/wp\/v2\/product_tag?post=7144"}],"curies":[{"name":"wp","href":"https:\/\/api.w.org\/{rel}","templated":true}]}}