{"id":7405,"date":"2023-07-12T08:01:00","date_gmt":"2023-07-12T07:01:00","guid":{"rendered":"https:\/\/arikae.com\/?post_type=product&#038;p=7405"},"modified":"2023-09-25T21:54:10","modified_gmt":"2023-09-25T20:54:10","slug":"cloruro-de-magnesio-suplemento-60-capletas-1g","status":"publish","type":"product","link":"https:\/\/arikae.com\/index.php\/product\/cloruro-de-magnesio-suplemento-60-capletas-1g\/","title":{"rendered":"Cloruro de Magnesio Suplemento 60 Capletas 1g."},"content":{"rendered":"<h1>Cloruro de Magnesio Suplemento 60 Capletas 1g. Natural de Mexico<\/h1>\n<p>Descubre los beneficios del Cloruro de Magnesio, un suplemento natural que te ayudar\u00e1 a mantener un equilibrio mineral \u00f3ptimo en tu cuerpo. Cada frasco contiene 60 capletas de 1 gramo, elaboradas cuidadosamente para brindarte los beneficios del magnesio de origen natural.<\/p>\n<p>El Cloruro de Magnesio es conocido por su papel fundamental en diversas funciones del organismo. Ayuda a mantener la salud de los huesos, los m\u00fasculos y el sistema nervioso. Tambi\u00e9n contribuye a regular el ritmo card\u00edaco y favorece la relajaci\u00f3n muscular.<\/p>\n<p>En Natural de Mexico, nos enorgullece ofrecer productos de alta calidad que provienen de fuentes naturales y est\u00e1n respaldados por la sabidur\u00eda de la naturaleza. Nuestro suplemento de Cloruro de Magnesio es elaborado con ingredientes seleccionados con cuidado, garantizando su pureza y eficacia.<\/p>\n<p>Aseg\u00farate de consultar con un profesional de la salud antes de iniciar cualquier suplemento. Nuestro suplemento no pretende diagnosticar, tratar, curar o prevenir ninguna enfermedad.<\/p>\n<p>Mant\u00e9n un equilibrio mineral \u00f3ptimo y promueve tu bienestar general con nuestro Cloruro de Magnesio. Conf\u00eda en Natural de Mexico para brindarte suplementos naturales de calidad y respaldados por la naturaleza. \u00a1Tu salud es nuestra prioridad!<\/p>\n","protected":false},"excerpt":{"rendered":"<p>Cloruro de Magnesio Suplemento 60 Capletas 1g. Natural de Mexico Descubre los beneficios del Cloruro de Magnesio, un suplemento natural que te ayudar\u00e1 a mantener un equilibrio mineral \u00f3ptimo en tu cuerpo. Cada frasco contiene 60 capletas de 1 gramo, elaboradas cuidadosamente para brindarte los beneficios del magnesio de origen natural. El Cloruro de Magnesio &hellip; <br \/><a href=\"https:\/\/arikae.com\/index.php\/product\/cloruro-de-magnesio-suplemento-60-capletas-1g\/\" class=\"more-link\">Continue reading <span class=\"screen-reader-text\">Cloruro de Magnesio Suplemento 60 Capletas 1g.<\/span><\/a><\/p>\n","protected":false},"featured_media":7406,"comment_status":"open","ping_status":"closed","template":"","meta":[],"product_cat":[90],"product_tag":[],"_links":{"self":[{"href":"https:\/\/arikae.com\/index.php\/wp-json\/wp\/v2\/product\/7405"}],"collection":[{"href":"https:\/\/arikae.com\/index.php\/wp-json\/wp\/v2\/product"}],"about":[{"href":"https:\/\/arikae.com\/index.php\/wp-json\/wp\/v2\/types\/product"}],"replies":[{"embeddable":true,"href":"https:\/\/arikae.com\/index.php\/wp-json\/wp\/v2\/comments?post=7405"}],"wp:featuredmedia":[{"embeddable":true,"href":"https:\/\/arikae.com\/index.php\/wp-json\/wp\/v2\/media\/7406"}],"wp:attachment":[{"href":"https:\/\/arikae.com\/index.php\/wp-json\/wp\/v2\/media?parent=7405"}],"wp:term":[{"taxonomy":"product_cat","embeddable":true,"href":"https:\/\/arikae.com\/index.php\/wp-json\/wp\/v2\/product_cat?post=7405"},{"taxonomy":"product_tag","embeddable":true,"href":"https:\/\/arikae.com\/index.php\/wp-json\/wp\/v2\/product_tag?post=7405"}],"curies":[{"name":"wp","href":"https:\/\/api.w.org\/{rel}","templated":true}]}}