{"id":7413,"date":"2023-10-18T13:12:56","date_gmt":"2023-10-18T12:12:56","guid":{"rendered":"https:\/\/arikae.com\/?post_type=product&#038;p=7413"},"modified":"2023-10-18T13:13:42","modified_gmt":"2023-10-18T12:13:42","slug":"coffe-3-en-1-con-hongo-ganoderma","status":"publish","type":"product","link":"https:\/\/arikae.com\/index.php\/product\/coffe-3-en-1-con-hongo-ganoderma\/","title":{"rendered":"Coffe 3 en 1 con hongo Ganoderma"},"content":{"rendered":"<h1><strong>Caf\u00e9 de Natural de M\u00e9xico con Hongo Ganoderma<\/strong><\/h1>\n<h2>Exclusivo caf\u00e9 instant\u00e1neo, reducido en cafe\u00edna y con el sabor robusto del cl\u00e1sico caf\u00e9 negro, enriquesido con el extracto de Ganoderma, Guaran\u00e1, Cha de Buger, Chaya, Garcinia que es una combinaci\u00f3n rica en antioxidantes<\/h2>\n<p>&nbsp;<\/p>\n","protected":false},"excerpt":{"rendered":"<p>Caf\u00e9 de Natural de M\u00e9xico con Hongo Ganoderma Exclusivo caf\u00e9 instant\u00e1neo, reducido en cafe\u00edna y con el sabor robusto del cl\u00e1sico caf\u00e9 negro, enriquesido con el extracto de Ganoderma, Guaran\u00e1, Cha de Buger, Chaya, Garcinia que es una combinaci\u00f3n rica en antioxidantes &nbsp;<\/p>\n","protected":false},"featured_media":7414,"comment_status":"open","ping_status":"closed","template":"","meta":[],"product_cat":[97],"product_tag":[106,98,103,104,100,105,102,99,101],"_links":{"self":[{"href":"https:\/\/arikae.com\/index.php\/wp-json\/wp\/v2\/product\/7413"}],"collection":[{"href":"https:\/\/arikae.com\/index.php\/wp-json\/wp\/v2\/product"}],"about":[{"href":"https:\/\/arikae.com\/index.php\/wp-json\/wp\/v2\/types\/product"}],"replies":[{"embeddable":true,"href":"https:\/\/arikae.com\/index.php\/wp-json\/wp\/v2\/comments?post=7413"}],"wp:featuredmedia":[{"embeddable":true,"href":"https:\/\/arikae.com\/index.php\/wp-json\/wp\/v2\/media\/7414"}],"wp:attachment":[{"href":"https:\/\/arikae.com\/index.php\/wp-json\/wp\/v2\/media?parent=7413"}],"wp:term":[{"taxonomy":"product_cat","embeddable":true,"href":"https:\/\/arikae.com\/index.php\/wp-json\/wp\/v2\/product_cat?post=7413"},{"taxonomy":"product_tag","embeddable":true,"href":"https:\/\/arikae.com\/index.php\/wp-json\/wp\/v2\/product_tag?post=7413"}],"curies":[{"name":"wp","href":"https:\/\/api.w.org\/{rel}","templated":true}]}}