{"id":7423,"date":"2023-10-18T13:40:32","date_gmt":"2023-10-18T12:40:32","guid":{"rendered":"https:\/\/arikae.com\/?post_type=product&#038;p=7423"},"modified":"2025-04-08T19:03:24","modified_gmt":"2025-04-08T18:03:24","slug":"clorofila-capsulas","status":"publish","type":"product","link":"https:\/\/arikae.com\/index.php\/product\/clorofila-capsulas\/","title":{"rendered":"Clorofila &#8211; capsulas"},"content":{"rendered":"<h1><strong>Clorofila<\/strong><\/h1>\n<h2>Ayuda a mejorar la digesti\u00f3n, refuerza el sistema inmunol\u00f3gico, aumenta la energ\u00eda y promueve la eliminaci\u00f3n de toxinas.<\/h2>\n","protected":false},"excerpt":{"rendered":"<p>Clorofila Ayuda a mejorar la digesti\u00f3n, refuerza el sistema inmunol\u00f3gico, aumenta la energ\u00eda y promueve la eliminaci\u00f3n de toxinas.<\/p>\n","protected":false},"featured_media":7424,"comment_status":"open","ping_status":"closed","template":"","meta":[],"product_cat":[108],"product_tag":[112,109,110,113,111],"_links":{"self":[{"href":"https:\/\/arikae.com\/index.php\/wp-json\/wp\/v2\/product\/7423"}],"collection":[{"href":"https:\/\/arikae.com\/index.php\/wp-json\/wp\/v2\/product"}],"about":[{"href":"https:\/\/arikae.com\/index.php\/wp-json\/wp\/v2\/types\/product"}],"replies":[{"embeddable":true,"href":"https:\/\/arikae.com\/index.php\/wp-json\/wp\/v2\/comments?post=7423"}],"wp:featuredmedia":[{"embeddable":true,"href":"https:\/\/arikae.com\/index.php\/wp-json\/wp\/v2\/media\/7424"}],"wp:attachment":[{"href":"https:\/\/arikae.com\/index.php\/wp-json\/wp\/v2\/media?parent=7423"}],"wp:term":[{"taxonomy":"product_cat","embeddable":true,"href":"https:\/\/arikae.com\/index.php\/wp-json\/wp\/v2\/product_cat?post=7423"},{"taxonomy":"product_tag","embeddable":true,"href":"https:\/\/arikae.com\/index.php\/wp-json\/wp\/v2\/product_tag?post=7423"}],"curies":[{"name":"wp","href":"https:\/\/api.w.org\/{rel}","templated":true}]}}