{"id":7436,"date":"2023-10-18T14:51:50","date_gmt":"2023-10-18T13:51:50","guid":{"rendered":"https:\/\/arikae.com\/?post_type=product&#038;p=7436"},"modified":"2023-10-18T14:51:50","modified_gmt":"2023-10-18T13:51:50","slug":"noni-una-de-gato-guanabana-y-moringa-capsulas","status":"publish","type":"product","link":"https:\/\/arikae.com\/index.php\/product\/noni-una-de-gato-guanabana-y-moringa-capsulas\/","title":{"rendered":"Noni, U\u00f1a de gato, Guan\u00e1bana y Moringa &#8211; Capsulas"},"content":{"rendered":"<h1><strong>Noni, U\u00f1a de gato, Guan\u00e1bana y Moringa<\/strong><\/h1>\n<h2>Ayuda a tratar afecciones como el dolor, la inflamaci\u00f3n, la hipertensi\u00f3n, el sistema inmunol\u00f3gico y la salud del cerebro.<\/h2>\n","protected":false},"excerpt":{"rendered":"<p>Noni, U\u00f1a de gato, Guan\u00e1bana y Moringa Ayuda a tratar afecciones como el dolor, la inflamaci\u00f3n, la hipertensi\u00f3n, el sistema inmunol\u00f3gico y la salud del cerebro.<\/p>\n","protected":false},"featured_media":7438,"comment_status":"open","ping_status":"closed","template":"","meta":[],"product_cat":[108],"product_tag":[128,127,126,123,125,124],"_links":{"self":[{"href":"https:\/\/arikae.com\/index.php\/wp-json\/wp\/v2\/product\/7436"}],"collection":[{"href":"https:\/\/arikae.com\/index.php\/wp-json\/wp\/v2\/product"}],"about":[{"href":"https:\/\/arikae.com\/index.php\/wp-json\/wp\/v2\/types\/product"}],"replies":[{"embeddable":true,"href":"https:\/\/arikae.com\/index.php\/wp-json\/wp\/v2\/comments?post=7436"}],"wp:featuredmedia":[{"embeddable":true,"href":"https:\/\/arikae.com\/index.php\/wp-json\/wp\/v2\/media\/7438"}],"wp:attachment":[{"href":"https:\/\/arikae.com\/index.php\/wp-json\/wp\/v2\/media?parent=7436"}],"wp:term":[{"taxonomy":"product_cat","embeddable":true,"href":"https:\/\/arikae.com\/index.php\/wp-json\/wp\/v2\/product_cat?post=7436"},{"taxonomy":"product_tag","embeddable":true,"href":"https:\/\/arikae.com\/index.php\/wp-json\/wp\/v2\/product_tag?post=7436"}],"curies":[{"name":"wp","href":"https:\/\/api.w.org\/{rel}","templated":true}]}}