{"id":7455,"date":"2023-10-18T15:24:35","date_gmt":"2023-10-18T14:24:35","guid":{"rendered":"https:\/\/arikae.com\/?post_type=product&#038;p=7455"},"modified":"2023-10-18T15:24:35","modified_gmt":"2023-10-18T14:24:35","slug":"garanona-damiana-maca-y-b17-capsulas","status":"publish","type":"product","link":"https:\/\/arikae.com\/index.php\/product\/garanona-damiana-maca-y-b17-capsulas\/","title":{"rendered":"Gara\u00f1ona, Damiana, Maca y B17 &#8211; Capsulas"},"content":{"rendered":"<h2><strong>Gara\u00f1ona, Damiana, Maca y B17<\/strong><\/p>\n<p>Ayuda a aportar la potencia extra que necesitas, es una fuente natural de energ\u00eda f\u00edsica y sexual para hombres y mujeres.<\/h2>\n","protected":false},"excerpt":{"rendered":"<p>Gara\u00f1ona, Damiana, Maca y B17 Ayuda a aportar la potencia extra que necesitas, es una fuente natural de energ\u00eda f\u00edsica y sexual para hombres y mujeres.<\/p>\n","protected":false},"featured_media":7456,"comment_status":"open","ping_status":"closed","template":"","meta":[],"product_cat":[108],"product_tag":[160,158,161,162,157,164,159,165,163],"_links":{"self":[{"href":"https:\/\/arikae.com\/index.php\/wp-json\/wp\/v2\/product\/7455"}],"collection":[{"href":"https:\/\/arikae.com\/index.php\/wp-json\/wp\/v2\/product"}],"about":[{"href":"https:\/\/arikae.com\/index.php\/wp-json\/wp\/v2\/types\/product"}],"replies":[{"embeddable":true,"href":"https:\/\/arikae.com\/index.php\/wp-json\/wp\/v2\/comments?post=7455"}],"wp:featuredmedia":[{"embeddable":true,"href":"https:\/\/arikae.com\/index.php\/wp-json\/wp\/v2\/media\/7456"}],"wp:attachment":[{"href":"https:\/\/arikae.com\/index.php\/wp-json\/wp\/v2\/media?parent=7455"}],"wp:term":[{"taxonomy":"product_cat","embeddable":true,"href":"https:\/\/arikae.com\/index.php\/wp-json\/wp\/v2\/product_cat?post=7455"},{"taxonomy":"product_tag","embeddable":true,"href":"https:\/\/arikae.com\/index.php\/wp-json\/wp\/v2\/product_tag?post=7455"}],"curies":[{"name":"wp","href":"https:\/\/api.w.org\/{rel}","templated":true}]}}