{"id":7463,"date":"2023-10-18T16:39:40","date_gmt":"2023-10-18T15:39:40","guid":{"rendered":"https:\/\/arikae.com\/?post_type=product&#038;p=7463"},"modified":"2023-10-18T16:39:40","modified_gmt":"2023-10-18T15:39:40","slug":"castano-de-indias-capsulas","status":"publish","type":"product","link":"https:\/\/arikae.com\/index.php\/product\/castano-de-indias-capsulas\/","title":{"rendered":"Casta\u00f1o de Indias &#8211; Capsulas"},"content":{"rendered":"<h1><strong>Casta\u00f1o de Indias.<\/strong><\/h1>\n<h2>\nAyuda a aliviar la hinchaz\u00f3n, especialmente en las piernas, mejora la circulaci\u00f3n, sangu\u00ednea, ayuda a tratar la varices.<\/h2>\n","protected":false},"excerpt":{"rendered":"<p>Casta\u00f1o de Indias. Ayuda a aliviar la hinchaz\u00f3n, especialmente en las piernas, mejora la circulaci\u00f3n, sangu\u00ednea, ayuda a tratar la varices.<\/p>\n","protected":false},"featured_media":7466,"comment_status":"open","ping_status":"closed","template":"","meta":[],"product_cat":[108],"product_tag":[178,173,176,174,179,175,177],"_links":{"self":[{"href":"https:\/\/arikae.com\/index.php\/wp-json\/wp\/v2\/product\/7463"}],"collection":[{"href":"https:\/\/arikae.com\/index.php\/wp-json\/wp\/v2\/product"}],"about":[{"href":"https:\/\/arikae.com\/index.php\/wp-json\/wp\/v2\/types\/product"}],"replies":[{"embeddable":true,"href":"https:\/\/arikae.com\/index.php\/wp-json\/wp\/v2\/comments?post=7463"}],"wp:featuredmedia":[{"embeddable":true,"href":"https:\/\/arikae.com\/index.php\/wp-json\/wp\/v2\/media\/7466"}],"wp:attachment":[{"href":"https:\/\/arikae.com\/index.php\/wp-json\/wp\/v2\/media?parent=7463"}],"wp:term":[{"taxonomy":"product_cat","embeddable":true,"href":"https:\/\/arikae.com\/index.php\/wp-json\/wp\/v2\/product_cat?post=7463"},{"taxonomy":"product_tag","embeddable":true,"href":"https:\/\/arikae.com\/index.php\/wp-json\/wp\/v2\/product_tag?post=7463"}],"curies":[{"name":"wp","href":"https:\/\/api.w.org\/{rel}","templated":true}]}}