{"id":7475,"date":"2023-10-18T17:24:29","date_gmt":"2023-10-18T16:24:29","guid":{"rendered":"https:\/\/arikae.com\/?post_type=product&#038;p=7475"},"modified":"2023-10-18T17:24:49","modified_gmt":"2023-10-18T16:24:49","slug":"ortiga-capsulas","status":"publish","type":"product","link":"https:\/\/arikae.com\/index.php\/product\/ortiga-capsulas\/","title":{"rendered":"Ortiga &#8211; Capsulas"},"content":{"rendered":"<h1><strong>Ortiga<\/strong><\/h1>\n<h2>Se ha utilizado para tratar el reumatismo y la artritis, as\u00ed como para promover la circulaci\u00f3n sangu\u00ednea.<\/h2>\n","protected":false},"excerpt":{"rendered":"<p>Ortiga Se ha utilizado para tratar el reumatismo y la artritis, as\u00ed como para promover la circulaci\u00f3n sangu\u00ednea.<\/p>\n","protected":false},"featured_media":7477,"comment_status":"open","ping_status":"closed","template":"","meta":[],"product_cat":[108],"product_tag":[185,186,184,145],"_links":{"self":[{"href":"https:\/\/arikae.com\/index.php\/wp-json\/wp\/v2\/product\/7475"}],"collection":[{"href":"https:\/\/arikae.com\/index.php\/wp-json\/wp\/v2\/product"}],"about":[{"href":"https:\/\/arikae.com\/index.php\/wp-json\/wp\/v2\/types\/product"}],"replies":[{"embeddable":true,"href":"https:\/\/arikae.com\/index.php\/wp-json\/wp\/v2\/comments?post=7475"}],"wp:featuredmedia":[{"embeddable":true,"href":"https:\/\/arikae.com\/index.php\/wp-json\/wp\/v2\/media\/7477"}],"wp:attachment":[{"href":"https:\/\/arikae.com\/index.php\/wp-json\/wp\/v2\/media?parent=7475"}],"wp:term":[{"taxonomy":"product_cat","embeddable":true,"href":"https:\/\/arikae.com\/index.php\/wp-json\/wp\/v2\/product_cat?post=7475"},{"taxonomy":"product_tag","embeddable":true,"href":"https:\/\/arikae.com\/index.php\/wp-json\/wp\/v2\/product_tag?post=7475"}],"curies":[{"name":"wp","href":"https:\/\/api.w.org\/{rel}","templated":true}]}}