{"id":7487,"date":"2023-10-18T17:50:41","date_gmt":"2023-10-18T16:50:41","guid":{"rendered":"https:\/\/arikae.com\/?post_type=product&#038;p=7487"},"modified":"2023-10-18T17:50:41","modified_gmt":"2023-10-18T16:50:41","slug":"diente-de-leon-capsulas","status":"publish","type":"product","link":"https:\/\/arikae.com\/index.php\/product\/diente-de-leon-capsulas\/","title":{"rendered":"Diente de Le\u00f3n &#8211; Capsulas"},"content":{"rendered":"<h1><strong>Diente de Le\u00f3n<\/strong><\/h1>\n<h2>Para una variedad de afecciones, incluyendo la inflamaci\u00f3n, el dolor, la hinchaz\u00f3n, problemas digestivos, indigesti\u00f3n y la acidez estomacal.<\/h2>\n","protected":false},"excerpt":{"rendered":"<p>Diente de Le\u00f3n Para una variedad de afecciones, incluyendo la inflamaci\u00f3n, el dolor, la hinchaz\u00f3n, problemas digestivos, indigesti\u00f3n y la acidez estomacal.<\/p>\n","protected":false},"featured_media":7489,"comment_status":"open","ping_status":"closed","template":"","meta":[],"product_cat":[108],"product_tag":[199,196,144,174,198,126,197],"_links":{"self":[{"href":"https:\/\/arikae.com\/index.php\/wp-json\/wp\/v2\/product\/7487"}],"collection":[{"href":"https:\/\/arikae.com\/index.php\/wp-json\/wp\/v2\/product"}],"about":[{"href":"https:\/\/arikae.com\/index.php\/wp-json\/wp\/v2\/types\/product"}],"replies":[{"embeddable":true,"href":"https:\/\/arikae.com\/index.php\/wp-json\/wp\/v2\/comments?post=7487"}],"wp:featuredmedia":[{"embeddable":true,"href":"https:\/\/arikae.com\/index.php\/wp-json\/wp\/v2\/media\/7489"}],"wp:attachment":[{"href":"https:\/\/arikae.com\/index.php\/wp-json\/wp\/v2\/media?parent=7487"}],"wp:term":[{"taxonomy":"product_cat","embeddable":true,"href":"https:\/\/arikae.com\/index.php\/wp-json\/wp\/v2\/product_cat?post=7487"},{"taxonomy":"product_tag","embeddable":true,"href":"https:\/\/arikae.com\/index.php\/wp-json\/wp\/v2\/product_tag?post=7487"}],"curies":[{"name":"wp","href":"https:\/\/api.w.org\/{rel}","templated":true}]}}