{"id":7491,"date":"2023-10-18T18:01:51","date_gmt":"2023-10-18T17:01:51","guid":{"rendered":"https:\/\/arikae.com\/?post_type=product&#038;p=7491"},"modified":"2025-06-23T04:23:37","modified_gmt":"2025-06-23T03:23:37","slug":"damiana-de-california-capsulas","status":"publish","type":"product","link":"https:\/\/arikae.com\/index.php\/product\/damiana-de-california-capsulas\/","title":{"rendered":"Damiana de California &#8211; Capsulas"},"content":{"rendered":"<h1><strong>Damiana de California<\/strong><\/h1>\n<h2>Para mejorar la memoria y la concentraci\u00f3n y como afrodis\u00edaco sexual natural, combate la fatiga, el estr\u00e9s y la ansiedad.<\/h2>\n","protected":false},"excerpt":{"rendered":"<p>Damiana de California Para mejorar la memoria y la concentraci\u00f3n y como afrodis\u00edaco sexual natural, combate la fatiga, el estr\u00e9s y la ansiedad.<\/p>\n","protected":false},"featured_media":7492,"comment_status":"open","ping_status":"closed","template":"","meta":[],"product_cat":[108],"product_tag":[201,193,189,200,138,203,188,202,163],"_links":{"self":[{"href":"https:\/\/arikae.com\/index.php\/wp-json\/wp\/v2\/product\/7491"}],"collection":[{"href":"https:\/\/arikae.com\/index.php\/wp-json\/wp\/v2\/product"}],"about":[{"href":"https:\/\/arikae.com\/index.php\/wp-json\/wp\/v2\/types\/product"}],"replies":[{"embeddable":true,"href":"https:\/\/arikae.com\/index.php\/wp-json\/wp\/v2\/comments?post=7491"}],"wp:featuredmedia":[{"embeddable":true,"href":"https:\/\/arikae.com\/index.php\/wp-json\/wp\/v2\/media\/7492"}],"wp:attachment":[{"href":"https:\/\/arikae.com\/index.php\/wp-json\/wp\/v2\/media?parent=7491"}],"wp:term":[{"taxonomy":"product_cat","embeddable":true,"href":"https:\/\/arikae.com\/index.php\/wp-json\/wp\/v2\/product_cat?post=7491"},{"taxonomy":"product_tag","embeddable":true,"href":"https:\/\/arikae.com\/index.php\/wp-json\/wp\/v2\/product_tag?post=7491"}],"curies":[{"name":"wp","href":"https:\/\/api.w.org\/{rel}","templated":true}]}}