{"id":7495,"date":"2023-10-18T18:19:56","date_gmt":"2023-10-18T17:19:56","guid":{"rendered":"https:\/\/arikae.com\/?post_type=product&#038;p=7495"},"modified":"2023-10-18T18:19:56","modified_gmt":"2023-10-18T17:19:56","slug":"nopal-capsulas","status":"publish","type":"product","link":"https:\/\/arikae.com\/index.php\/product\/nopal-capsulas\/","title":{"rendered":"Nopal &#8211; Capsulas"},"content":{"rendered":"<h1><strong>Nopal<\/strong><\/h1>\n<h2>El extracto de nopal es \u00fatil para mejorar la digesti\u00f3n y para regular el az\u00facar en la sangre.<\/h2>\n","protected":false},"excerpt":{"rendered":"<p>Nopal El extracto de nopal es \u00fatil para mejorar la digesti\u00f3n y para regular el az\u00facar en la sangre.<\/p>\n","protected":false},"featured_media":7496,"comment_status":"open","ping_status":"closed","template":"","meta":[],"product_cat":[108],"product_tag":[180,122,110,153],"_links":{"self":[{"href":"https:\/\/arikae.com\/index.php\/wp-json\/wp\/v2\/product\/7495"}],"collection":[{"href":"https:\/\/arikae.com\/index.php\/wp-json\/wp\/v2\/product"}],"about":[{"href":"https:\/\/arikae.com\/index.php\/wp-json\/wp\/v2\/types\/product"}],"replies":[{"embeddable":true,"href":"https:\/\/arikae.com\/index.php\/wp-json\/wp\/v2\/comments?post=7495"}],"wp:featuredmedia":[{"embeddable":true,"href":"https:\/\/arikae.com\/index.php\/wp-json\/wp\/v2\/media\/7496"}],"wp:attachment":[{"href":"https:\/\/arikae.com\/index.php\/wp-json\/wp\/v2\/media?parent=7495"}],"wp:term":[{"taxonomy":"product_cat","embeddable":true,"href":"https:\/\/arikae.com\/index.php\/wp-json\/wp\/v2\/product_cat?post=7495"},{"taxonomy":"product_tag","embeddable":true,"href":"https:\/\/arikae.com\/index.php\/wp-json\/wp\/v2\/product_tag?post=7495"}],"curies":[{"name":"wp","href":"https:\/\/api.w.org\/{rel}","templated":true}]}}