{"id":7501,"date":"2023-10-18T18:27:32","date_gmt":"2023-10-18T17:27:32","guid":{"rendered":"https:\/\/arikae.com\/?post_type=product&#038;p=7501"},"modified":"2023-10-18T18:27:32","modified_gmt":"2023-10-18T17:27:32","slug":"carbon-vegetal-capsulas","status":"publish","type":"product","link":"https:\/\/arikae.com\/index.php\/product\/carbon-vegetal-capsulas\/","title":{"rendered":"Carb\u00f3n Vegetal &#8211; Capsulas"},"content":{"rendered":"<h1><strong>Carb\u00f3n Vegetal<\/strong><\/h1>\n<h2>Act\u00faa c\u00f3mo absorbente y puede ayudar a eliminar las sustancias t\u00f3xicas y las impurezas del cuerpo.<br \/>\nMejora el sistema digestivo.<\/h2>\n","protected":false},"excerpt":{"rendered":"<p>Carb\u00f3n Vegetal Act\u00faa c\u00f3mo absorbente y puede ayudar a eliminar las sustancias t\u00f3xicas y las impurezas del cuerpo. Mejora el sistema digestivo.<\/p>\n","protected":false},"featured_media":7502,"comment_status":"open","ping_status":"closed","template":"","meta":[],"product_cat":[108],"product_tag":[204,110,198,205],"_links":{"self":[{"href":"https:\/\/arikae.com\/index.php\/wp-json\/wp\/v2\/product\/7501"}],"collection":[{"href":"https:\/\/arikae.com\/index.php\/wp-json\/wp\/v2\/product"}],"about":[{"href":"https:\/\/arikae.com\/index.php\/wp-json\/wp\/v2\/types\/product"}],"replies":[{"embeddable":true,"href":"https:\/\/arikae.com\/index.php\/wp-json\/wp\/v2\/comments?post=7501"}],"wp:featuredmedia":[{"embeddable":true,"href":"https:\/\/arikae.com\/index.php\/wp-json\/wp\/v2\/media\/7502"}],"wp:attachment":[{"href":"https:\/\/arikae.com\/index.php\/wp-json\/wp\/v2\/media?parent=7501"}],"wp:term":[{"taxonomy":"product_cat","embeddable":true,"href":"https:\/\/arikae.com\/index.php\/wp-json\/wp\/v2\/product_cat?post=7501"},{"taxonomy":"product_tag","embeddable":true,"href":"https:\/\/arikae.com\/index.php\/wp-json\/wp\/v2\/product_tag?post=7501"}],"curies":[{"name":"wp","href":"https:\/\/api.w.org\/{rel}","templated":true}]}}